{"id":1004,"date":"2024-10-08T16:19:17","date_gmt":"2024-10-08T14:19:17","guid":{"rendered":"https:\/\/pension-waldwinkel.eseom.de\/allgemeine-stornierungsbedingungen\/"},"modified":"2024-10-14T11:49:21","modified_gmt":"2024-10-14T09:49:21","slug":"conditions-generales-dannulation","status":"publish","type":"page","link":"https:\/\/pension-waldwinkel.de\/fr\/conditions-generales-dannulation\/","title":{"rendered":"Conditions g\u00e9n\u00e9rales d&rsquo;annulation"},"content":{"rendered":"<div class=\"wpb-content-wrapper\"><p>[vc_row css=\u00a0\u00bb.vc_custom_1705409227237{margin-top: 25px !important;}\u00a0\u00bb][vc_column][vc_custom_heading text=\u00a0\u00bbConditions g\u00e9n\u00e9rales d&rsquo;annulation\u00a0\u00bb font_container=\u00a0\u00bbtag:h1|text_align:left\u00a0\u00bb use_theme_fonts=\u00a0\u00bbyes\u00a0\u00bb][vc_column_text css=\u00a0\u00bb.vc_custom_1728899359520{margin-top: 25px !important;}\u00a0\u00bb]Apr\u00e8s confirmation de la r\u00e9servation de la chambre, nous tenons \u00e0 votre disposition une chambre dans la cat\u00e9gorie souhait\u00e9e, comme convenu.<\/p>\n<p>Les modifications ou annulations entra\u00eenent des pertes que nous ne pouvons pas assumer seuls.<\/p>\n<p>Les annulations de r\u00e9servations de chambres ne sont valables que si elles nous parviennent <strong>par \u00e9crit<\/strong>. Jusqu&rsquo;\u00e0 <strong>quatre semaines<\/strong> avant l&rsquo;arriv\u00e9e, l&rsquo;annulation est gratuite. Pour <strong>No\u00ebl<\/strong> et <strong>le Nouvel An<\/strong>, cette p\u00e9riode est prolong\u00e9e \u00e0 6 semaines avant l&rsquo;arriv\u00e9e. <strong>De plus, pour les r\u00e9servations pendant No\u00ebl et le Nouvel An, un acompte de 50 % du prix total est requis<\/strong>. En cas d&rsquo;annulation tardive, nous facturons 80 % du prix du logement pour l&rsquo;ensemble du s\u00e9jour. En cas de non-pr\u00e9sentation sans fourniture d&rsquo;une annulation \u00e9crite, ou en cas d&rsquo;interruption de voyage, 100 % du prix du logement confirm\u00e9 seront factur\u00e9s.<br \/>\n[\/vc_column_text][\/vc_column][\/vc_row]<\/p>\n<\/div>","protected":false},"excerpt":{"rendered":"<p>[vc_row css=\u00a0\u00bb.vc_custom_1705409227237{margin-top: 25px !important;}\u00a0\u00bb][vc_column][vc_custom_heading text=\u00a0\u00bbConditions g\u00e9n\u00e9rales d&rsquo;annulation\u00a0\u00bb font_container=\u00a0\u00bbtag:h1|text_align:left\u00a0\u00bb use_theme_fonts=\u00a0\u00bbyes\u00a0\u00bb][vc_column_text css=\u00a0\u00bb.vc_custom_1728899359520{margin-top: 25px !important;}\u00a0\u00bb]Apr\u00e8s confirmation de la r\u00e9servation de la chambre, nous tenons \u00e0 votre disposition une chambre dans la cat\u00e9gorie souhait\u00e9e, comme convenu. Les modifications ou [&hellip;]<\/p>\n","protected":false},"author":1,"featured_media":0,"parent":0,"menu_order":0,"comment_status":"closed","ping_status":"closed","template":"","meta":{"footnotes":""},"class_list":["post-1004","page","type-page","status-publish","hentry"],"yoast_head":"<title>Conditions g\u00e9n\u00e9rales d&#039;annulation - Pension Waldwinkel<\/title>\n<meta name=\"robots\" content=\"noindex, nofollow\" \/>\n<meta property=\"og:locale\" content=\"fr_FR\" \/>\n<meta property=\"og:type\" content=\"article\" \/>\n<meta property=\"og:title\" content=\"Conditions g\u00e9n\u00e9rales d&#039;annulation - Pension Waldwinkel\" \/>\n<meta property=\"og:description\" content=\"[vc_row css=\u00a0\u00bb.vc_custom_1705409227237{margin-top: 25px !important;}\u00a0\u00bb][vc_column][vc_custom_heading text=\u00a0\u00bbConditions g\u00e9n\u00e9rales d&rsquo;annulation\u00a0\u00bb font_container=\u00a0\u00bbtag:h1|text_align:left\u00a0\u00bb use_theme_fonts=\u00a0\u00bbyes\u00a0\u00bb][vc_column_text css=\u00a0\u00bb.vc_custom_1728899359520{margin-top: 25px !important;}\u00a0\u00bb]Apr\u00e8s confirmation de la r\u00e9servation de la chambre, nous tenons \u00e0 votre disposition une chambre dans la cat\u00e9gorie souhait\u00e9e, comme convenu. Les modifications ou [&hellip;]\" \/>\n<meta property=\"og:url\" content=\"https:\/\/pension-waldwinkel.de\/fr\/conditions-generales-dannulation\/\" \/>\n<meta property=\"og:site_name\" content=\"Pension Waldwinkel\" \/>\n<meta property=\"article:modified_time\" content=\"2024-10-14T09:49:21+00:00\" \/>\n<meta name=\"twitter:card\" content=\"summary_large_image\" \/>\n<meta name=\"twitter:label1\" content=\"Dur\u00e9e de lecture estim\u00e9e\" \/>\n\t<meta name=\"twitter:data1\" content=\"1 minute\" \/>\n<script type=\"application\/ld+json\" class=\"yoast-schema-graph\">{\"@context\":\"https:\/\/schema.org\",\"@graph\":[{\"@type\":\"WebPage\",\"@id\":\"https:\/\/pension-waldwinkel.de\/fr\/conditions-generales-dannulation\/\",\"url\":\"https:\/\/pension-waldwinkel.de\/fr\/conditions-generales-dannulation\/\",\"name\":\"Conditions g\u00e9n\u00e9rales d'annulation - Pension Waldwinkel\",\"isPartOf\":{\"@id\":\"https:\/\/pension-waldwinkel.de\/fr\/#website\"},\"datePublished\":\"2024-10-08T14:19:17+00:00\",\"dateModified\":\"2024-10-14T09:49:21+00:00\",\"breadcrumb\":{\"@id\":\"https:\/\/pension-waldwinkel.de\/fr\/conditions-generales-dannulation\/#breadcrumb\"},\"inLanguage\":\"fr-FR\",\"potentialAction\":[{\"@type\":\"ReadAction\",\"target\":[\"https:\/\/pension-waldwinkel.de\/fr\/conditions-generales-dannulation\/\"]}]},{\"@type\":\"BreadcrumbList\",\"@id\":\"https:\/\/pension-waldwinkel.de\/fr\/conditions-generales-dannulation\/#breadcrumb\",\"itemListElement\":[{\"@type\":\"ListItem\",\"position\":1,\"name\":\"Startseite\",\"item\":\"https:\/\/pension-waldwinkel.de\/fr\/\"},{\"@type\":\"ListItem\",\"position\":2,\"name\":\"Conditions g\u00e9n\u00e9rales d&#8217;annulation\"}]},{\"@type\":\"WebSite\",\"@id\":\"https:\/\/pension-waldwinkel.de\/fr\/#website\",\"url\":\"https:\/\/pension-waldwinkel.de\/fr\/\",\"name\":\"Pension Waldwinkel\",\"description\":\"Lenzkirch im Hochschwarzwald\",\"potentialAction\":[{\"@type\":\"SearchAction\",\"target\":{\"@type\":\"EntryPoint\",\"urlTemplate\":\"https:\/\/pension-waldwinkel.de\/fr\/?s={search_term_string}\"},\"query-input\":{\"@type\":\"PropertyValueSpecification\",\"valueRequired\":true,\"valueName\":\"search_term_string\"}}],\"inLanguage\":\"fr-FR\"}]}<\/script>","yoast_head_json":{"title":"Conditions g\u00e9n\u00e9rales d'annulation - Pension Waldwinkel","robots":{"index":"noindex","follow":"nofollow"},"og_locale":"fr_FR","og_type":"article","og_title":"Conditions g\u00e9n\u00e9rales d'annulation - Pension Waldwinkel","og_description":"[vc_row css=\u00a0\u00bb.vc_custom_1705409227237{margin-top: 25px !important;}\u00a0\u00bb][vc_column][vc_custom_heading text=\u00a0\u00bbConditions g\u00e9n\u00e9rales d&rsquo;annulation\u00a0\u00bb font_container=\u00a0\u00bbtag:h1|text_align:left\u00a0\u00bb use_theme_fonts=\u00a0\u00bbyes\u00a0\u00bb][vc_column_text css=\u00a0\u00bb.vc_custom_1728899359520{margin-top: 25px !important;}\u00a0\u00bb]Apr\u00e8s confirmation de la r\u00e9servation de la chambre, nous tenons \u00e0 votre disposition une chambre dans la cat\u00e9gorie souhait\u00e9e, comme convenu. Les modifications ou [&hellip;]","og_url":"https:\/\/pension-waldwinkel.de\/fr\/conditions-generales-dannulation\/","og_site_name":"Pension Waldwinkel","article_modified_time":"2024-10-14T09:49:21+00:00","twitter_card":"summary_large_image","twitter_misc":{"Dur\u00e9e de lecture estim\u00e9e":"1 minute"},"schema":{"@context":"https:\/\/schema.org","@graph":[{"@type":"WebPage","@id":"https:\/\/pension-waldwinkel.de\/fr\/conditions-generales-dannulation\/","url":"https:\/\/pension-waldwinkel.de\/fr\/conditions-generales-dannulation\/","name":"Conditions g\u00e9n\u00e9rales d'annulation - Pension Waldwinkel","isPartOf":{"@id":"https:\/\/pension-waldwinkel.de\/fr\/#website"},"datePublished":"2024-10-08T14:19:17+00:00","dateModified":"2024-10-14T09:49:21+00:00","breadcrumb":{"@id":"https:\/\/pension-waldwinkel.de\/fr\/conditions-generales-dannulation\/#breadcrumb"},"inLanguage":"fr-FR","potentialAction":[{"@type":"ReadAction","target":["https:\/\/pension-waldwinkel.de\/fr\/conditions-generales-dannulation\/"]}]},{"@type":"BreadcrumbList","@id":"https:\/\/pension-waldwinkel.de\/fr\/conditions-generales-dannulation\/#breadcrumb","itemListElement":[{"@type":"ListItem","position":1,"name":"Startseite","item":"https:\/\/pension-waldwinkel.de\/fr\/"},{"@type":"ListItem","position":2,"name":"Conditions g\u00e9n\u00e9rales d&#8217;annulation"}]},{"@type":"WebSite","@id":"https:\/\/pension-waldwinkel.de\/fr\/#website","url":"https:\/\/pension-waldwinkel.de\/fr\/","name":"Pension Waldwinkel","description":"Lenzkirch im Hochschwarzwald","potentialAction":[{"@type":"SearchAction","target":{"@type":"EntryPoint","urlTemplate":"https:\/\/pension-waldwinkel.de\/fr\/?s={search_term_string}"},"query-input":{"@type":"PropertyValueSpecification","valueRequired":true,"valueName":"search_term_string"}}],"inLanguage":"fr-FR"}]}},"_links":{"self":[{"href":"https:\/\/pension-waldwinkel.de\/fr\/wp-json\/wp\/v2\/pages\/1004"}],"collection":[{"href":"https:\/\/pension-waldwinkel.de\/fr\/wp-json\/wp\/v2\/pages"}],"about":[{"href":"https:\/\/pension-waldwinkel.de\/fr\/wp-json\/wp\/v2\/types\/page"}],"author":[{"embeddable":true,"href":"https:\/\/pension-waldwinkel.de\/fr\/wp-json\/wp\/v2\/users\/1"}],"replies":[{"embeddable":true,"href":"https:\/\/pension-waldwinkel.de\/fr\/wp-json\/wp\/v2\/comments?post=1004"}],"version-history":[{"count":1,"href":"https:\/\/pension-waldwinkel.de\/fr\/wp-json\/wp\/v2\/pages\/1004\/revisions"}],"predecessor-version":[{"id":1005,"href":"https:\/\/pension-waldwinkel.de\/fr\/wp-json\/wp\/v2\/pages\/1004\/revisions\/1005"}],"wp:attachment":[{"href":"https:\/\/pension-waldwinkel.de\/fr\/wp-json\/wp\/v2\/media?parent=1004"}],"curies":[{"name":"wp","href":"https:\/\/api.w.org\/{rel}","templated":true}]}}