{"id":1007,"date":"2024-10-08T13:31:56","date_gmt":"2024-10-08T11:31:56","guid":{"rendered":"https:\/\/pension-waldwinkel.eseom.de\/loisirs\/fahrradfahren\/"},"modified":"2024-10-14T12:26:17","modified_gmt":"2024-10-14T10:26:17","slug":"cyclisme","status":"publish","type":"page","link":"https:\/\/pension-waldwinkel.de\/fr\/loisirs\/cyclisme\/","title":{"rendered":"Cyclisme"},"content":{"rendered":"<div class=\"wpb-content-wrapper\"><p>[vc_row css=\u00a0\u00bb.vc_custom_1706084603508{margin-top: 50px !important;}\u00a0\u00bb][vc_column][vc_column_text]<\/p>\n<h1 class=\"text-center fw-normal\"><span class=\"fw-bold\">Cyclisme &#8211; <\/span> D\u00e9couvrez la For\u00eat Noire \u00e0 deux roues<\/h1>\n<p>[\/vc_column_text][vc_single_image image=\u00a0\u00bb675&Prime; img_size=\u00a0\u00bbfull\u00a0\u00bb alignment=\u00a0\u00bbcenter\u00a0\u00bb][vc_column_text css=\u00a0\u00bb.vc_custom_1728899430977{margin-top: 20px !important;}\u00a0\u00bb]La For\u00eat Noire offre le cadre parfait pour des <strong>vacances \u00e0 v\u00e9lo inoubliables<\/strong>. Directement depuis notre pension, vous acc\u00e9dez \u00e0 des <strong>pistes cyclables bien balis\u00e9es<\/strong>, adapt\u00e9es tant pour des <strong>tours tranquilles<\/strong> que pour des <strong>parcours sportivement exigeants<\/strong>. Que ce soit le long de ruisseaux idylliques, \u00e0 travers des for\u00eats denses ou sur des \u00e9tapes de montagne difficiles \u2013 il y en a pour tous les go\u00fbts.<br \/>\nNous vous mettons \u00e0 disposition des <strong>VTT \u00e9lectriques gratuits<\/strong>, afin que vous puissiez d\u00e9couvrir la beaut\u00e9 de la r\u00e9gion en toute <strong>tranquillit\u00e9<\/strong>. Le long des pistes cyclables, vous trouverez de nombreuses possibilit\u00e9s de restauration pour vous r\u00e9galer avec des <strong>sp\u00e9cialit\u00e9s r\u00e9gionales<\/strong>. Nous serons ravis de vous donner des conseils personnalis\u00e9s pour vos excursions et de vous montrer les <strong>meilleurs itin\u00e9raires<\/strong> de la r\u00e9gion.<br \/>\nVenez vivre des vacances \u00e0 v\u00e9lo actives et reposantes chez nous \u00e0 la Pension Waldwinkel !<br \/>\n[\/vc_column_text][\/vc_column][\/vc_row][vc_row][vc_column width=\u00a0\u00bb1\/4&Prime;][\/vc_column][vc_column width=\u00a0\u00bb1\/2&Prime;][vc_column_text css=\u00a0\u00bb.vc_custom_1728899454745{margin-top: 20px !important;}\u00a0\u00bb]<strong>Particularit\u00e9s pour les cyclistes :<\/strong><\/p>\n<ul>\n<li>Location gratuite de VTT \u00e9lectriques<\/li>\n<li>Possibilit\u00e9s de stationnement s\u00e9curis\u00e9es pour vos v\u00e9los\n<ul>\n<li>Informations sur les meilleurs itin\u00e9raires cyclables de la r\u00e9gion T\u00e9l\u00e9chargez PG V\u00e9lo<br \/>\n<a href=\"https:\/\/www.hochschwarzwald.de\/service\/broschueren-magazine\" target=\"_blank\" rel=\"noopener\">https:\/\/www.hochschwarzwald.de\/service\/broschueren-magazine<\/a><\/li>\n<li>Itin\u00e9raire cyclable B\u00e4hnle<br \/>\n<a href=\"https:\/\/www.hochschwarzwald.de\/touren\/baehnle-radweg-9af2464879\" target=\"_blank\" rel=\"noopener\">https:\/\/www.hochschwarzwald.de\/touren\/baehnle-radweg-9af2464879<\/a><\/li>\n<li>Itin\u00e9raire cyclable du Sud de la For\u00eat Noire<br \/>\n<a href=\"https:\/\/www.hochschwarzwald.de\/touren\/suedschwarzwald-radweg-d2e8e5a6f4\" target=\"_blank\" rel=\"noopener\">https:\/\/www.hochschwarzwald.de\/touren\/suedschwarzwald-radweg-d2e8e5a6f4<\/a><\/li>\n<\/ul>\n<\/li>\n<li>Randonn\u00e9es \u00e0 v\u00e9lo en For\u00eat Noire<br \/>\n<a href=\"https:\/\/www.hochschwarzwald.de\/erleben\/radfahren\" target=\"_blank\" rel=\"noopener\">https:\/\/www.hochschwarzwald.de\/erleben\/radfahren<\/a><\/li>\n<\/ul>\n<p>[\/vc_column_text][\/vc_column][vc_column width=\u00a0\u00bb1\/4&Prime;][\/vc_column][\/vc_row][vc_row css=\u00a0\u00bb.vc_custom_1705412834568{margin-top: 40px !important;}\u00a0\u00bb][vc_column][vc_separator][\/vc_column][\/vc_row][vc_row css=\u00a0\u00bb.vc_custom_1705411894670{margin-top: 25px !important;}\u00a0\u00bb][vc_column][vc_column_text]<\/p>\n<h2 class=\"text-center fw-normal\"><span class=\"fw-bold\">Innombrables possibilit\u00e9s<\/span> d&rsquo;activit\u00e9s de loisirs<\/h2>\n<p>[\/vc_column_text][\/vc_column][\/vc_row][vc_row][vc_column width=\u00a0\u00bb1\/2&Prime; offset=\u00a0\u00bbvc_col-md-3&Prime; css=\u00a0\u00bb.vc_custom_1705417769604{margin-top: 25px !important;}\u00a0\u00bb][vc_hoverbox image=\u00a0\u00bb284&Prime; primary_title=\u00a0\u00bbLenzkirch\u00a0\u00bb primary_align=\u00a0\u00bbleft\u00a0\u00bb hover_title=\u00a0\u00bbLenzkirch\u00a0\u00bb hover_align=\u00a0\u00bbleft\u00a0\u00bb hover_title_use_theme_fonts=\u00a0\u00bbyes\u00a0\u00bb hover_background_color=\u00a0\u00bbcustom\u00a0\u00bb hover_btn_title=\u00a0\u00bbEn savoir plus\u00a0\u00bb hover_btn_style=\u00a0\u00bbflat\u00a0\u00bb hover_btn_shape=\u00a0\u00bbround\u00a0\u00bb hover_btn_color=\u00a0\u00bbdefault\u00a0\u00bb hover_btn_align=\u00a0\u00bbleft\u00a0\u00bb use_custom_fonts_hover_title=\u00a0\u00bbtrue\u00a0\u00bb hover_add_button=\u00a0\u00bbtrue\u00a0\u00bb hover_custom_background=\u00a0\u00bb#047d52&Prime; el_class=\u00a0\u00bbespw-hover-box\u00a0\u00bb hover_btn_link=\u00a0\u00bburl:%2Ffr%2Floisirs%2Flenzkirch%2F|title:Lenzkirch\u00a0\u00bb]Lenzkirch est situ\u00e9e au c\u0153ur de la For\u00eat Noire. La commune, qui compte environ 5000 habitants, porte depuis de nombreuses ann\u00e9es le label \u00ab station climatique de sant\u00e9 \u00bb &#8230;[\/vc_hoverbox][\/vc_column][vc_column width=\u00a0\u00bb1\/2&Prime; offset=\u00a0\u00bbvc_col-md-3&Prime; css=\u00a0\u00bb.vc_custom_1705417773767{margin-top: 25px !important;}\u00a0\u00bb][vc_hoverbox image=\u00a0\u00bb221&Prime; primary_title=\u00a0\u00bbCartes d&rsquo;h\u00f4te\u00a0\u00bb primary_align=\u00a0\u00bbleft\u00a0\u00bb hover_title=\u00a0\u00bbCartes d&rsquo;h\u00f4te\u00a0\u00bb hover_align=\u00a0\u00bbleft\u00a0\u00bb hover_title_use_theme_fonts=\u00a0\u00bbyes\u00a0\u00bb hover_background_color=\u00a0\u00bbcustom\u00a0\u00bb hover_btn_title=\u00a0\u00bbEn savoir plus\u00a0\u00bb hover_btn_style=\u00a0\u00bbflat\u00a0\u00bb hover_btn_shape=\u00a0\u00bbround\u00a0\u00bb hover_btn_color=\u00a0\u00bbdefault\u00a0\u00bb hover_btn_align=\u00a0\u00bbleft\u00a0\u00bb use_custom_fonts_hover_title=\u00a0\u00bbtrue\u00a0\u00bb hover_add_button=\u00a0\u00bbtrue\u00a0\u00bb hover_custom_background=\u00a0\u00bb#047d52&Prime; el_class=\u00a0\u00bbespw-hover-box\u00a0\u00bb hover_btn_link=\u00a0\u00bburl:%2Ffr%2Floisirs%2Fcartes-dhote%2F|title:G%C3%A4stekarten\u00a0\u00bb]Vous permet d&rsquo;utiliser gratuitement les transports en commun, ce qui vous facilite \u00e9galement les \u00e9tapes de randonn\u00e9e, puis de simplement retourner en &#8230;[\/vc_hoverbox][\/vc_column][vc_column width=\u00a0\u00bb1\/2&Prime; offset=\u00a0\u00bbvc_col-md-3&Prime; css=\u00a0\u00bb.vc_custom_1705417777828{margin-top: 25px !important;}\u00a0\u00bb][vc_hoverbox image=\u00a0\u00bb273&Prime; primary_title=\u00a0\u00bbCulture &amp; excursions\u00a0\u00bb primary_align=\u00a0\u00bbleft\u00a0\u00bb hover_title=\u00a0\u00bbCulture &amp; excursions\u00a0\u00bb hover_align=\u00a0\u00bbleft\u00a0\u00bb hover_title_use_theme_fonts=\u00a0\u00bbyes\u00a0\u00bb hover_background_color=\u00a0\u00bbcustom\u00a0\u00bb hover_btn_title=\u00a0\u00bbEn savoir plus\u00a0\u00bb hover_btn_style=\u00a0\u00bbflat\u00a0\u00bb hover_btn_shape=\u00a0\u00bbround\u00a0\u00bb hover_btn_color=\u00a0\u00bbdefault\u00a0\u00bb hover_btn_align=\u00a0\u00bbleft\u00a0\u00bb use_custom_fonts_hover_title=\u00a0\u00bbtrue\u00a0\u00bb hover_add_button=\u00a0\u00bbtrue\u00a0\u00bb hover_custom_background=\u00a0\u00bb#047d52&Prime; el_class=\u00a0\u00bbespw-hover-box\u00a0\u00bb hover_btn_link=\u00a0\u00bburl:%2Ffr%2Floisirs%2Fculture-excursions%2F|title:Kultur%20%26%20Ausfl%C3%BCge\u00a0\u00bb]La Hochschwarzwald Tourismus GmbH et diverses associations organisent tout au long de l&rsquo;ann\u00e9e de nombreux \u00e9v\u00e9nements, y compris des soir\u00e9es folkloriques et des randonn\u00e9es guid\u00e9es &#8230;[\/vc_hoverbox][\/vc_column][vc_column width=\u00a0\u00bb1\/2&Prime; offset=\u00a0\u00bbvc_col-md-3&Prime; css=\u00a0\u00bb.vc_custom_1705417781909{margin-top: 25px !important;}\u00a0\u00bb][vc_hoverbox image=\u00a0\u00bb261&Prime; primary_title=\u00a0\u00bbRandonn\u00e9e\u00a0\u00bb primary_align=\u00a0\u00bbleft\u00a0\u00bb hover_title=\u00a0\u00bbRandonn\u00e9e\u00a0\u00bb hover_align=\u00a0\u00bbleft\u00a0\u00bb hover_title_use_theme_fonts=\u00a0\u00bbyes\u00a0\u00bb hover_background_color=\u00a0\u00bbcustom\u00a0\u00bb hover_btn_title=\u00a0\u00bbEn savoir plus\u00a0\u00bb hover_btn_style=\u00a0\u00bbflat\u00a0\u00bb hover_btn_shape=\u00a0\u00bbround\u00a0\u00bb hover_btn_color=\u00a0\u00bbdefault\u00a0\u00bb hover_btn_align=\u00a0\u00bbleft\u00a0\u00bb use_custom_fonts_hover_title=\u00a0\u00bbtrue\u00a0\u00bb hover_add_button=\u00a0\u00bbtrue\u00a0\u00bb hover_custom_background=\u00a0\u00bb#047d52&Prime; el_class=\u00a0\u00bbespw-hover-box\u00a0\u00bb hover_btn_link=\u00a0\u00bburl:%2Ffr%2Floisirs%2Frandonnee%2F|title:Wandern\u00a0\u00bb]Vous aimez vous d\u00e9placer \u00e0 pied ? Ou pr\u00e9f\u00e9rez-vous plut\u00f4t plus d&rsquo;action ? Vous \u00eates au bon endroit chez nous. Notre paysage vari\u00e9 vous offre des lacs, des montagnes et des gorges &#8230;[\/vc_hoverbox][\/vc_column][\/vc_row][vc_row css=\u00a0\u00bb.vc_custom_1728900606284{margin-bottom: 50px !important;}\u00a0\u00bb][vc_column width=\u00a0\u00bb1\/2&Prime; offset=\u00a0\u00bbvc_col-md-3&Prime; css=\u00a0\u00bb.vc_custom_1705417786570{margin-top: 25px !important;}\u00a0\u00bb][vc_hoverbox image=\u00a0\u00bb267&Prime; primary_title=\u00a0\u00bbConduite de moto\u00a0\u00bb primary_align=\u00a0\u00bbleft\u00a0\u00bb hover_title=\u00a0\u00bbConduite de moto\u00a0\u00bb hover_align=\u00a0\u00bbleft\u00a0\u00bb hover_title_use_theme_fonts=\u00a0\u00bbyes\u00a0\u00bb hover_background_color=\u00a0\u00bbcustom\u00a0\u00bb hover_btn_title=\u00a0\u00bbEn savoir plus\u00a0\u00bb hover_btn_style=\u00a0\u00bbflat\u00a0\u00bb hover_btn_shape=\u00a0\u00bbround\u00a0\u00bb hover_btn_color=\u00a0\u00bbdefault\u00a0\u00bb hover_btn_align=\u00a0\u00bbleft\u00a0\u00bb use_custom_fonts_hover_title=\u00a0\u00bbtrue\u00a0\u00bb hover_add_button=\u00a0\u00bbtrue\u00a0\u00bb hover_custom_background=\u00a0\u00bb#047d52&Prime; el_class=\u00a0\u00bbespw-hover-box\u00a0\u00bb hover_btn_link=\u00a0\u00bburl:%2Ffr%2Floisirs%2Fconduite-de-moto%2F|title:Motorradfahren\u00a0\u00bb]Non seulement les randonneurs, les cyclistes et les amateurs de baignade trouvent leur bonheur chez nous dans la For\u00eat Noire. En particulier pour les motards, les environs offrent des parcours exceptionnels &#8230;[\/vc_hoverbox][\/vc_column][vc_column width=\u00a0\u00bb1\/2&Prime; offset=\u00a0\u00bbvc_col-md-3&Prime; css=\u00a0\u00bb.vc_custom_1705417790835{margin-top: 25px !important;}\u00a0\u00bb][vc_hoverbox image=\u00a0\u00bb255&Prime; primary_title=\u00a0\u00bbEn route avec enfants et famille\u00a0\u00bb primary_align=\u00a0\u00bbleft\u00a0\u00bb hover_title=\u00a0\u00bbEn route avec enfants et famille\u00a0\u00bb hover_align=\u00a0\u00bbleft\u00a0\u00bb hover_title_use_theme_fonts=\u00a0\u00bbyes\u00a0\u00bb hover_background_color=\u00a0\u00bbcustom\u00a0\u00bb hover_btn_title=\u00a0\u00bbEn savoir plus\u00a0\u00bb hover_btn_style=\u00a0\u00bbflat\u00a0\u00bb hover_btn_shape=\u00a0\u00bbround\u00a0\u00bb hover_btn_color=\u00a0\u00bbdefault\u00a0\u00bb hover_btn_align=\u00a0\u00bbleft\u00a0\u00bb use_custom_fonts_hover_title=\u00a0\u00bbtrue\u00a0\u00bb hover_add_button=\u00a0\u00bbtrue\u00a0\u00bb hover_custom_background=\u00a0\u00bb#047d52&Prime; el_class=\u00a0\u00bbespw-hover-box\u00a0\u00bb hover_btn_link=\u00a0\u00bburl:%2Ffr%2Floisirs%2Fen-route-avec-enfants-et-famille%2F|title:Unterwegs%20mit%20Kind%20%26%20Kegel\u00a0\u00bb]D\u00e9couvrez de nombreuses destinations d&rsquo;excursion particuli\u00e8rement int\u00e9ressantes pour les familles ! De plus, l&rsquo;\u00e9quipe Kucky de la Hochschwarzwald Tourismus GmbH &#8230;[\/vc_hoverbox][\/vc_column][vc_column width=\u00a0\u00bb1\/2&Prime; offset=\u00a0\u00bbvc_col-md-3&Prime; css=\u00a0\u00bb.vc_custom_1705417794791{margin-top: 25px !important;}\u00a0\u00bb][vc_hoverbox image=\u00a0\u00bb249&Prime; primary_title=\u00a0\u00bbActivit\u00e9s d&rsquo;hiver\u00a0\u00bb primary_align=\u00a0\u00bbleft\u00a0\u00bb hover_title=\u00a0\u00bbActivit\u00e9s d&rsquo;hiver\u00a0\u00bb hover_align=\u00a0\u00bbleft\u00a0\u00bb hover_title_use_theme_fonts=\u00a0\u00bbyes\u00a0\u00bb hover_background_color=\u00a0\u00bbcustom\u00a0\u00bb hover_btn_title=\u00a0\u00bbEn savoir plus\u00a0\u00bb hover_btn_style=\u00a0\u00bbflat\u00a0\u00bb hover_btn_shape=\u00a0\u00bbround\u00a0\u00bb hover_btn_color=\u00a0\u00bbdefault\u00a0\u00bb hover_btn_align=\u00a0\u00bbleft\u00a0\u00bb use_custom_fonts_hover_title=\u00a0\u00bbtrue\u00a0\u00bb hover_add_button=\u00a0\u00bbtrue\u00a0\u00bb hover_custom_background=\u00a0\u00bb#047d52&Prime; el_class=\u00a0\u00bbespw-hover-box\u00a0\u00bb hover_btn_link=\u00a0\u00bburl:%2Ffr%2Floisirs%2Factivites-dhiver%2F|title:Activit%C3%A9s%20d&rsquo;hiver\u00a0\u00bb]M\u00eame en hiver, la For\u00eat Noire a beaucoup \u00e0 offrir. La station de ski de Feldberg, ainsi que quelques petits remont\u00e9es m\u00e9caniques locales, invitent \u00e0 skier &#8230;[\/vc_hoverbox][\/vc_column][vc_column width=\u00a0\u00bb1\/2&Prime; offset=\u00a0\u00bbvc_col-md-3&Prime; css=\u00a0\u00bb.vc_custom_1705417798659{margin-top: 25px !important;}\u00a0\u00bb][vc_hoverbox image=\u00a0\u00bb482&Prime; primary_title=\u00a0\u00bbCyclisme\u00a0\u00bb primary_align=\u00a0\u00bbleft\u00a0\u00bb hover_title=\u00a0\u00bbCyclisme\u00a0\u00bb hover_align=\u00a0\u00bbleft\u00a0\u00bb hover_title_use_theme_fonts=\u00a0\u00bbyes\u00a0\u00bb hover_background_color=\u00a0\u00bbcustom\u00a0\u00bb hover_btn_title=\u00a0\u00bbEn savoir plus\u00a0\u00bb hover_btn_style=\u00a0\u00bbflat\u00a0\u00bb hover_btn_shape=\u00a0\u00bbround\u00a0\u00bb hover_btn_color=\u00a0\u00bbdefault\u00a0\u00bb hover_btn_align=\u00a0\u00bbleft\u00a0\u00bb use_custom_fonts_hover_title=\u00a0\u00bbtrue\u00a0\u00bb hover_add_button=\u00a0\u00bbtrue\u00a0\u00bb hover_custom_background=\u00a0\u00bb#047d52&Prime; el_class=\u00a0\u00bbespw-hover-box\u00a0\u00bb hover_btn_link=\u00a0\u00bburl:%2Ffr%2Floisirs%2Fcyclisme%2F|title:Fahrradfahren\u00a0\u00bb]Dans la For\u00eat Noire, vous attend un v\u00e9ritable paradis pour les cyclistes, avec des itin\u00e9raires vari\u00e9s \u00e0 travers des for\u00eats denses, le long de lacs cristallins et sur des hauteurs pittoresques &#8230;[\/vc_hoverbox][\/vc_column][\/vc_row]<\/p>\n<\/div>","protected":false},"excerpt":{"rendered":"<p>[vc_row css=\u00a0\u00bb.vc_custom_1706084603508{margin-top: 50px !important;}\u00a0\u00bb][vc_column][vc_column_text] Cyclisme &#8211; D\u00e9couvrez la For\u00eat Noire \u00e0 deux roues [\/vc_column_text][vc_single_image image=\u00a0\u00bb675&Prime; img_size=\u00a0\u00bbfull\u00a0\u00bb alignment=\u00a0\u00bbcenter\u00a0\u00bb][vc_column_text css=\u00a0\u00bb.vc_custom_1728899430977{margin-top: 20px !important;}\u00a0\u00bb]La For\u00eat Noire offre le cadre parfait pour des vacances \u00e0 v\u00e9lo inoubliables. Directement depuis notre [&hellip;]<\/p>\n","protected":false},"author":1,"featured_media":0,"parent":999,"menu_order":0,"comment_status":"closed","ping_status":"closed","template":"","meta":{"footnotes":""},"class_list":["post-1007","page","type-page","status-publish","hentry"],"yoast_head":"<title>Pension Waldwinkel - Lenzkirch im Hochschwarzwald<\/title>\n<meta name=\"description\" content=\"Genie\u00dfen Sie das einzigartige Erholungsgebiet Schwarzwald und entspannen Sie sich in unserem gepflegten Ambiente.\" \/>\n<meta name=\"robots\" content=\"index, follow, max-snippet:-1, max-image-preview:large, max-video-preview:-1\" \/>\n<link rel=\"canonical\" href=\"https:\/\/pension-waldwinkel.de\/fr\/loisirs\/cyclisme\/\" \/>\n<meta property=\"og:locale\" content=\"fr_FR\" \/>\n<meta property=\"og:type\" content=\"article\" \/>\n<meta property=\"og:title\" content=\"Pension Waldwinkel - Lenzkirch im Hochschwarzwald\" \/>\n<meta property=\"og:description\" content=\"Genie\u00dfen Sie das einzigartige Erholungsgebiet Schwarzwald und entspannen Sie sich in unserem gepflegten Ambiente.\" \/>\n<meta property=\"og:url\" content=\"https:\/\/pension-waldwinkel.de\/fr\/loisirs\/cyclisme\/\" \/>\n<meta property=\"og:site_name\" content=\"Pension Waldwinkel\" \/>\n<meta property=\"article:modified_time\" content=\"2024-10-14T10:26:17+00:00\" \/>\n<meta name=\"twitter:card\" content=\"summary_large_image\" \/>\n<meta name=\"twitter:label1\" content=\"Dur\u00e9e de lecture estim\u00e9e\" \/>\n\t<meta name=\"twitter:data1\" content=\"5 minutes\" \/>\n<script type=\"application\/ld+json\" class=\"yoast-schema-graph\">{\"@context\":\"https:\/\/schema.org\",\"@graph\":[{\"@type\":\"WebPage\",\"@id\":\"https:\/\/pension-waldwinkel.de\/fr\/loisirs\/cyclisme\/\",\"url\":\"https:\/\/pension-waldwinkel.de\/fr\/loisirs\/cyclisme\/\",\"name\":\"Pension Waldwinkel - Lenzkirch im Hochschwarzwald\",\"isPartOf\":{\"@id\":\"https:\/\/pension-waldwinkel.de\/fr\/#website\"},\"datePublished\":\"2024-10-08T11:31:56+00:00\",\"dateModified\":\"2024-10-14T10:26:17+00:00\",\"description\":\"Genie\u00dfen Sie das einzigartige Erholungsgebiet Schwarzwald und entspannen Sie sich in unserem gepflegten Ambiente.\",\"breadcrumb\":{\"@id\":\"https:\/\/pension-waldwinkel.de\/fr\/loisirs\/cyclisme\/#breadcrumb\"},\"inLanguage\":\"fr-FR\",\"potentialAction\":[{\"@type\":\"ReadAction\",\"target\":[\"https:\/\/pension-waldwinkel.de\/fr\/loisirs\/cyclisme\/\"]}]},{\"@type\":\"BreadcrumbList\",\"@id\":\"https:\/\/pension-waldwinkel.de\/fr\/loisirs\/cyclisme\/#breadcrumb\",\"itemListElement\":[{\"@type\":\"ListItem\",\"position\":1,\"name\":\"Startseite\",\"item\":\"https:\/\/pension-waldwinkel.de\/fr\/\"},{\"@type\":\"ListItem\",\"position\":2,\"name\":\"Loisirs\",\"item\":\"https:\/\/pension-waldwinkel.de\/fr\/loisirs\/\"},{\"@type\":\"ListItem\",\"position\":3,\"name\":\"Cyclisme\"}]},{\"@type\":\"WebSite\",\"@id\":\"https:\/\/pension-waldwinkel.de\/fr\/#website\",\"url\":\"https:\/\/pension-waldwinkel.de\/fr\/\",\"name\":\"Pension Waldwinkel\",\"description\":\"Lenzkirch im Hochschwarzwald\",\"potentialAction\":[{\"@type\":\"SearchAction\",\"target\":{\"@type\":\"EntryPoint\",\"urlTemplate\":\"https:\/\/pension-waldwinkel.de\/fr\/?s={search_term_string}\"},\"query-input\":{\"@type\":\"PropertyValueSpecification\",\"valueRequired\":true,\"valueName\":\"search_term_string\"}}],\"inLanguage\":\"fr-FR\"}]}<\/script>","yoast_head_json":{"title":"Pension Waldwinkel - Lenzkirch im Hochschwarzwald","description":"Genie\u00dfen Sie das einzigartige Erholungsgebiet Schwarzwald und entspannen Sie sich in unserem gepflegten Ambiente.","robots":{"index":"index","follow":"follow","max-snippet":"max-snippet:-1","max-image-preview":"max-image-preview:large","max-video-preview":"max-video-preview:-1"},"canonical":"https:\/\/pension-waldwinkel.de\/fr\/loisirs\/cyclisme\/","og_locale":"fr_FR","og_type":"article","og_title":"Pension Waldwinkel - Lenzkirch im Hochschwarzwald","og_description":"Genie\u00dfen Sie das einzigartige Erholungsgebiet Schwarzwald und entspannen Sie sich in unserem gepflegten Ambiente.","og_url":"https:\/\/pension-waldwinkel.de\/fr\/loisirs\/cyclisme\/","og_site_name":"Pension Waldwinkel","article_modified_time":"2024-10-14T10:26:17+00:00","twitter_card":"summary_large_image","twitter_misc":{"Dur\u00e9e de lecture estim\u00e9e":"5 minutes"},"schema":{"@context":"https:\/\/schema.org","@graph":[{"@type":"WebPage","@id":"https:\/\/pension-waldwinkel.de\/fr\/loisirs\/cyclisme\/","url":"https:\/\/pension-waldwinkel.de\/fr\/loisirs\/cyclisme\/","name":"Pension Waldwinkel - Lenzkirch im Hochschwarzwald","isPartOf":{"@id":"https:\/\/pension-waldwinkel.de\/fr\/#website"},"datePublished":"2024-10-08T11:31:56+00:00","dateModified":"2024-10-14T10:26:17+00:00","description":"Genie\u00dfen Sie das einzigartige Erholungsgebiet Schwarzwald und entspannen Sie sich in unserem gepflegten Ambiente.","breadcrumb":{"@id":"https:\/\/pension-waldwinkel.de\/fr\/loisirs\/cyclisme\/#breadcrumb"},"inLanguage":"fr-FR","potentialAction":[{"@type":"ReadAction","target":["https:\/\/pension-waldwinkel.de\/fr\/loisirs\/cyclisme\/"]}]},{"@type":"BreadcrumbList","@id":"https:\/\/pension-waldwinkel.de\/fr\/loisirs\/cyclisme\/#breadcrumb","itemListElement":[{"@type":"ListItem","position":1,"name":"Startseite","item":"https:\/\/pension-waldwinkel.de\/fr\/"},{"@type":"ListItem","position":2,"name":"Loisirs","item":"https:\/\/pension-waldwinkel.de\/fr\/loisirs\/"},{"@type":"ListItem","position":3,"name":"Cyclisme"}]},{"@type":"WebSite","@id":"https:\/\/pension-waldwinkel.de\/fr\/#website","url":"https:\/\/pension-waldwinkel.de\/fr\/","name":"Pension Waldwinkel","description":"Lenzkirch im Hochschwarzwald","potentialAction":[{"@type":"SearchAction","target":{"@type":"EntryPoint","urlTemplate":"https:\/\/pension-waldwinkel.de\/fr\/?s={search_term_string}"},"query-input":{"@type":"PropertyValueSpecification","valueRequired":true,"valueName":"search_term_string"}}],"inLanguage":"fr-FR"}]}},"_links":{"self":[{"href":"https:\/\/pension-waldwinkel.de\/fr\/wp-json\/wp\/v2\/pages\/1007"}],"collection":[{"href":"https:\/\/pension-waldwinkel.de\/fr\/wp-json\/wp\/v2\/pages"}],"about":[{"href":"https:\/\/pension-waldwinkel.de\/fr\/wp-json\/wp\/v2\/types\/page"}],"author":[{"embeddable":true,"href":"https:\/\/pension-waldwinkel.de\/fr\/wp-json\/wp\/v2\/users\/1"}],"replies":[{"embeddable":true,"href":"https:\/\/pension-waldwinkel.de\/fr\/wp-json\/wp\/v2\/comments?post=1007"}],"version-history":[{"count":5,"href":"https:\/\/pension-waldwinkel.de\/fr\/wp-json\/wp\/v2\/pages\/1007\/revisions"}],"predecessor-version":[{"id":1067,"href":"https:\/\/pension-waldwinkel.de\/fr\/wp-json\/wp\/v2\/pages\/1007\/revisions\/1067"}],"up":[{"embeddable":true,"href":"https:\/\/pension-waldwinkel.de\/fr\/wp-json\/wp\/v2\/pages\/999"}],"wp:attachment":[{"href":"https:\/\/pension-waldwinkel.de\/fr\/wp-json\/wp\/v2\/media?parent=1007"}],"curies":[{"name":"wp","href":"https:\/\/api.w.org\/{rel}","templated":true}]}}