{"id":1033,"date":"2024-10-08T13:31:34","date_gmt":"2024-10-08T11:31:34","guid":{"rendered":"https:\/\/pension-waldwinkel.eseom.de\/loisirs\/schneegestoeber\/"},"modified":"2024-10-14T12:24:19","modified_gmt":"2024-10-14T10:24:19","slug":"activites-dhiver","status":"publish","type":"page","link":"https:\/\/pension-waldwinkel.de\/fr\/loisirs\/activites-dhiver\/","title":{"rendered":"Activit\u00e9s d&rsquo;hiver"},"content":{"rendered":"<div class=\"wpb-content-wrapper\"><p>[vc_row css=\u00a0\u00bb.vc_custom_1706084603508{margin-top: 50px !important;}\u00a0\u00bb][vc_column][vc_column_text]<\/p>\n<h1 class=\"text-center fw-normal\"><span class=\"fw-bold\">Magie d&rsquo;hiver dans la For\u00eat Noire<\/span> \u2013 Neige, plaisir et d\u00e9tente<\/h1>\n<p>[\/vc_column_text][\/vc_column][\/vc_row][vc_row][vc_column][vc_single_image image=\u00a0\u00bb773&Prime; img_size=\u00a0\u00bbfull\u00a0\u00bb alignment=\u00a0\u00bbcenter\u00a0\u00bb][\/vc_column][\/vc_row][vc_row][vc_column][vc_column_text css=\u00a0\u00bb.vc_custom_1728900083624{margin-top: 20px !important;}\u00a0\u00bb]M\u00eame en hiver, la For\u00eat Noire se transforme en un v\u00e9ritable <strong>paradis pour les amateurs de neige<\/strong>. Notre Pension Waldwinkel est le point de d\u00e9part id\u00e9al pour de nombreuses activit\u00e9s hivernales. Que vous soyez un <strong>skieur passionn\u00e9<\/strong>, que vous aimiez le ski de fond ou que vous souhaitiez simplement passer un <strong>moment amusant \u00e0 faire de la luge<\/strong> \u2013 vous trouverez chez nous tout ce dont vous avez besoin pour passer un hiver agr\u00e9able.<\/p>\n<p>La station de ski de Feldberg, \u00e0 proximit\u00e9, offre des conditions id\u00e9ales pour les skieurs et les snowboarders. Pour les d\u00e9butants et les familles, il existe \u00e9galement de petits remont\u00e9es m\u00e9caniques locales qui invitent \u00e0 une journ\u00e9e de ski d\u00e9tendue. Les amateurs de ski de fond seront ravis par les <strong>nombreux pistes bien pr\u00e9par\u00e9es<\/strong> qui sont ouvertes en hiver et traversent des for\u00eats enneig\u00e9es.<\/p>\n<p>Pour les fans de luge, la r\u00e9gion offre \u00e9galement quelques points forts : la piste de luge \u00e9clair\u00e9e de Saig \u00e0 Titisee garantit un <strong>plaisir hivernal<\/strong> sur une distance d&rsquo;un kilom\u00e8tre jusqu&rsquo;\u00e0 23 heures. Le parc de luge et de loisirs \u00e0 Schluchsee est \u00e9galement une destination populaire pour tous les \u00e2ges.<br \/>\n[\/vc_column_text][\/vc_column][\/vc_row][vc_row][vc_column width=\u00a0\u00bb1\/4&Prime;][\/vc_column][vc_column width=\u00a0\u00bb1\/2&Prime;][vc_column_text css=\u00a0\u00bb.vc_custom_1728900106866{margin-top: 20px !important;}\u00a0\u00bb]<strong>Moments forts de l&rsquo;hiver dans la For\u00eat Noire :<\/strong><\/p>\n<ul>\n<li>Ski et snowboard dans la station de ski de Feldberg<\/li>\n<li>Remont\u00e9es m\u00e9caniques locales confortables pour d\u00e9butants et familles<\/li>\n<li>De nombreuses pistes de ski de fond dans une nature magnifique<\/li>\n<li>Piste de luge \u00e9clair\u00e9e de Saig \u00e0 Titisee<\/li>\n<li>Parc de luge et de loisirs \u00e0 Schluchsee<\/li>\n<\/ul>\n<p>Vivez l&rsquo;hiver dans toute sa splendeur et profitez de journ\u00e9es inoubliables pleines de neige et de plaisir \u00e0 la Pension Waldwinkel. Que ce soit \u00e0 ski, en luge ou en ski de fond, la For\u00eat Noire offre \u00e0 chaque amateur d&rsquo;hiver le plaisir qui lui convient.<br \/>\n[\/vc_column_text][\/vc_column][vc_column width=\u00a0\u00bb1\/4&Prime;][\/vc_column][\/vc_row][vc_row css=\u00a0\u00bb.vc_custom_1705412834568{margin-top: 40px !important;}\u00a0\u00bb][vc_column][vc_separator][\/vc_column][\/vc_row][vc_row css=\u00a0\u00bb.vc_custom_1705411894670{margin-top: 25px !important;}\u00a0\u00bb][vc_column][vc_column_text]<\/p>\n<h2 class=\"text-center fw-normal\"><span class=\"fw-bold\">Innombrables possibilit\u00e9s<\/span> d&rsquo;activit\u00e9s de loisirs<\/h2>\n<p>[\/vc_column_text][\/vc_column][\/vc_row][vc_row][vc_column width=\u00a0\u00bb1\/2&Prime; offset=\u00a0\u00bbvc_col-md-3&Prime; css=\u00a0\u00bb.vc_custom_1705417769604{margin-top: 25px !important;}\u00a0\u00bb][vc_hoverbox image=\u00a0\u00bb284&Prime; primary_title=\u00a0\u00bbLenzkirch\u00a0\u00bb primary_align=\u00a0\u00bbleft\u00a0\u00bb hover_title=\u00a0\u00bbLenzkirch\u00a0\u00bb hover_align=\u00a0\u00bbleft\u00a0\u00bb hover_title_use_theme_fonts=\u00a0\u00bbyes\u00a0\u00bb hover_background_color=\u00a0\u00bbcustom\u00a0\u00bb hover_btn_title=\u00a0\u00bbEn savoir plus\u00a0\u00bb hover_btn_style=\u00a0\u00bbflat\u00a0\u00bb hover_btn_shape=\u00a0\u00bbround\u00a0\u00bb hover_btn_color=\u00a0\u00bbdefault\u00a0\u00bb hover_btn_align=\u00a0\u00bbleft\u00a0\u00bb use_custom_fonts_hover_title=\u00a0\u00bbtrue\u00a0\u00bb hover_add_button=\u00a0\u00bbtrue\u00a0\u00bb hover_custom_background=\u00a0\u00bb#047d52&Prime; el_class=\u00a0\u00bbespw-hover-box\u00a0\u00bb hover_btn_link=\u00a0\u00bburl:%2Ffr%2Floisirs%2Flenzkirch%2F|title:Lenzkirch\u00a0\u00bb]Lenzkirch est situ\u00e9e au c\u0153ur de la For\u00eat Noire. La commune, qui compte environ 5000 habitants, porte depuis de nombreuses ann\u00e9es le label \u00ab station climatique de sant\u00e9 \u00bb &#8230;[\/vc_hoverbox][\/vc_column][vc_column width=\u00a0\u00bb1\/2&Prime; offset=\u00a0\u00bbvc_col-md-3&Prime; css=\u00a0\u00bb.vc_custom_1705417773767{margin-top: 25px !important;}\u00a0\u00bb][vc_hoverbox image=\u00a0\u00bb221&Prime; primary_title=\u00a0\u00bbCartes d&rsquo;h\u00f4te\u00a0\u00bb primary_align=\u00a0\u00bbleft\u00a0\u00bb hover_title=\u00a0\u00bbCartes d&rsquo;h\u00f4te\u00a0\u00bb hover_align=\u00a0\u00bbleft\u00a0\u00bb hover_title_use_theme_fonts=\u00a0\u00bbyes\u00a0\u00bb hover_background_color=\u00a0\u00bbcustom\u00a0\u00bb hover_btn_title=\u00a0\u00bbEn savoir plus\u00a0\u00bb hover_btn_style=\u00a0\u00bbflat\u00a0\u00bb hover_btn_shape=\u00a0\u00bbround\u00a0\u00bb hover_btn_color=\u00a0\u00bbdefault\u00a0\u00bb hover_btn_align=\u00a0\u00bbleft\u00a0\u00bb use_custom_fonts_hover_title=\u00a0\u00bbtrue\u00a0\u00bb hover_add_button=\u00a0\u00bbtrue\u00a0\u00bb hover_custom_background=\u00a0\u00bb#047d52&Prime; el_class=\u00a0\u00bbespw-hover-box\u00a0\u00bb hover_btn_link=\u00a0\u00bburl:%2Ffr%2Floisirs%2Fcartes-dhote%2F|title:G%C3%A4stekarten\u00a0\u00bb]Vous permet d&rsquo;utiliser gratuitement les transports en commun, ce qui vous facilite \u00e9galement les \u00e9tapes de randonn\u00e9e, puis de simplement retourner en &#8230;[\/vc_hoverbox][\/vc_column][vc_column width=\u00a0\u00bb1\/2&Prime; offset=\u00a0\u00bbvc_col-md-3&Prime; css=\u00a0\u00bb.vc_custom_1705417777828{margin-top: 25px !important;}\u00a0\u00bb][vc_hoverbox image=\u00a0\u00bb273&Prime; primary_title=\u00a0\u00bbCulture &amp; excursions\u00a0\u00bb primary_align=\u00a0\u00bbleft\u00a0\u00bb hover_title=\u00a0\u00bbCulture &amp; excursions\u00a0\u00bb hover_align=\u00a0\u00bbleft\u00a0\u00bb hover_title_use_theme_fonts=\u00a0\u00bbyes\u00a0\u00bb hover_background_color=\u00a0\u00bbcustom\u00a0\u00bb hover_btn_title=\u00a0\u00bbEn savoir plus\u00a0\u00bb hover_btn_style=\u00a0\u00bbflat\u00a0\u00bb hover_btn_shape=\u00a0\u00bbround\u00a0\u00bb hover_btn_color=\u00a0\u00bbdefault\u00a0\u00bb hover_btn_align=\u00a0\u00bbleft\u00a0\u00bb use_custom_fonts_hover_title=\u00a0\u00bbtrue\u00a0\u00bb hover_add_button=\u00a0\u00bbtrue\u00a0\u00bb hover_custom_background=\u00a0\u00bb#047d52&Prime; el_class=\u00a0\u00bbespw-hover-box\u00a0\u00bb hover_btn_link=\u00a0\u00bburl:%2Ffr%2Floisirs%2Fculture-excursions%2F|title:Kultur%20%26%20Ausfl%C3%BCge\u00a0\u00bb]La Hochschwarzwald Tourismus GmbH et diverses associations organisent tout au long de l&rsquo;ann\u00e9e de nombreux \u00e9v\u00e9nements, y compris des soir\u00e9es folkloriques et des randonn\u00e9es guid\u00e9es &#8230;[\/vc_hoverbox][\/vc_column][vc_column width=\u00a0\u00bb1\/2&Prime; offset=\u00a0\u00bbvc_col-md-3&Prime; css=\u00a0\u00bb.vc_custom_1705417781909{margin-top: 25px !important;}\u00a0\u00bb][vc_hoverbox image=\u00a0\u00bb261&Prime; primary_title=\u00a0\u00bbRandonn\u00e9e\u00a0\u00bb primary_align=\u00a0\u00bbleft\u00a0\u00bb hover_title=\u00a0\u00bbRandonn\u00e9e\u00a0\u00bb hover_align=\u00a0\u00bbleft\u00a0\u00bb hover_title_use_theme_fonts=\u00a0\u00bbyes\u00a0\u00bb hover_background_color=\u00a0\u00bbcustom\u00a0\u00bb hover_btn_title=\u00a0\u00bbEn savoir plus\u00a0\u00bb hover_btn_style=\u00a0\u00bbflat\u00a0\u00bb hover_btn_shape=\u00a0\u00bbround\u00a0\u00bb hover_btn_color=\u00a0\u00bbdefault\u00a0\u00bb hover_btn_align=\u00a0\u00bbleft\u00a0\u00bb use_custom_fonts_hover_title=\u00a0\u00bbtrue\u00a0\u00bb hover_add_button=\u00a0\u00bbtrue\u00a0\u00bb hover_custom_background=\u00a0\u00bb#047d52&Prime; el_class=\u00a0\u00bbespw-hover-box\u00a0\u00bb hover_btn_link=\u00a0\u00bburl:%2Ffr%2Floisirs%2Frandonnee%2F|title:Wandern\u00a0\u00bb]Vous aimez vous d\u00e9placer \u00e0 pied ? Ou pr\u00e9f\u00e9rez-vous plut\u00f4t plus d&rsquo;action ? Vous \u00eates au bon endroit chez nous. Notre paysage vari\u00e9 vous offre des lacs, des montagnes et des gorges &#8230;[\/vc_hoverbox][\/vc_column][\/vc_row][vc_row css=\u00a0\u00bb.vc_custom_1728900606284{margin-bottom: 50px !important;}\u00a0\u00bb][vc_column width=\u00a0\u00bb1\/2&Prime; offset=\u00a0\u00bbvc_col-md-3&Prime; css=\u00a0\u00bb.vc_custom_1705417786570{margin-top: 25px !important;}\u00a0\u00bb][vc_hoverbox image=\u00a0\u00bb267&Prime; primary_title=\u00a0\u00bbConduite de moto\u00a0\u00bb primary_align=\u00a0\u00bbleft\u00a0\u00bb hover_title=\u00a0\u00bbConduite de moto\u00a0\u00bb hover_align=\u00a0\u00bbleft\u00a0\u00bb hover_title_use_theme_fonts=\u00a0\u00bbyes\u00a0\u00bb hover_background_color=\u00a0\u00bbcustom\u00a0\u00bb hover_btn_title=\u00a0\u00bbEn savoir plus\u00a0\u00bb hover_btn_style=\u00a0\u00bbflat\u00a0\u00bb hover_btn_shape=\u00a0\u00bbround\u00a0\u00bb hover_btn_color=\u00a0\u00bbdefault\u00a0\u00bb hover_btn_align=\u00a0\u00bbleft\u00a0\u00bb use_custom_fonts_hover_title=\u00a0\u00bbtrue\u00a0\u00bb hover_add_button=\u00a0\u00bbtrue\u00a0\u00bb hover_custom_background=\u00a0\u00bb#047d52&Prime; el_class=\u00a0\u00bbespw-hover-box\u00a0\u00bb hover_btn_link=\u00a0\u00bburl:%2Ffr%2Floisirs%2Fconduite-de-moto%2F|title:Motorradfahren\u00a0\u00bb]Non seulement les randonneurs, les cyclistes et les amateurs de baignade trouvent leur bonheur chez nous dans la For\u00eat Noire. En particulier pour les motards, les environs offrent des parcours exceptionnels &#8230;[\/vc_hoverbox][\/vc_column][vc_column width=\u00a0\u00bb1\/2&Prime; offset=\u00a0\u00bbvc_col-md-3&Prime; css=\u00a0\u00bb.vc_custom_1705417790835{margin-top: 25px !important;}\u00a0\u00bb][vc_hoverbox image=\u00a0\u00bb255&Prime; primary_title=\u00a0\u00bbEn route avec enfants et famille\u00a0\u00bb primary_align=\u00a0\u00bbleft\u00a0\u00bb hover_title=\u00a0\u00bbEn route avec enfants et famille\u00a0\u00bb hover_align=\u00a0\u00bbleft\u00a0\u00bb hover_title_use_theme_fonts=\u00a0\u00bbyes\u00a0\u00bb hover_background_color=\u00a0\u00bbcustom\u00a0\u00bb hover_btn_title=\u00a0\u00bbEn savoir plus\u00a0\u00bb hover_btn_style=\u00a0\u00bbflat\u00a0\u00bb hover_btn_shape=\u00a0\u00bbround\u00a0\u00bb hover_btn_color=\u00a0\u00bbdefault\u00a0\u00bb hover_btn_align=\u00a0\u00bbleft\u00a0\u00bb use_custom_fonts_hover_title=\u00a0\u00bbtrue\u00a0\u00bb hover_add_button=\u00a0\u00bbtrue\u00a0\u00bb hover_custom_background=\u00a0\u00bb#047d52&Prime; el_class=\u00a0\u00bbespw-hover-box\u00a0\u00bb hover_btn_link=\u00a0\u00bburl:%2Ffr%2Floisirs%2Fen-route-avec-enfants-et-famille%2F|title:Unterwegs%20mit%20Kind%20%26%20Kegel\u00a0\u00bb]D\u00e9couvrez de nombreuses destinations d&rsquo;excursion particuli\u00e8rement int\u00e9ressantes pour les familles ! De plus, l&rsquo;\u00e9quipe Kucky de la Hochschwarzwald Tourismus GmbH &#8230;[\/vc_hoverbox][\/vc_column][vc_column width=\u00a0\u00bb1\/2&Prime; offset=\u00a0\u00bbvc_col-md-3&Prime; css=\u00a0\u00bb.vc_custom_1705417794791{margin-top: 25px !important;}\u00a0\u00bb][vc_hoverbox image=\u00a0\u00bb249&Prime; primary_title=\u00a0\u00bbActivit\u00e9s d&rsquo;hiver\u00a0\u00bb primary_align=\u00a0\u00bbleft\u00a0\u00bb hover_title=\u00a0\u00bbActivit\u00e9s d&rsquo;hiver\u00a0\u00bb hover_align=\u00a0\u00bbleft\u00a0\u00bb hover_title_use_theme_fonts=\u00a0\u00bbyes\u00a0\u00bb hover_background_color=\u00a0\u00bbcustom\u00a0\u00bb hover_btn_title=\u00a0\u00bbEn savoir plus\u00a0\u00bb hover_btn_style=\u00a0\u00bbflat\u00a0\u00bb hover_btn_shape=\u00a0\u00bbround\u00a0\u00bb hover_btn_color=\u00a0\u00bbdefault\u00a0\u00bb hover_btn_align=\u00a0\u00bbleft\u00a0\u00bb use_custom_fonts_hover_title=\u00a0\u00bbtrue\u00a0\u00bb hover_add_button=\u00a0\u00bbtrue\u00a0\u00bb hover_custom_background=\u00a0\u00bb#047d52&Prime; el_class=\u00a0\u00bbespw-hover-box\u00a0\u00bb hover_btn_link=\u00a0\u00bburl:%2Ffr%2Floisirs%2Factivites-dhiver%2F|title:Activit%C3%A9s%20d&rsquo;hiver\u00a0\u00bb]M\u00eame en hiver, la For\u00eat Noire a beaucoup \u00e0 offrir. La station de ski de Feldberg, ainsi que quelques petits remont\u00e9es m\u00e9caniques locales, invitent \u00e0 skier &#8230;[\/vc_hoverbox][\/vc_column][vc_column width=\u00a0\u00bb1\/2&Prime; offset=\u00a0\u00bbvc_col-md-3&Prime; css=\u00a0\u00bb.vc_custom_1705417798659{margin-top: 25px !important;}\u00a0\u00bb][vc_hoverbox image=\u00a0\u00bb482&Prime; primary_title=\u00a0\u00bbCyclisme\u00a0\u00bb primary_align=\u00a0\u00bbleft\u00a0\u00bb hover_title=\u00a0\u00bbCyclisme\u00a0\u00bb hover_align=\u00a0\u00bbleft\u00a0\u00bb hover_title_use_theme_fonts=\u00a0\u00bbyes\u00a0\u00bb hover_background_color=\u00a0\u00bbcustom\u00a0\u00bb hover_btn_title=\u00a0\u00bbEn savoir plus\u00a0\u00bb hover_btn_style=\u00a0\u00bbflat\u00a0\u00bb hover_btn_shape=\u00a0\u00bbround\u00a0\u00bb hover_btn_color=\u00a0\u00bbdefault\u00a0\u00bb hover_btn_align=\u00a0\u00bbleft\u00a0\u00bb use_custom_fonts_hover_title=\u00a0\u00bbtrue\u00a0\u00bb hover_add_button=\u00a0\u00bbtrue\u00a0\u00bb hover_custom_background=\u00a0\u00bb#047d52&Prime; el_class=\u00a0\u00bbespw-hover-box\u00a0\u00bb hover_btn_link=\u00a0\u00bburl:%2Ffr%2Floisirs%2Fcyclisme%2F|title:Fahrradfahren\u00a0\u00bb]Dans la For\u00eat Noire, vous attend un v\u00e9ritable paradis pour les cyclistes, avec des itin\u00e9raires vari\u00e9s \u00e0 travers des for\u00eats denses, le long de lacs cristallins et sur des hauteurs pittoresques &#8230;[\/vc_hoverbox][\/vc_column][\/vc_row]<\/p>\n<\/div>","protected":false},"excerpt":{"rendered":"<p>[vc_row css=\u00a0\u00bb.vc_custom_1706084603508{margin-top: 50px !important;}\u00a0\u00bb][vc_column][vc_column_text] Magie d&rsquo;hiver dans la For\u00eat Noire \u2013 Neige, plaisir et d\u00e9tente [\/vc_column_text][\/vc_column][\/vc_row][vc_row][vc_column][vc_single_image image=\u00a0\u00bb773&Prime; img_size=\u00a0\u00bbfull\u00a0\u00bb alignment=\u00a0\u00bbcenter\u00a0\u00bb][\/vc_column][\/vc_row][vc_row][vc_column][vc_column_text css=\u00a0\u00bb.vc_custom_1728900083624{margin-top: 20px !important;}\u00a0\u00bb]M\u00eame en hiver, la For\u00eat Noire se transforme en un v\u00e9ritable paradis pour les [&hellip;]<\/p>\n","protected":false},"author":1,"featured_media":0,"parent":999,"menu_order":0,"comment_status":"closed","ping_status":"closed","template":"","meta":{"footnotes":""},"class_list":["post-1033","page","type-page","status-publish","hentry"],"yoast_head":"<title>Pension Waldwinkel - Lenzkirch im Hochschwarzwald<\/title>\n<meta name=\"description\" content=\"Genie\u00dfen Sie das einzigartige Erholungsgebiet Schwarzwald und entspannen Sie sich in unserem gepflegten Ambiente.\" \/>\n<meta name=\"robots\" content=\"index, follow, max-snippet:-1, max-image-preview:large, max-video-preview:-1\" \/>\n<link rel=\"canonical\" href=\"https:\/\/pension-waldwinkel.de\/fr\/loisirs\/activites-dhiver\/\" \/>\n<meta property=\"og:locale\" content=\"fr_FR\" \/>\n<meta property=\"og:type\" content=\"article\" \/>\n<meta property=\"og:title\" content=\"Pension Waldwinkel - Lenzkirch im Hochschwarzwald\" \/>\n<meta property=\"og:description\" content=\"Genie\u00dfen Sie das einzigartige Erholungsgebiet Schwarzwald und entspannen Sie sich in unserem gepflegten Ambiente.\" \/>\n<meta property=\"og:url\" content=\"https:\/\/pension-waldwinkel.de\/fr\/loisirs\/activites-dhiver\/\" \/>\n<meta property=\"og:site_name\" content=\"Pension Waldwinkel\" \/>\n<meta property=\"article:modified_time\" content=\"2024-10-14T10:24:19+00:00\" \/>\n<meta name=\"twitter:card\" content=\"summary_large_image\" \/>\n<meta name=\"twitter:label1\" content=\"Dur\u00e9e de lecture estim\u00e9e\" \/>\n\t<meta name=\"twitter:data1\" content=\"7 minutes\" \/>\n<script type=\"application\/ld+json\" class=\"yoast-schema-graph\">{\"@context\":\"https:\/\/schema.org\",\"@graph\":[{\"@type\":\"WebPage\",\"@id\":\"https:\/\/pension-waldwinkel.de\/fr\/loisirs\/activites-dhiver\/\",\"url\":\"https:\/\/pension-waldwinkel.de\/fr\/loisirs\/activites-dhiver\/\",\"name\":\"Pension Waldwinkel - Lenzkirch im Hochschwarzwald\",\"isPartOf\":{\"@id\":\"https:\/\/pension-waldwinkel.de\/fr\/#website\"},\"datePublished\":\"2024-10-08T11:31:34+00:00\",\"dateModified\":\"2024-10-14T10:24:19+00:00\",\"description\":\"Genie\u00dfen Sie das einzigartige Erholungsgebiet Schwarzwald und entspannen Sie sich in unserem gepflegten Ambiente.\",\"breadcrumb\":{\"@id\":\"https:\/\/pension-waldwinkel.de\/fr\/loisirs\/activites-dhiver\/#breadcrumb\"},\"inLanguage\":\"fr-FR\",\"potentialAction\":[{\"@type\":\"ReadAction\",\"target\":[\"https:\/\/pension-waldwinkel.de\/fr\/loisirs\/activites-dhiver\/\"]}]},{\"@type\":\"BreadcrumbList\",\"@id\":\"https:\/\/pension-waldwinkel.de\/fr\/loisirs\/activites-dhiver\/#breadcrumb\",\"itemListElement\":[{\"@type\":\"ListItem\",\"position\":1,\"name\":\"Startseite\",\"item\":\"https:\/\/pension-waldwinkel.de\/fr\/\"},{\"@type\":\"ListItem\",\"position\":2,\"name\":\"Loisirs\",\"item\":\"https:\/\/pension-waldwinkel.de\/fr\/loisirs\/\"},{\"@type\":\"ListItem\",\"position\":3,\"name\":\"Activit\u00e9s d&rsquo;hiver\"}]},{\"@type\":\"WebSite\",\"@id\":\"https:\/\/pension-waldwinkel.de\/fr\/#website\",\"url\":\"https:\/\/pension-waldwinkel.de\/fr\/\",\"name\":\"Pension Waldwinkel\",\"description\":\"Lenzkirch im Hochschwarzwald\",\"potentialAction\":[{\"@type\":\"SearchAction\",\"target\":{\"@type\":\"EntryPoint\",\"urlTemplate\":\"https:\/\/pension-waldwinkel.de\/fr\/?s={search_term_string}\"},\"query-input\":{\"@type\":\"PropertyValueSpecification\",\"valueRequired\":true,\"valueName\":\"search_term_string\"}}],\"inLanguage\":\"fr-FR\"}]}<\/script>","yoast_head_json":{"title":"Pension Waldwinkel - Lenzkirch im Hochschwarzwald","description":"Genie\u00dfen Sie das einzigartige Erholungsgebiet Schwarzwald und entspannen Sie sich in unserem gepflegten Ambiente.","robots":{"index":"index","follow":"follow","max-snippet":"max-snippet:-1","max-image-preview":"max-image-preview:large","max-video-preview":"max-video-preview:-1"},"canonical":"https:\/\/pension-waldwinkel.de\/fr\/loisirs\/activites-dhiver\/","og_locale":"fr_FR","og_type":"article","og_title":"Pension Waldwinkel - Lenzkirch im Hochschwarzwald","og_description":"Genie\u00dfen Sie das einzigartige Erholungsgebiet Schwarzwald und entspannen Sie sich in unserem gepflegten Ambiente.","og_url":"https:\/\/pension-waldwinkel.de\/fr\/loisirs\/activites-dhiver\/","og_site_name":"Pension Waldwinkel","article_modified_time":"2024-10-14T10:24:19+00:00","twitter_card":"summary_large_image","twitter_misc":{"Dur\u00e9e de lecture estim\u00e9e":"7 minutes"},"schema":{"@context":"https:\/\/schema.org","@graph":[{"@type":"WebPage","@id":"https:\/\/pension-waldwinkel.de\/fr\/loisirs\/activites-dhiver\/","url":"https:\/\/pension-waldwinkel.de\/fr\/loisirs\/activites-dhiver\/","name":"Pension Waldwinkel - Lenzkirch im Hochschwarzwald","isPartOf":{"@id":"https:\/\/pension-waldwinkel.de\/fr\/#website"},"datePublished":"2024-10-08T11:31:34+00:00","dateModified":"2024-10-14T10:24:19+00:00","description":"Genie\u00dfen Sie das einzigartige Erholungsgebiet Schwarzwald und entspannen Sie sich in unserem gepflegten Ambiente.","breadcrumb":{"@id":"https:\/\/pension-waldwinkel.de\/fr\/loisirs\/activites-dhiver\/#breadcrumb"},"inLanguage":"fr-FR","potentialAction":[{"@type":"ReadAction","target":["https:\/\/pension-waldwinkel.de\/fr\/loisirs\/activites-dhiver\/"]}]},{"@type":"BreadcrumbList","@id":"https:\/\/pension-waldwinkel.de\/fr\/loisirs\/activites-dhiver\/#breadcrumb","itemListElement":[{"@type":"ListItem","position":1,"name":"Startseite","item":"https:\/\/pension-waldwinkel.de\/fr\/"},{"@type":"ListItem","position":2,"name":"Loisirs","item":"https:\/\/pension-waldwinkel.de\/fr\/loisirs\/"},{"@type":"ListItem","position":3,"name":"Activit\u00e9s d&rsquo;hiver"}]},{"@type":"WebSite","@id":"https:\/\/pension-waldwinkel.de\/fr\/#website","url":"https:\/\/pension-waldwinkel.de\/fr\/","name":"Pension Waldwinkel","description":"Lenzkirch im Hochschwarzwald","potentialAction":[{"@type":"SearchAction","target":{"@type":"EntryPoint","urlTemplate":"https:\/\/pension-waldwinkel.de\/fr\/?s={search_term_string}"},"query-input":{"@type":"PropertyValueSpecification","valueRequired":true,"valueName":"search_term_string"}}],"inLanguage":"fr-FR"}]}},"_links":{"self":[{"href":"https:\/\/pension-waldwinkel.de\/fr\/wp-json\/wp\/v2\/pages\/1033"}],"collection":[{"href":"https:\/\/pension-waldwinkel.de\/fr\/wp-json\/wp\/v2\/pages"}],"about":[{"href":"https:\/\/pension-waldwinkel.de\/fr\/wp-json\/wp\/v2\/types\/page"}],"author":[{"embeddable":true,"href":"https:\/\/pension-waldwinkel.de\/fr\/wp-json\/wp\/v2\/users\/1"}],"replies":[{"embeddable":true,"href":"https:\/\/pension-waldwinkel.de\/fr\/wp-json\/wp\/v2\/comments?post=1033"}],"version-history":[{"count":6,"href":"https:\/\/pension-waldwinkel.de\/fr\/wp-json\/wp\/v2\/pages\/1033\/revisions"}],"predecessor-version":[{"id":1063,"href":"https:\/\/pension-waldwinkel.de\/fr\/wp-json\/wp\/v2\/pages\/1033\/revisions\/1063"}],"up":[{"embeddable":true,"href":"https:\/\/pension-waldwinkel.de\/fr\/wp-json\/wp\/v2\/pages\/999"}],"wp:attachment":[{"href":"https:\/\/pension-waldwinkel.de\/fr\/wp-json\/wp\/v2\/media?parent=1033"}],"curies":[{"name":"wp","href":"https:\/\/api.w.org\/{rel}","templated":true}]}}