{"id":1072,"date":"2024-01-16T13:47:23","date_gmt":"2024-01-16T12:47:23","guid":{"rendered":"https:\/\/pension-waldwinkel.eseom.de\/impressum\/"},"modified":"2024-10-14T12:57:14","modified_gmt":"2024-10-14T10:57:14","slug":"mentions-legales","status":"publish","type":"page","link":"https:\/\/pension-waldwinkel.de\/fr\/mentions-legales\/","title":{"rendered":"Mentions l\u00e9gales"},"content":{"rendered":"<div class=\"wpb-content-wrapper\"><p>[vc_row css=\u00a0\u00bb.vc_custom_1705409227237{margin-top: 25px !important;}\u00a0\u00bb][vc_column][vc_custom_heading text=\u00a0\u00bbMentions l\u00e9gales\u00a0\u00bb font_container=\u00a0\u00bbtag:h1|text_align:left\u00a0\u00bb use_theme_fonts=\u00a0\u00bbyes\u00a0\u00bb][vc_column_text css=\u00a0\u00bb.vc_custom_1728903431718{margin-top: 25px !important;}\u00a0\u00bb]Famille Sch\u00fclein<br \/>\nHaldenweg 19<br \/>\n79853 Lenzkirch<\/p>\n<p>T\u00e9l\u00e9phone : +49 (0) 76 53 &#8211; 18 16<br \/>\nT\u00e9l\u00e9copie : +49 (0) 76 53 &#8211; 96 05 72<\/p>\n<p>e-mail : info@pension-waldwinkel.de<br \/>\nInternet : www.pension-waldwinkel.de<\/p>\n<p>Propri\u00e9taire : Manfred Sch\u00fclein<br \/>\nAutorit\u00e9 de surveillance comp\u00e9tente : Bureau de l&rsquo;\u00e9conomie de Titisee-Neustadt<br \/>\nNum\u00e9ro d&rsquo;identification \u00e0 la TVA selon \u00a7 27 a de la loi sur la taxe sur le chiffre d&rsquo;affaires : DE 190554971<\/p>\n<p>Responsable du contenu selon \u00a7 10, alin\u00e9a 3 MDStV : Manfred Sch\u00fclein (adresse voir ci-dessus)<\/p>\n<p><strong>Responsabilit\u00e9 pour le contenu<\/strong><br \/>\nLe contenu de ces pages est cr\u00e9\u00e9 au mieux de notre connaissance et de notre conscience. Cependant, aucune garantie ne peut \u00eatre donn\u00e9e quant \u00e0 l&rsquo;exactitude, l&rsquo;exhaustivit\u00e9 et l&rsquo;actualit\u00e9 de ces contenus.<\/p>\n<p><strong>Droits d&rsquo;auteur \/ droits d&rsquo;exploitation<\/strong><br \/>\nLes publications sur ces pages sont soumises au droit d&rsquo;auteur allemand. La reproduction, l&rsquo;\u00e9dition et toute forme d&rsquo;exploitation en dehors des limites du droit d&rsquo;auteur n\u00e9cessitent l&rsquo;accord de Manfred Sch\u00fclein ou de l&rsquo;auteur concern\u00e9. Les t\u00e9l\u00e9chargements et copies de ces pages ne sont autoris\u00e9s que pour un usage priv\u00e9 et non commercial. Si vous souhaitez reprendre du contenu de nos pages, veuillez nous contacter.<\/p>\n<p><strong>Responsabilit\u00e9 pour les liens<\/strong><br \/>\nLes liens externes mentionn\u00e9s renvoient \u00e0 des contenus de fournisseurs \u00e9trangers. Le fournisseur respectif est seul responsable de ces contenus. En cas de violation du droit, ces liens seront imm\u00e9diatement supprim\u00e9s.<br \/>\n[\/vc_column_text][\/vc_column][\/vc_row]<\/p>\n<\/div>","protected":false},"excerpt":{"rendered":"<p>[vc_row css=\u00a0\u00bb.vc_custom_1705409227237{margin-top: 25px !important;}\u00a0\u00bb][vc_column][vc_custom_heading text=\u00a0\u00bbMentions l\u00e9gales\u00a0\u00bb font_container=\u00a0\u00bbtag:h1|text_align:left\u00a0\u00bb use_theme_fonts=\u00a0\u00bbyes\u00a0\u00bb][vc_column_text css=\u00a0\u00bb.vc_custom_1728903431718{margin-top: 25px !important;}\u00a0\u00bb]Famille Sch\u00fclein Haldenweg 19 79853 Lenzkirch T\u00e9l\u00e9phone : +49 (0) 76 53 &#8211; 18 16 T\u00e9l\u00e9copie : +49 (0) 76 53 &#8211; 96 05 72 [&hellip;]<\/p>\n","protected":false},"author":1,"featured_media":0,"parent":0,"menu_order":0,"comment_status":"closed","ping_status":"closed","template":"","meta":{"footnotes":""},"class_list":["post-1072","page","type-page","status-publish","hentry"],"yoast_head":"<title>Mentions l\u00e9gales - Pension Waldwinkel<\/title>\n<meta name=\"robots\" content=\"noindex, nofollow\" \/>\n<meta property=\"og:locale\" content=\"fr_FR\" \/>\n<meta property=\"og:type\" content=\"article\" \/>\n<meta property=\"og:title\" content=\"Mentions l\u00e9gales - Pension Waldwinkel\" \/>\n<meta property=\"og:description\" content=\"[vc_row css=\u00a0\u00bb.vc_custom_1705409227237{margin-top: 25px !important;}\u00a0\u00bb][vc_column][vc_custom_heading text=\u00a0\u00bbMentions l\u00e9gales\u00a0\u00bb font_container=\u00a0\u00bbtag:h1|text_align:left\u00a0\u00bb use_theme_fonts=\u00a0\u00bbyes\u00a0\u00bb][vc_column_text css=\u00a0\u00bb.vc_custom_1728903431718{margin-top: 25px !important;}\u00a0\u00bb]Famille Sch\u00fclein Haldenweg 19 79853 Lenzkirch T\u00e9l\u00e9phone : +49 (0) 76 53 &#8211; 18 16 T\u00e9l\u00e9copie : +49 (0) 76 53 &#8211; 96 05 72 [&hellip;]\" \/>\n<meta property=\"og:url\" content=\"https:\/\/pension-waldwinkel.de\/fr\/mentions-legales\/\" \/>\n<meta property=\"og:site_name\" content=\"Pension Waldwinkel\" \/>\n<meta property=\"article:modified_time\" content=\"2024-10-14T10:57:14+00:00\" \/>\n<meta name=\"twitter:card\" content=\"summary_large_image\" \/>\n<meta name=\"twitter:label1\" content=\"Dur\u00e9e de lecture estim\u00e9e\" \/>\n\t<meta name=\"twitter:data1\" content=\"2 minutes\" \/>\n<script type=\"application\/ld+json\" class=\"yoast-schema-graph\">{\"@context\":\"https:\/\/schema.org\",\"@graph\":[{\"@type\":\"WebPage\",\"@id\":\"https:\/\/pension-waldwinkel.de\/fr\/mentions-legales\/\",\"url\":\"https:\/\/pension-waldwinkel.de\/fr\/mentions-legales\/\",\"name\":\"Mentions l\u00e9gales - Pension Waldwinkel\",\"isPartOf\":{\"@id\":\"https:\/\/pension-waldwinkel.de\/fr\/#website\"},\"datePublished\":\"2024-01-16T12:47:23+00:00\",\"dateModified\":\"2024-10-14T10:57:14+00:00\",\"breadcrumb\":{\"@id\":\"https:\/\/pension-waldwinkel.de\/fr\/mentions-legales\/#breadcrumb\"},\"inLanguage\":\"fr-FR\",\"potentialAction\":[{\"@type\":\"ReadAction\",\"target\":[\"https:\/\/pension-waldwinkel.de\/fr\/mentions-legales\/\"]}]},{\"@type\":\"BreadcrumbList\",\"@id\":\"https:\/\/pension-waldwinkel.de\/fr\/mentions-legales\/#breadcrumb\",\"itemListElement\":[{\"@type\":\"ListItem\",\"position\":1,\"name\":\"Startseite\",\"item\":\"https:\/\/pension-waldwinkel.de\/fr\/\"},{\"@type\":\"ListItem\",\"position\":2,\"name\":\"Mentions l\u00e9gales\"}]},{\"@type\":\"WebSite\",\"@id\":\"https:\/\/pension-waldwinkel.de\/fr\/#website\",\"url\":\"https:\/\/pension-waldwinkel.de\/fr\/\",\"name\":\"Pension Waldwinkel\",\"description\":\"Lenzkirch im Hochschwarzwald\",\"potentialAction\":[{\"@type\":\"SearchAction\",\"target\":{\"@type\":\"EntryPoint\",\"urlTemplate\":\"https:\/\/pension-waldwinkel.de\/fr\/?s={search_term_string}\"},\"query-input\":{\"@type\":\"PropertyValueSpecification\",\"valueRequired\":true,\"valueName\":\"search_term_string\"}}],\"inLanguage\":\"fr-FR\"}]}<\/script>","yoast_head_json":{"title":"Mentions l\u00e9gales - Pension Waldwinkel","robots":{"index":"noindex","follow":"nofollow"},"og_locale":"fr_FR","og_type":"article","og_title":"Mentions l\u00e9gales - Pension Waldwinkel","og_description":"[vc_row css=\u00a0\u00bb.vc_custom_1705409227237{margin-top: 25px !important;}\u00a0\u00bb][vc_column][vc_custom_heading text=\u00a0\u00bbMentions l\u00e9gales\u00a0\u00bb font_container=\u00a0\u00bbtag:h1|text_align:left\u00a0\u00bb use_theme_fonts=\u00a0\u00bbyes\u00a0\u00bb][vc_column_text css=\u00a0\u00bb.vc_custom_1728903431718{margin-top: 25px !important;}\u00a0\u00bb]Famille Sch\u00fclein Haldenweg 19 79853 Lenzkirch T\u00e9l\u00e9phone : +49 (0) 76 53 &#8211; 18 16 T\u00e9l\u00e9copie : +49 (0) 76 53 &#8211; 96 05 72 [&hellip;]","og_url":"https:\/\/pension-waldwinkel.de\/fr\/mentions-legales\/","og_site_name":"Pension Waldwinkel","article_modified_time":"2024-10-14T10:57:14+00:00","twitter_card":"summary_large_image","twitter_misc":{"Dur\u00e9e de lecture estim\u00e9e":"2 minutes"},"schema":{"@context":"https:\/\/schema.org","@graph":[{"@type":"WebPage","@id":"https:\/\/pension-waldwinkel.de\/fr\/mentions-legales\/","url":"https:\/\/pension-waldwinkel.de\/fr\/mentions-legales\/","name":"Mentions l\u00e9gales - Pension Waldwinkel","isPartOf":{"@id":"https:\/\/pension-waldwinkel.de\/fr\/#website"},"datePublished":"2024-01-16T12:47:23+00:00","dateModified":"2024-10-14T10:57:14+00:00","breadcrumb":{"@id":"https:\/\/pension-waldwinkel.de\/fr\/mentions-legales\/#breadcrumb"},"inLanguage":"fr-FR","potentialAction":[{"@type":"ReadAction","target":["https:\/\/pension-waldwinkel.de\/fr\/mentions-legales\/"]}]},{"@type":"BreadcrumbList","@id":"https:\/\/pension-waldwinkel.de\/fr\/mentions-legales\/#breadcrumb","itemListElement":[{"@type":"ListItem","position":1,"name":"Startseite","item":"https:\/\/pension-waldwinkel.de\/fr\/"},{"@type":"ListItem","position":2,"name":"Mentions l\u00e9gales"}]},{"@type":"WebSite","@id":"https:\/\/pension-waldwinkel.de\/fr\/#website","url":"https:\/\/pension-waldwinkel.de\/fr\/","name":"Pension Waldwinkel","description":"Lenzkirch im Hochschwarzwald","potentialAction":[{"@type":"SearchAction","target":{"@type":"EntryPoint","urlTemplate":"https:\/\/pension-waldwinkel.de\/fr\/?s={search_term_string}"},"query-input":{"@type":"PropertyValueSpecification","valueRequired":true,"valueName":"search_term_string"}}],"inLanguage":"fr-FR"}]}},"_links":{"self":[{"href":"https:\/\/pension-waldwinkel.de\/fr\/wp-json\/wp\/v2\/pages\/1072"}],"collection":[{"href":"https:\/\/pension-waldwinkel.de\/fr\/wp-json\/wp\/v2\/pages"}],"about":[{"href":"https:\/\/pension-waldwinkel.de\/fr\/wp-json\/wp\/v2\/types\/page"}],"author":[{"embeddable":true,"href":"https:\/\/pension-waldwinkel.de\/fr\/wp-json\/wp\/v2\/users\/1"}],"replies":[{"embeddable":true,"href":"https:\/\/pension-waldwinkel.de\/fr\/wp-json\/wp\/v2\/comments?post=1072"}],"version-history":[{"count":1,"href":"https:\/\/pension-waldwinkel.de\/fr\/wp-json\/wp\/v2\/pages\/1072\/revisions"}],"predecessor-version":[{"id":1073,"href":"https:\/\/pension-waldwinkel.de\/fr\/wp-json\/wp\/v2\/pages\/1072\/revisions\/1073"}],"wp:attachment":[{"href":"https:\/\/pension-waldwinkel.de\/fr\/wp-json\/wp\/v2\/media?parent=1072"}],"curies":[{"name":"wp","href":"https:\/\/api.w.org\/{rel}","templated":true}]}}