{"id":1075,"date":"2024-01-16T17:11:26","date_gmt":"2024-01-16T16:11:26","guid":{"rendered":"https:\/\/pension-waldwinkel.eseom.de\/kontakt\/"},"modified":"2024-10-24T13:17:00","modified_gmt":"2024-10-24T11:17:00","slug":"contact","status":"publish","type":"page","link":"https:\/\/pension-waldwinkel.de\/fr\/contact\/","title":{"rendered":"Contact"},"content":{"rendered":"<div class=\"wpb-content-wrapper\"><p>[vc_row css=\u00a0\u00bb.vc_custom_1728397005679{margin-top: 50px !important;margin-bottom: 50px !important;}\u00a0\u00bb][vc_column width=\u00a0\u00bb3\/4&Prime; css=\u00a0\u00bb.vc_custom_1705430482575{margin-top: 25px !important;}\u00a0\u00bb][vc_column_text]<\/p>\n<h1 class=\"fw-normal\"><span class=\"fw-bold\">Contactez-nous<\/span> \u2013 Nous avons h\u00e2te de vous voir !<\/h1>\n<p>[\/vc_column_text][vc_column_text]Avez-vous des questions ou souhaitez-vous r\u00e9server votre s\u00e9jour directement ? N&rsquo;h\u00e9sitez pas \u00e0 nous contacter. Nous avons h\u00e2te de vous accueillir bient\u00f4t dans notre Pension Waldwinkel.[\/vc_column_text]\n<div class=\"wpcf7 no-js\" id=\"wpcf7-f1080-o1\" lang=\"fr-FR\" dir=\"ltr\" data-wpcf7-id=\"1080\">\n<div class=\"screen-reader-response\"><p role=\"status\" aria-live=\"polite\" aria-atomic=\"true\"><\/p> <ul><\/ul><\/div>\n<form action=\"\/fr\/wp-json\/wp\/v2\/pages\/1075#wpcf7-f1080-o1\" method=\"post\" class=\"wpcf7-form init\" aria-label=\"Formulaire de contact\" novalidate=\"novalidate\" data-status=\"init\">\n<div style=\"display: none;\">\n<input type=\"hidden\" name=\"_wpcf7\" value=\"1080\" \/>\n<input type=\"hidden\" name=\"_wpcf7_version\" value=\"6.0\" \/>\n<input type=\"hidden\" name=\"_wpcf7_locale\" value=\"fr_FR\" \/>\n<input type=\"hidden\" name=\"_wpcf7_unit_tag\" value=\"wpcf7-f1080-o1\" \/>\n<input type=\"hidden\" name=\"_wpcf7_container_post\" value=\"0\" \/>\n<input type=\"hidden\" name=\"_wpcf7_posted_data_hash\" value=\"\" \/>\n<\/div>\n<p><span class=\"wpcf7-form-control-wrap\" data-name=\"your-name\"><input size=\"40\" maxlength=\"400\" class=\"wpcf7-form-control wpcf7-text wpcf7-validates-as-required form-control\" aria-required=\"true\" aria-invalid=\"false\" placeholder=\"Saisir le nom\" value=\"\" type=\"text\" name=\"your-name\" \/><\/span><span id=\"wpcf7-69e49e8ab599f-wrapper\" class=\"wpcf7-form-control-wrap firstname-549-wrap\" ><input type=\"hidden\" name=\"firstname-549-time-start\" value=\"1776590474\"><input type=\"hidden\" name=\"firstname-549-time-check\" value=\"10\"><label for=\"wpcf7-69e49e8ab599f-field\" class=\"hp-message\">Veuillez laisser ce champ vide.<\/label><input id=\"wpcf7-69e49e8ab599f-field\"  placeholder=\"Vorname\"  class=\"wpcf7-form-control wpcf7-text\" type=\"text\" name=\"firstname-549\" value=\"\" size=\"40\" tabindex=\"-1\" autocomplete=\"new-password\" \/><\/span><span id=\"wpcf7-69e49e8ab5a38-wrapper\" class=\"wpcf7-form-control-wrap lastname-549-wrap\" ><input type=\"hidden\" name=\"lastname-549-time-start\" value=\"1776590474\"><input type=\"hidden\" name=\"lastname-549-time-check\" value=\"10\"><label for=\"wpcf7-69e49e8ab5a38-field\" class=\"hp-message\">Veuillez laisser ce champ vide.<\/label><input id=\"wpcf7-69e49e8ab5a38-field\"  placeholder=\"Nachname\"  class=\"wpcf7-form-control wpcf7-text\" type=\"text\" name=\"lastname-549\" value=\"\" size=\"40\" tabindex=\"-1\" autocomplete=\"new-password\" \/><\/span><br \/>\n<span class=\"wpcf7-form-control-wrap\" data-name=\"your-email\"><input size=\"40\" maxlength=\"400\" class=\"wpcf7-form-control wpcf7-email wpcf7-validates-as-required wpcf7-text wpcf7-validates-as-email form-control\" aria-required=\"true\" aria-invalid=\"false\" placeholder=\"Saisir l&#039;adresse e-mail\" value=\"\" type=\"email\" name=\"your-email\" \/><\/span><br \/>\n<span class=\"wpcf7-form-control-wrap\" data-name=\"betreff\"><input size=\"40\" maxlength=\"400\" class=\"wpcf7-form-control wpcf7-text wpcf7-validates-as-required form-control\" aria-required=\"true\" aria-invalid=\"false\" placeholder=\"Saisir l&#039;objet\" value=\"\" type=\"text\" name=\"betreff\" \/><\/span><br \/>\n<span class=\"wpcf7-form-control-wrap\" data-name=\"your-message\"><textarea cols=\"40\" rows=\"10\" maxlength=\"2000\" class=\"wpcf7-form-control wpcf7-textarea form-control\" aria-invalid=\"false\" placeholder=\"Saisir le message\" name=\"your-message\"><\/textarea><\/span><br \/>\n<span class=\"wpcf7-form-control-wrap\" data-name=\"datenschutz-chb\"><span class=\"wpcf7-form-control wpcf7-acceptance\"><span class=\"wpcf7-list-item\"><label><input type=\"checkbox\" name=\"datenschutz-chb\" value=\"1\" id=\"datenschutz-cbid\" aria-invalid=\"false\" \/><span class=\"wpcf7-list-item-label\">Les donn\u00e9es saisies ici sont transmises de mani\u00e8re crypt\u00e9e. Nous utilisons ces donn\u00e9es uniquement pour prendre contact avec vous ou pour traiter votre demande, et nous ne les transmettons pas. Pour plus d'informations, veuillez consulter nos<\/span><\/label><\/span><\/span><\/span>\n<\/p>\n<p><script>\njQuery(document).ready(function ($) {\n$('#datenschutz-cbid + .wpcf7-list-item-label').append('<a href=\"\/datenschutz\/\" id=\"datenschutzlink\"> Conditions de confidentialit\u00e9<\/a>.');\n});\n<\/script>\n<\/p>\n<p><button id='submit' class='wpcf7-form-control wpcf7-submit btn btn-green'>Envoyer<\/button>\n<\/p><div class=\"wpcf7-response-output\" aria-hidden=\"true\"><\/div>\n<\/form>\n<\/div>\n[\/vc_column][vc_column width=\u00a0\u00bb1\/4&Prime; css=\u00a0\u00bb.vc_custom_1705430562930{margin-top: 25px !important;}\u00a0\u00bb][vc_custom_heading text=\u00a0\u00bbInformations de contact\u00a0\u00bb use_theme_fonts=\u00a0\u00bbyes\u00a0\u00bb][vc_column_text]Pension Waldwinkel<br \/>\nManfred et Frauke Sch\u00fclein<br \/>\nHaldenweg 19 D \u2013 79853 Lenzkirch<br \/>\n0049 (0) 7653 1816<br \/>\nE-Mail : <a href=\"mailto:info@pension-waldwinkel.de\">info@pension-waldwinkel.de<\/a><br \/>\nwww.pension-waldwinkel.de<\/p>\n<p>Conditions d&rsquo;annulation : <a href=\"\/fr\/conditions-generales-dannulation\/\">Conditions g\u00e9n\u00e9rales d&rsquo;annulation<\/a>[\/vc_column_text][vc_custom_heading text=\u00a0\u00bbC\u00e9l\u00e9brations familiales\u00a0\u00bb use_theme_fonts=\u00a0\u00bbyes\u00a0\u00bb][vc_single_image image=\u00a0\u00bb1198&Prime; img_size=\u00a0\u00bbfull\u00a0\u00bb alignment=\u00a0\u00bbcenter\u00a0\u00bb css=\u00a0\u00bb.vc_custom_1729768619729{margin-bottom: 15px !important;}\u00a0\u00bb][vc_column_text]Dans nos locaux, des c\u00e9l\u00e9brations familiales jusqu&rsquo;\u00e0 30 personnes sont \u00e9galement possibles. Nous vous proposons bien s\u00fbr un menu sur mesure, allant du typique \u00e0 l&rsquo;original et sensationnel &#8230;<br \/>\n[\/vc_column_text][\/vc_column][\/vc_row][vc_row css=\u00a0\u00bb.vc_custom_1706084603508{margin-top: 50px !important;}\u00a0\u00bb][vc_column][\/vc_column][\/vc_row]<\/p>\n<\/div>","protected":false},"excerpt":{"rendered":"<p>[vc_row css=\u00a0\u00bb.vc_custom_1728397005679{margin-top: 50px !important;margin-bottom: 50px !important;}\u00a0\u00bb][vc_column width=\u00a0\u00bb3\/4&Prime; css=\u00a0\u00bb.vc_custom_1705430482575{margin-top: 25px !important;}\u00a0\u00bb][vc_column_text] Contactez-nous \u2013 Nous avons h\u00e2te de vous voir ! [\/vc_column_text][vc_column_text]Avez-vous des questions ou souhaitez-vous r\u00e9server votre s\u00e9jour directement ? N&rsquo;h\u00e9sitez pas \u00e0 nous contacter. Nous [&hellip;]<\/p>\n","protected":false},"author":1,"featured_media":0,"parent":0,"menu_order":0,"comment_status":"closed","ping_status":"closed","template":"","meta":{"footnotes":""},"class_list":["post-1075","page","type-page","status-publish","hentry"],"yoast_head":"<title>Contact - Pension Waldwinkel<\/title>\n<meta name=\"robots\" content=\"index, follow, max-snippet:-1, max-image-preview:large, max-video-preview:-1\" \/>\n<link rel=\"canonical\" href=\"https:\/\/pension-waldwinkel.de\/fr\/contact\/\" \/>\n<meta property=\"og:locale\" content=\"fr_FR\" \/>\n<meta property=\"og:type\" content=\"article\" \/>\n<meta property=\"og:title\" content=\"Contact - Pension Waldwinkel\" \/>\n<meta property=\"og:description\" content=\"[vc_row css=\u00a0\u00bb.vc_custom_1728397005679{margin-top: 50px !important;margin-bottom: 50px !important;}\u00a0\u00bb][vc_column width=\u00a0\u00bb3\/4&Prime; css=\u00a0\u00bb.vc_custom_1705430482575{margin-top: 25px !important;}\u00a0\u00bb][vc_column_text] Contactez-nous \u2013 Nous avons h\u00e2te de vous voir ! [\/vc_column_text][vc_column_text]Avez-vous des questions ou souhaitez-vous r\u00e9server votre s\u00e9jour directement ? N&rsquo;h\u00e9sitez pas \u00e0 nous contacter. Nous [&hellip;]\" \/>\n<meta property=\"og:url\" content=\"https:\/\/pension-waldwinkel.de\/fr\/contact\/\" \/>\n<meta property=\"og:site_name\" content=\"Pension Waldwinkel\" \/>\n<meta property=\"article:modified_time\" content=\"2024-10-24T11:17:00+00:00\" \/>\n<meta name=\"twitter:card\" content=\"summary_large_image\" \/>\n<meta name=\"twitter:label1\" content=\"Dur\u00e9e de lecture estim\u00e9e\" \/>\n\t<meta name=\"twitter:data1\" content=\"1 minute\" \/>\n<script type=\"application\/ld+json\" class=\"yoast-schema-graph\">{\"@context\":\"https:\/\/schema.org\",\"@graph\":[{\"@type\":\"WebPage\",\"@id\":\"https:\/\/pension-waldwinkel.de\/fr\/contact\/\",\"url\":\"https:\/\/pension-waldwinkel.de\/fr\/contact\/\",\"name\":\"Contact - Pension Waldwinkel\",\"isPartOf\":{\"@id\":\"https:\/\/pension-waldwinkel.de\/fr\/#website\"},\"datePublished\":\"2024-01-16T16:11:26+00:00\",\"dateModified\":\"2024-10-24T11:17:00+00:00\",\"breadcrumb\":{\"@id\":\"https:\/\/pension-waldwinkel.de\/fr\/contact\/#breadcrumb\"},\"inLanguage\":\"fr-FR\",\"potentialAction\":[{\"@type\":\"ReadAction\",\"target\":[\"https:\/\/pension-waldwinkel.de\/fr\/contact\/\"]}]},{\"@type\":\"BreadcrumbList\",\"@id\":\"https:\/\/pension-waldwinkel.de\/fr\/contact\/#breadcrumb\",\"itemListElement\":[{\"@type\":\"ListItem\",\"position\":1,\"name\":\"Startseite\",\"item\":\"https:\/\/pension-waldwinkel.de\/fr\/\"},{\"@type\":\"ListItem\",\"position\":2,\"name\":\"Contact\"}]},{\"@type\":\"WebSite\",\"@id\":\"https:\/\/pension-waldwinkel.de\/fr\/#website\",\"url\":\"https:\/\/pension-waldwinkel.de\/fr\/\",\"name\":\"Pension Waldwinkel\",\"description\":\"Lenzkirch im Hochschwarzwald\",\"potentialAction\":[{\"@type\":\"SearchAction\",\"target\":{\"@type\":\"EntryPoint\",\"urlTemplate\":\"https:\/\/pension-waldwinkel.de\/fr\/?s={search_term_string}\"},\"query-input\":{\"@type\":\"PropertyValueSpecification\",\"valueRequired\":true,\"valueName\":\"search_term_string\"}}],\"inLanguage\":\"fr-FR\"}]}<\/script>","yoast_head_json":{"title":"Contact - Pension Waldwinkel","robots":{"index":"index","follow":"follow","max-snippet":"max-snippet:-1","max-image-preview":"max-image-preview:large","max-video-preview":"max-video-preview:-1"},"canonical":"https:\/\/pension-waldwinkel.de\/fr\/contact\/","og_locale":"fr_FR","og_type":"article","og_title":"Contact - Pension Waldwinkel","og_description":"[vc_row css=\u00a0\u00bb.vc_custom_1728397005679{margin-top: 50px !important;margin-bottom: 50px !important;}\u00a0\u00bb][vc_column width=\u00a0\u00bb3\/4&Prime; css=\u00a0\u00bb.vc_custom_1705430482575{margin-top: 25px !important;}\u00a0\u00bb][vc_column_text] Contactez-nous \u2013 Nous avons h\u00e2te de vous voir ! [\/vc_column_text][vc_column_text]Avez-vous des questions ou souhaitez-vous r\u00e9server votre s\u00e9jour directement ? N&rsquo;h\u00e9sitez pas \u00e0 nous contacter. Nous [&hellip;]","og_url":"https:\/\/pension-waldwinkel.de\/fr\/contact\/","og_site_name":"Pension Waldwinkel","article_modified_time":"2024-10-24T11:17:00+00:00","twitter_card":"summary_large_image","twitter_misc":{"Dur\u00e9e de lecture estim\u00e9e":"1 minute"},"schema":{"@context":"https:\/\/schema.org","@graph":[{"@type":"WebPage","@id":"https:\/\/pension-waldwinkel.de\/fr\/contact\/","url":"https:\/\/pension-waldwinkel.de\/fr\/contact\/","name":"Contact - Pension Waldwinkel","isPartOf":{"@id":"https:\/\/pension-waldwinkel.de\/fr\/#website"},"datePublished":"2024-01-16T16:11:26+00:00","dateModified":"2024-10-24T11:17:00+00:00","breadcrumb":{"@id":"https:\/\/pension-waldwinkel.de\/fr\/contact\/#breadcrumb"},"inLanguage":"fr-FR","potentialAction":[{"@type":"ReadAction","target":["https:\/\/pension-waldwinkel.de\/fr\/contact\/"]}]},{"@type":"BreadcrumbList","@id":"https:\/\/pension-waldwinkel.de\/fr\/contact\/#breadcrumb","itemListElement":[{"@type":"ListItem","position":1,"name":"Startseite","item":"https:\/\/pension-waldwinkel.de\/fr\/"},{"@type":"ListItem","position":2,"name":"Contact"}]},{"@type":"WebSite","@id":"https:\/\/pension-waldwinkel.de\/fr\/#website","url":"https:\/\/pension-waldwinkel.de\/fr\/","name":"Pension Waldwinkel","description":"Lenzkirch im Hochschwarzwald","potentialAction":[{"@type":"SearchAction","target":{"@type":"EntryPoint","urlTemplate":"https:\/\/pension-waldwinkel.de\/fr\/?s={search_term_string}"},"query-input":{"@type":"PropertyValueSpecification","valueRequired":true,"valueName":"search_term_string"}}],"inLanguage":"fr-FR"}]}},"_links":{"self":[{"href":"https:\/\/pension-waldwinkel.de\/fr\/wp-json\/wp\/v2\/pages\/1075"}],"collection":[{"href":"https:\/\/pension-waldwinkel.de\/fr\/wp-json\/wp\/v2\/pages"}],"about":[{"href":"https:\/\/pension-waldwinkel.de\/fr\/wp-json\/wp\/v2\/types\/page"}],"author":[{"embeddable":true,"href":"https:\/\/pension-waldwinkel.de\/fr\/wp-json\/wp\/v2\/users\/1"}],"replies":[{"embeddable":true,"href":"https:\/\/pension-waldwinkel.de\/fr\/wp-json\/wp\/v2\/comments?post=1075"}],"version-history":[{"count":6,"href":"https:\/\/pension-waldwinkel.de\/fr\/wp-json\/wp\/v2\/pages\/1075\/revisions"}],"predecessor-version":[{"id":1201,"href":"https:\/\/pension-waldwinkel.de\/fr\/wp-json\/wp\/v2\/pages\/1075\/revisions\/1201"}],"wp:attachment":[{"href":"https:\/\/pension-waldwinkel.de\/fr\/wp-json\/wp\/v2\/media?parent=1075"}],"curies":[{"name":"wp","href":"https:\/\/api.w.org\/{rel}","templated":true}]}}