{"id":1083,"date":"2024-01-24T09:19:25","date_gmt":"2024-01-24T08:19:25","guid":{"rendered":"https:\/\/pension-waldwinkel.eseom.de\/pension\/"},"modified":"2025-11-18T08:59:12","modified_gmt":"2025-11-18T07:59:12","slug":"pension","status":"publish","type":"page","link":"https:\/\/pension-waldwinkel.de\/fr\/pension\/","title":{"rendered":"Pension"},"content":{"rendered":"<div class=\"wpb-content-wrapper\"><p>[vc_row css=\u00a0\u00bb.vc_custom_1706084603508{margin-top: 50px !important;}\u00a0\u00bb][vc_column][vc_column_text]<\/p>\n<h1 class=\"text-center fw-normal\">Votre h\u00f4te, la famille Sch\u00fclein \u2013 <span class=\"fw-bold\">vous souhaite la bienvenue<\/span><\/h1>\n<p>[\/vc_column_text][\/vc_column][\/vc_row][vc_row css=\u00a0\u00bb.vc_custom_1705433276104{margin-top: 0px !important;}\u00a0\u00bb][vc_column][vc_raw_html]JTNDdmlkZW8lMjB3aWR0aCUzRCUyMjEwMCUyNSUyMiUyMGNvbnRyb2xzJTIwcG9zdGVyJTNEJTIyJTJGd3AtY29udGVudCUyRnVwbG9hZHMlMkZwZW5zaW9uLXdhbGR3aW5rZWwlMkZ2aWRlby1wcmV2aWV3LXBlbnNpb24td2FsZHdpbmtlbC53ZWJwJTIyJTNFJTBBJTIwJTIwJTNDc291cmNlJTIwc3JjJTNEJTIyJTJGd3AtY29udGVudCUyRnVwbG9hZHMlMkZwZW5zaW9uLXdhbGR3aW5rZWwlMkZwZW5zaW9uLXdhbGR3aW5rZWwtbGVuemtpcmNoLWhvY2hzY2h3YXJ6d2FsZC5tcDQlMjIlMjB0eXBlJTNEJTIydmlkZW8lMkZtcDQlMjIlM0UlMEElMjAlMjBZb3VyJTIwYnJvd3NlciUyMGRvZXMlMjBub3QlMjBzdXBwb3J0JTIwdGhlJTIwdmlkZW8lMjB0YWcuJTBBJTNDJTJGdmlkZW8lM0U=[\/vc_raw_html][\/vc_column][\/vc_row][vc_row][vc_column][vc_column_text css=\u00a0\u00bb.vc_custom_1728904005710{margin-top: 20px !important;}\u00a0\u00bb]<\/p>\n<p style=\"text-align: center;\">Nous, Manfred et Frauke Sch\u00fclein, g\u00e9rons la Pension Waldwinkel avec <strong>passion et d\u00e9vouement<\/strong>. Depuis 2001, notre objectif est de vous offrir un s\u00e9jour qui <strong>ne laisse aucun d\u00e9sir inassouvi<\/strong>. En tant que cuisinier et p\u00e2tissier, je m&rsquo;occupe personnellement de votre <strong>bien-\u00eatre culinaire<\/strong>, tandis que ma femme Frauke s&rsquo;occupe de la <strong>d\u00e9coration soign\u00e9e<\/strong>, du m\u00e9nage et du service.<br \/>\nNotre pension a \u00e9t\u00e9 <strong>r\u00e9guli\u00e8rement modernis\u00e9e<\/strong> pour vous offrir un confort maximal dans une <strong>atmosph\u00e8re r\u00e9gionale et chaleureuse<\/strong>. Que ce soit dans nos chambres \u00e9l\u00e9gamment d\u00e9cor\u00e9es ou dans la <strong>salle \u00e0 manger accueillante<\/strong> \u2013 chez nous, vous pouvez vous sentir comme chez vous.<\/p>\n<p>[\/vc_column_text][\/vc_column][\/vc_row][vc_row css=\u00a0\u00bb.vc_custom_1705412834568{margin-top: 40px !important;}\u00a0\u00bb][vc_column][vc_separator][\/vc_column][\/vc_row][vc_row][vc_column css=\u00a0\u00bb.vc_custom_1705405747821{margin-top: 25px !important;}\u00a0\u00bb][vc_column_text]<\/p>\n<h2 class=\"text-center fw-normal\"><span class=\"fw-bold\">Rendez-vous pour les jeunes et les moins jeunes<\/span> &#8211; le bar<\/h2>\n<p>[\/vc_column_text][vc_row_inner][vc_column_inner width=\u00a0\u00bb1\/2&Prime;][vc_single_image image=\u00a0\u00bb1224&Prime; img_size=\u00a0\u00bbfull\u00a0\u00bb][\/vc_column_inner][vc_column_inner width=\u00a0\u00bb1\/2&Prime;][vc_single_image image=\u00a0\u00bb1227&Prime; img_size=\u00a0\u00bbfull\u00a0\u00bb][\/vc_column_inner][\/vc_row_inner][vc_column_text]<\/p>\n<p style=\"text-align: center;\">En g\u00e9n\u00e9ral, le bar est ouvert \u00e0 tous. M\u00eame lorsque nous ne sommes pas l\u00e0, vous pouvez vous servir vous-m\u00eame \u2013 c&rsquo;est le principe de confiance ! Pour se faire plaisir avec un petit verre apr\u00e8s un bon d\u00eener, l&rsquo;atmosph\u00e8re chaleureuse du bar est parfaite, c&rsquo;est un lieu de rencontre avec les autres vacanciers, o\u00f9 l&rsquo;on tisse des liens et o\u00f9 l&rsquo;on partage ses exp\u00e9riences de voyage. Les conseils des invit\u00e9s pour les invit\u00e9s trouvent ici un \u00e9change actif.<\/p>\n<p>[\/vc_column_text][\/vc_column][\/vc_row][vc_row css=\u00a0\u00bb.vc_custom_1705412834568{margin-top: 40px !important;}\u00a0\u00bb][vc_column][vc_separator][\/vc_column][\/vc_row][vc_row][vc_column css=\u00a0\u00bb.vc_custom_1705405747821{margin-top: 25px !important;}\u00a0\u00bb][vc_column_text]<\/p>\n<h2 class=\"text-center fw-normal\"><span class=\"fw-bold\">Salle de petit-d\u00e9jeuner &amp;<\/span> Restaurant Kr\u00e4utert\u00f6pfle<\/h2>\n<p>[\/vc_column_text][vc_row_inner][vc_column_inner width=\u00a0\u00bb1\/2&Prime;][vc_single_image image=\u00a0\u00bb1186&Prime; img_size=\u00a0\u00bbfull\u00a0\u00bb][\/vc_column_inner][vc_column_inner width=\u00a0\u00bb1\/2&Prime;][vc_single_image image=\u00a0\u00bb1189&Prime; img_size=\u00a0\u00bbfull\u00a0\u00bb][\/vc_column_inner][\/vc_row_inner][vc_column_text]<\/p>\n<p style=\"text-align: center;\">En g\u00e9n\u00e9ral, le bar est ouvert \u00e0 tous. M\u00eame lorsque nous ne sommes pas l\u00e0, vous pouvez vous servir vous-m\u00eame \u2013 c&rsquo;est le principe de confiance ! Pour se faire plaisir avec un \u00ab\u00a0petit verre\u00a0\u00bb apr\u00e8s un bon d\u00eener, l&rsquo;atmosph\u00e8re conviviale du bar est parfaite ; c&rsquo;est un endroit o\u00f9 l&rsquo;on se retrouve avec les autres vacanciers, tissant des liens et \u00e9changeant sur ses exp\u00e9riences de voyage. Les conseils des invit\u00e9s pour les invit\u00e9s trouvent ici un \u00e9change actif.<\/p>\n<p>[\/vc_column_text][vc_column_text]<\/p>\n<p style=\"text-align: center;\">&#8230; sur votre h\u00f4te. Je m&rsquo;appelle Manfred Sch\u00fclein, n\u00e9 en 1966, cuisinier par passion et auteur du livre de cuisine de la For\u00eat Noire. Ayant grandi dans la gastronomie d\u00e8s mon plus jeune \u00e2ge, la passion de la cuisine m&rsquo;a \u00e9t\u00e9 transmise d\u00e8s la naissance. J&rsquo;ai appris le m\u00e9tier de cuisinier \u00e0 l&rsquo;h\u00f4tel Jungfrau \u00e0 Wilderswil, dans l&rsquo;Oberland bernois &#8230;<\/p>\n<p>[\/vc_column_text][vc_btn title=\u00a0\u00bbEn savoir plus\u00a0\u00bb style=\u00a0\u00bbflat\u00a0\u00bb shape=\u00a0\u00bbround\u00a0\u00bb color=\u00a0\u00bbsuccess\u00a0\u00bb align=\u00a0\u00bbcenter\u00a0\u00bb link=\u00a0\u00bburl:%2Ffr%2Fpension%2Fcuisine%2F|title:K%C3%BCche\u00a0\u00bb][\/vc_column][\/vc_row][vc_row css=\u00a0\u00bb.vc_custom_1728409336379{margin-top: 40px !important;}\u00a0\u00bb][vc_column][vc_separator][\/vc_column][\/vc_row][vc_row][vc_column width=\u00a0\u00bb1\/6&Prime;][\/vc_column][vc_column width=\u00a0\u00bb2\/3&Prime;][vc_custom_heading text=\u00a0\u00bbR\u00e9server une chambre\u00a0\u00bb font_container=\u00a0\u00bbtag:h2|text_align:center\u00a0\u00bb use_theme_fonts=\u00a0\u00bbyes\u00a0\u00bb css=\u00a0\u00bb.vc_custom_1763452750144{margin-bottom: 35px !important;}\u00a0\u00bb][vc_raw_html css=\u00a0\u00bb\u00a0\u00bb]JTNDZGl2JTIwY2xhc3MlM0QlMjJkMjEtcm9vbUxpc3QlMjIlM0UlM0MlMkZkaXYlM0U=[\/vc_raw_html][\/vc_column][vc_column width=\u00a0\u00bb1\/6&Prime;][\/vc_column][\/vc_row][vc_row css=\u00a0\u00bb.vc_custom_1728409336379{margin-top: 40px !important;}\u00a0\u00bb][vc_column][vc_separator][\/vc_column][\/vc_row][vc_row css=\u00a0\u00bb.vc_custom_1706085114346{margin-bottom: 50px !important;}\u00a0\u00bb][vc_column width=\u00a0\u00bb1\/2&Prime; css=\u00a0\u00bb.vc_custom_1705405747821{margin-top: 25px !important;}\u00a0\u00bb][vc_column_text]<\/p>\n<h2 class=\"text-center fw-normal\"><span class=\"fw-bold\">Chambres<\/span> et prix<\/h2>\n<p>[\/vc_column_text][vc_single_image image=\u00a0\u00bb564&Prime; img_size=\u00a0\u00bbfull\u00a0\u00bb onclick=\u00a0\u00bbcustom_link\u00a0\u00bb link=\u00a0\u00bb\/fr\/pension\/chambres-et-prix\/\u00a0\u00bb][vc_column_text]<\/p>\n<p style=\"text-align: center;\">13 chambres confortables et lumineuses avec un am\u00e9nagement attrayant vous invitent \u00e0 rester et \u00e0 vous d\u00e9tendre. Toutes les chambres sont \u00e9quip\u00e9es d&rsquo;une douche\/WC, d&rsquo;une t\u00e9l\u00e9vision et, pour la plupart, d&rsquo;un balcon. Bienvenue dans vos vacances !<\/p>\n<p>[\/vc_column_text][vc_btn title=\u00a0\u00bbEn savoir plus\u00a0\u00bb style=\u00a0\u00bbflat\u00a0\u00bb shape=\u00a0\u00bbround\u00a0\u00bb color=\u00a0\u00bbsuccess\u00a0\u00bb align=\u00a0\u00bbcenter\u00a0\u00bb link=\u00a0\u00bburl:%2Ffr%2Fpension%2Fchambres-et-prix%2F|title:Zimmer%20und%20Preise\u00a0\u00bb][\/vc_column][vc_column width=\u00a0\u00bb1\/2&Prime; css=\u00a0\u00bb.vc_custom_1705405743400{margin-top: 25px !important;}\u00a0\u00bb][vc_column_text]<\/p>\n<h2 class=\"text-center fw-normal\"><span class=\"fw-bold\">Offres<\/span> actuelles<\/h2>\n<p>[\/vc_column_text][vc_single_image image=\u00a0\u00bb576&Prime; img_size=\u00a0\u00bbfull\u00a0\u00bb onclick=\u00a0\u00bbcustom_link\u00a0\u00bb link=\u00a0\u00bb\/fr\/pension\/offres-actuelles\/\u00a0\u00bb][vc_column_text]<\/p>\n<p style=\"text-align: center;\">D\u00e9couvrez nos offres de chambres actuelles et vivez l&rsquo;idylle de la For\u00eat Noire avec confort. Cliquez ici et r\u00e9servez votre escapade dans la nature !<\/p>\n<p>[\/vc_column_text][vc_btn title=\u00a0\u00bbEn savoir plus\u00a0\u00bb style=\u00a0\u00bbflat\u00a0\u00bb shape=\u00a0\u00bbround\u00a0\u00bb color=\u00a0\u00bbsuccess\u00a0\u00bb align=\u00a0\u00bbcenter\u00a0\u00bb link=\u00a0\u00bburl:%2Ffr%2Fpension%2Foffres-actuelles%2F|title:Aktuelle%20Angebote\u00a0\u00bb][\/vc_column][\/vc_row]<\/p>\n<\/div>","protected":false},"excerpt":{"rendered":"<p>[vc_row css=\u00a0\u00bb.vc_custom_1706084603508{margin-top: 50px !important;}\u00a0\u00bb][vc_column][vc_column_text] Votre h\u00f4te, la famille Sch\u00fclein \u2013 vous souhaite la bienvenue [\/vc_column_text][\/vc_column][\/vc_row][vc_row css=\u00a0\u00bb.vc_custom_1705433276104{margin-top: 0px !important;}\u00a0\u00bb][vc_column][vc_raw_html]JTNDdmlkZW8lMjB3aWR0aCUzRCUyMjEwMCUyNSUyMiUyMGNvbnRyb2xzJTIwcG9zdGVyJTNEJTIyJTJGd3AtY29udGVudCUyRnVwbG9hZHMlMkZwZW5zaW9uLXdhbGR3aW5rZWwlMkZ2aWRlby1wcmV2aWV3LXBlbnNpb24td2FsZHdpbmtlbC53ZWJwJTIyJTNFJTBBJTIwJTIwJTNDc291cmNlJTIwc3JjJTNEJTIyJTJGd3AtY29udGVudCUyRnVwbG9hZHMlMkZwZW5zaW9uLXdhbGR3aW5rZWwlMkZwZW5zaW9uLXdhbGR3aW5rZWwtbGVuemtpcmNoLWhvY2hzY2h3YXJ6d2FsZC5tcDQlMjIlMjB0eXBlJTNEJTIydmlkZW8lMkZtcDQlMjIlM0UlMEElMjAlMjBZb3VyJTIwYnJvd3NlciUyMGRvZXMlMjBub3QlMjBzdXBwb3J0JTIwdGhlJTIwdmlkZW8lMjB0YWcuJTBBJTNDJTJGdmlkZW8lM0U=[\/vc_raw_html][\/vc_column][\/vc_row][vc_row][vc_column][vc_column_text css=\u00a0\u00bb.vc_custom_1728904005710{margin-top: 20px !important;}\u00a0\u00bb] Nous, Manfred et Frauke Sch\u00fclein, g\u00e9rons la Pension Waldwinkel avec passion et d\u00e9vouement. Depuis [&hellip;]<\/p>\n","protected":false},"author":1,"featured_media":0,"parent":0,"menu_order":0,"comment_status":"closed","ping_status":"closed","template":"","meta":{"footnotes":""},"class_list":["post-1083","page","type-page","status-publish","hentry"],"yoast_head":"<title>Pension Waldwinkel - Lenzkirch im Hochschwarzwald<\/title>\n<meta name=\"description\" content=\"Genie\u00dfen Sie das einzigartige Erholungsgebiet Schwarzwald und entspannen Sie sich in unserem gepflegten Ambiente.\" \/>\n<meta name=\"robots\" content=\"index, follow, max-snippet:-1, max-image-preview:large, max-video-preview:-1\" \/>\n<link rel=\"canonical\" href=\"https:\/\/pension-waldwinkel.de\/fr\/pension\/\" \/>\n<meta property=\"og:locale\" content=\"fr_FR\" \/>\n<meta property=\"og:type\" content=\"article\" \/>\n<meta property=\"og:title\" content=\"Pension Waldwinkel - Lenzkirch im Hochschwarzwald\" \/>\n<meta property=\"og:description\" content=\"Genie\u00dfen Sie das einzigartige Erholungsgebiet Schwarzwald und entspannen Sie sich in unserem gepflegten Ambiente.\" \/>\n<meta property=\"og:url\" content=\"https:\/\/pension-waldwinkel.de\/fr\/pension\/\" \/>\n<meta property=\"og:site_name\" content=\"Pension Waldwinkel\" \/>\n<meta property=\"article:modified_time\" content=\"2025-11-18T07:59:12+00:00\" \/>\n<meta name=\"twitter:card\" content=\"summary_large_image\" \/>\n<meta name=\"twitter:label1\" content=\"Dur\u00e9e de lecture estim\u00e9e\" \/>\n\t<meta name=\"twitter:data1\" content=\"4 minutes\" \/>\n<script type=\"application\/ld+json\" class=\"yoast-schema-graph\">{\"@context\":\"https:\/\/schema.org\",\"@graph\":[{\"@type\":\"WebPage\",\"@id\":\"https:\/\/pension-waldwinkel.de\/fr\/pension\/\",\"url\":\"https:\/\/pension-waldwinkel.de\/fr\/pension\/\",\"name\":\"Pension Waldwinkel - Lenzkirch im Hochschwarzwald\",\"isPartOf\":{\"@id\":\"https:\/\/pension-waldwinkel.de\/fr\/#website\"},\"datePublished\":\"2024-01-24T08:19:25+00:00\",\"dateModified\":\"2025-11-18T07:59:12+00:00\",\"description\":\"Genie\u00dfen Sie das einzigartige Erholungsgebiet Schwarzwald und entspannen Sie sich in unserem gepflegten Ambiente.\",\"breadcrumb\":{\"@id\":\"https:\/\/pension-waldwinkel.de\/fr\/pension\/#breadcrumb\"},\"inLanguage\":\"fr-FR\",\"potentialAction\":[{\"@type\":\"ReadAction\",\"target\":[\"https:\/\/pension-waldwinkel.de\/fr\/pension\/\"]}]},{\"@type\":\"BreadcrumbList\",\"@id\":\"https:\/\/pension-waldwinkel.de\/fr\/pension\/#breadcrumb\",\"itemListElement\":[{\"@type\":\"ListItem\",\"position\":1,\"name\":\"Startseite\",\"item\":\"https:\/\/pension-waldwinkel.de\/fr\/\"},{\"@type\":\"ListItem\",\"position\":2,\"name\":\"Pension\"}]},{\"@type\":\"WebSite\",\"@id\":\"https:\/\/pension-waldwinkel.de\/fr\/#website\",\"url\":\"https:\/\/pension-waldwinkel.de\/fr\/\",\"name\":\"Pension Waldwinkel\",\"description\":\"Lenzkirch im Hochschwarzwald\",\"potentialAction\":[{\"@type\":\"SearchAction\",\"target\":{\"@type\":\"EntryPoint\",\"urlTemplate\":\"https:\/\/pension-waldwinkel.de\/fr\/?s={search_term_string}\"},\"query-input\":{\"@type\":\"PropertyValueSpecification\",\"valueRequired\":true,\"valueName\":\"search_term_string\"}}],\"inLanguage\":\"fr-FR\"}]}<\/script>","yoast_head_json":{"title":"Pension Waldwinkel - Lenzkirch im Hochschwarzwald","description":"Genie\u00dfen Sie das einzigartige Erholungsgebiet Schwarzwald und entspannen Sie sich in unserem gepflegten Ambiente.","robots":{"index":"index","follow":"follow","max-snippet":"max-snippet:-1","max-image-preview":"max-image-preview:large","max-video-preview":"max-video-preview:-1"},"canonical":"https:\/\/pension-waldwinkel.de\/fr\/pension\/","og_locale":"fr_FR","og_type":"article","og_title":"Pension Waldwinkel - Lenzkirch im Hochschwarzwald","og_description":"Genie\u00dfen Sie das einzigartige Erholungsgebiet Schwarzwald und entspannen Sie sich in unserem gepflegten Ambiente.","og_url":"https:\/\/pension-waldwinkel.de\/fr\/pension\/","og_site_name":"Pension Waldwinkel","article_modified_time":"2025-11-18T07:59:12+00:00","twitter_card":"summary_large_image","twitter_misc":{"Dur\u00e9e de lecture estim\u00e9e":"4 minutes"},"schema":{"@context":"https:\/\/schema.org","@graph":[{"@type":"WebPage","@id":"https:\/\/pension-waldwinkel.de\/fr\/pension\/","url":"https:\/\/pension-waldwinkel.de\/fr\/pension\/","name":"Pension Waldwinkel - Lenzkirch im Hochschwarzwald","isPartOf":{"@id":"https:\/\/pension-waldwinkel.de\/fr\/#website"},"datePublished":"2024-01-24T08:19:25+00:00","dateModified":"2025-11-18T07:59:12+00:00","description":"Genie\u00dfen Sie das einzigartige Erholungsgebiet Schwarzwald und entspannen Sie sich in unserem gepflegten Ambiente.","breadcrumb":{"@id":"https:\/\/pension-waldwinkel.de\/fr\/pension\/#breadcrumb"},"inLanguage":"fr-FR","potentialAction":[{"@type":"ReadAction","target":["https:\/\/pension-waldwinkel.de\/fr\/pension\/"]}]},{"@type":"BreadcrumbList","@id":"https:\/\/pension-waldwinkel.de\/fr\/pension\/#breadcrumb","itemListElement":[{"@type":"ListItem","position":1,"name":"Startseite","item":"https:\/\/pension-waldwinkel.de\/fr\/"},{"@type":"ListItem","position":2,"name":"Pension"}]},{"@type":"WebSite","@id":"https:\/\/pension-waldwinkel.de\/fr\/#website","url":"https:\/\/pension-waldwinkel.de\/fr\/","name":"Pension Waldwinkel","description":"Lenzkirch im Hochschwarzwald","potentialAction":[{"@type":"SearchAction","target":{"@type":"EntryPoint","urlTemplate":"https:\/\/pension-waldwinkel.de\/fr\/?s={search_term_string}"},"query-input":{"@type":"PropertyValueSpecification","valueRequired":true,"valueName":"search_term_string"}}],"inLanguage":"fr-FR"}]}},"_links":{"self":[{"href":"https:\/\/pension-waldwinkel.de\/fr\/wp-json\/wp\/v2\/pages\/1083"}],"collection":[{"href":"https:\/\/pension-waldwinkel.de\/fr\/wp-json\/wp\/v2\/pages"}],"about":[{"href":"https:\/\/pension-waldwinkel.de\/fr\/wp-json\/wp\/v2\/types\/page"}],"author":[{"embeddable":true,"href":"https:\/\/pension-waldwinkel.de\/fr\/wp-json\/wp\/v2\/users\/1"}],"replies":[{"embeddable":true,"href":"https:\/\/pension-waldwinkel.de\/fr\/wp-json\/wp\/v2\/comments?post=1083"}],"version-history":[{"count":11,"href":"https:\/\/pension-waldwinkel.de\/fr\/wp-json\/wp\/v2\/pages\/1083\/revisions"}],"predecessor-version":[{"id":1310,"href":"https:\/\/pension-waldwinkel.de\/fr\/wp-json\/wp\/v2\/pages\/1083\/revisions\/1310"}],"wp:attachment":[{"href":"https:\/\/pension-waldwinkel.de\/fr\/wp-json\/wp\/v2\/media?parent=1083"}],"curies":[{"name":"wp","href":"https:\/\/api.w.org\/{rel}","templated":true}]}}