{"id":1092,"date":"2024-01-24T10:39:48","date_gmt":"2024-01-24T09:39:48","guid":{"rendered":"https:\/\/pension-waldwinkel.eseom.de\/pension\/zimmer-und-preise\/"},"modified":"2025-11-18T12:04:40","modified_gmt":"2025-11-18T11:04:40","slug":"chambres-et-prix","status":"publish","type":"page","link":"https:\/\/pension-waldwinkel.de\/fr\/pension\/chambres-et-prix\/","title":{"rendered":"Chambres et prix"},"content":{"rendered":"<div class=\"wpb-content-wrapper\"><p>[vc_row css=\u00a0\u00bb.vc_custom_1728396927273{margin-top: 50px !important;}\u00a0\u00bb][vc_column][vc_column_text]<\/p>\n<h1 class=\"fw-normal text-center\"><span class=\"fw-bold\">Chambres<\/span> et prix<\/h1>\n<p>[\/vc_column_text][\/vc_column][\/vc_row][vc_row][vc_column][vc_column_text]<\/p>\n<p style=\"text-align: center;\">Notre maison est situ\u00e9e dans un endroit calme et ensoleill\u00e9 sur un versant sud, avec vue sur la vall\u00e9e d&rsquo;Ursee et la Schliecht. Au cours des derni\u00e8res ann\u00e9es, des r\u00e9novations ont \u00e9t\u00e9 effectu\u00e9es, et nous pouvons ainsi vous accueillir dans des espaces confortables et lumineux. Dans notre maison, il y a aussi un bar sympa o\u00f9 l&rsquo;on peut se retrouver et d\u00e9guster un dernier verre.<\/p>\n<p style=\"text-align: center;\">Toutes les chambres ont \u00e9t\u00e9 modernis\u00e9es et sont \u00e9quip\u00e9es d&rsquo;une douche\/WC, de la t\u00e9l\u00e9vision par satellite, et toutes sauf deux chambres disposent d&rsquo;un balcon.<\/p>\n<p>[\/vc_column_text][\/vc_column][\/vc_row][vc_row css=\u00a0\u00bb.vc_custom_1706088431805{margin-top: 10px !important;margin-bottom: 0px !important;}\u00a0\u00bb][vc_column][vc_gallery type=\u00a0\u00bbflexslider_slide\u00a0\u00bb interval=\u00a0\u00bb0&Prime; images=\u00a0\u00bb528,617,518,601,606,611,1246,1243,1240,1237,1234&Prime; img_size=\u00a0\u00bbfull\u00a0\u00bb onclick=\u00a0\u00bb\u00a0\u00bb css=\u00a0\u00bb.vc_custom_1730899741863{margin-bottom: 0px !important;}\u00a0\u00bb el_class=\u00a0\u00bbesflexslidercontainer\u00a0\u00bb][\/vc_column][\/vc_row][vc_row css=\u00a0\u00bb.vc_custom_1706088545320{margin-bottom: 50px !important;}\u00a0\u00bb][vc_column width=\u00a0\u00bb1\/2&Prime;][vc_column_text]<\/p>\n<h2 class=\"fw-normal\"><span class=\"fw-bold\">Votre<\/span> chambre de vacances<\/h2>\n<p>[\/vc_column_text][vc_single_image image=\u00a0\u00bb1174&Prime; img_size=\u00a0\u00bbfull\u00a0\u00bb][vc_column_text]Nos 13 chambres confortables et lumineuses, avec un am\u00e9nagement attrayant, vous invitent \u00e0 rester et \u00e0 vous d\u00e9tendre. Toutes les chambres sont \u00e9quip\u00e9es d&rsquo;une douche\/WC, de la t\u00e9l\u00e9vision, et pour la plupart, d&rsquo;un balcon. Bienvenue dans vos vacances ! Nos chambres familiales se composent de 2 pi\u00e8ces et disposent d&rsquo;une grande salle de bain, des jouets sont \u00e0 disposition pour vos enfants. Pour des soir\u00e9es de jeux conviviales en famille, des jeux de soci\u00e9t\u00e9 sont disponibles. Pour les enfants plus \u00e2g\u00e9s jusqu&rsquo;\u00e0 14 ans, il existe des r\u00e9ductions dans leur propre chambre double. En g\u00e9n\u00e9ral, les enfants jusqu&rsquo;\u00e0 5 ans s\u00e9journent gratuitement dans la chambre des parents. Des r\u00eaves doux et heureux vous sont garantis par le calme des environs !<\/p>\n<p>Nous avons des informations pour vos vacances, y compris le journal des invit\u00e9s avec le programme actuel et d&rsquo;autres informations pour des vacances agr\u00e9ables et riches en exp\u00e9riences sur place. Si vous souhaitez vous informer \u00e0 l&rsquo;avance, vous pouvez \u00e9galement consulter www.hochschwarzwald.de.[\/vc_column_text][\/vc_column][vc_column width=\u00a0\u00bb1\/2&Prime;][vc_column_text]<\/p>\n<h2 class=\"fw-normal\"><span class=\"fw-bold\">Prix<\/span> et taxe de s\u00e9jour<\/h2>\n<p>[\/vc_column_text][vc_single_image image=\u00a0\u00bb1179&Prime; img_size=\u00a0\u00bbfull\u00a0\u00bb][vc_column_text css=\u00a0\u00bb\u00a0\u00bb]Chambre simple \u00e0 partir de 76,00 \u20ac par personne\/nuit,<br \/>\nChambre double \u00e0 partir de 130,00 \u20ac \u00e0 partir de 2 personnes et \u00e0 partir de 14 ans,<br \/>\nChambre triple \u00e0 partir de 170,00 \u20ac \u00e0 partir de 3 personnes et \u00e0 partir de 14 ans,<br \/>\nChambre familiale \u00e0 partir de 185,00 \u20ac \u00e0 partir de 4 personnes et \u00e0 partir de 14 ans.<br \/>\nPour les enfants de 6 \u00e0 14 ans, nous facturons 39,00 \u20ac par enfant\/nuit, petit-d\u00e9jeuner inclus.<br \/>\nPour les enfants jusqu&rsquo;\u00e0 5 ans inclus, nous facturons 8,00 \u20ac incluant un lit enfant\/lit d&rsquo;appoint et le petit-d\u00e9jeuner.<\/p>\n<p>Tous les prix incluent le petit d\u00e9jeuner.<\/p>\n<p><strong>Suppl\u00e9ments :<\/strong><br \/>\nSurcharge pour un court s\u00e9jour de 1 nuit : 5,00 \u20ac par personne\/nuit.<br \/>\nDemi-pension en suppl\u00e9ment de 26,00 \u20ac (menu au choix de 3 plats) ou \u00e0 la carte.<br \/>\nChien 13 \u20ac par nuit.<\/p>\n<p>Tous les prix hors taxe de s\u00e9jour.[\/vc_column_text][\/vc_column][\/vc_row][vc_row css=\u00a0\u00bb.vc_custom_1706088539680{margin-top: 50px !important;margin-bottom: 35px !important;}\u00a0\u00bb][vc_column][vc_separator][\/vc_column][\/vc_row][vc_row][vc_column width=\u00a0\u00bb1\/6&Prime;][\/vc_column][vc_column width=\u00a0\u00bb2\/3&Prime;][vc_custom_heading text=\u00a0\u00bbR\u00e9server une chambre\u00a0\u00bb font_container=\u00a0\u00bbtag:h2|text_align:center\u00a0\u00bb use_theme_fonts=\u00a0\u00bbyes\u00a0\u00bb css=\u00a0\u00bb.vc_custom_1763452828561{margin-bottom: 35px !important;}\u00a0\u00bb][vc_raw_html css=\u00a0\u00bb\u00a0\u00bb]JTNDZGl2JTIwY2xhc3MlM0QlMjJkMjEtcm9vbUxpc3QlMjIlM0UlM0MlMkZkaXYlM0U=[\/vc_raw_html][\/vc_column][vc_column width=\u00a0\u00bb1\/6&Prime;][\/vc_column][\/vc_row][vc_row css=\u00a0\u00bb.vc_custom_1706088539680{margin-top: 50px !important;margin-bottom: 35px !important;}\u00a0\u00bb][vc_column][vc_separator][\/vc_column][\/vc_row][vc_row css=\u00a0\u00bb.vc_custom_1728391701620{margin-bottom: 50px !important;}\u00a0\u00bb][vc_column width=\u00a0\u00bb1\/2&Prime;][vc_column_text]<\/p>\n<h2 class=\"fw-normal\"><span class=\"fw-bold\">Offres<\/span> actuelles<\/h2>\n<p>[\/vc_column_text][vc_single_image image=\u00a0\u00bb576&Prime; img_size=\u00a0\u00bbfull\u00a0\u00bb onclick=\u00a0\u00bbcustom_link\u00a0\u00bb link=\u00a0\u00bb\/fr\/pension\/offres-actuelles\/\u00a0\u00bb][vc_column_text]D\u00e9couvrez nos offres de chambres actuelles et vivez l&rsquo;idylle de la For\u00eat Noire avec confort. Cliquez ici et r\u00e9servez votre escapade dans la nature ![\/vc_column_text][vc_btn title=\u00a0\u00bbEn savoir plus\u00a0\u00bb style=\u00a0\u00bbflat\u00a0\u00bb shape=\u00a0\u00bbround\u00a0\u00bb color=\u00a0\u00bbsuccess\u00a0\u00bb align=\u00a0\u00bbleft\u00a0\u00bb link=\u00a0\u00bburl:%2Ffr%2Fpension%2Foffres-actuelles%2F|title:Aktuelle%20Angebote\u00a0\u00bb][\/vc_column][vc_column width=\u00a0\u00bb1\/2&Prime;][\/vc_column][\/vc_row]<\/p>\n<\/div>","protected":false},"excerpt":{"rendered":"<p>[vc_row css=\u00a0\u00bb.vc_custom_1728396927273{margin-top: 50px !important;}\u00a0\u00bb][vc_column][vc_column_text] Chambres et prix [\/vc_column_text][\/vc_column][\/vc_row][vc_row][vc_column][vc_column_text] Notre maison est situ\u00e9e dans un endroit calme et ensoleill\u00e9 sur un versant sud, avec vue sur la vall\u00e9e d&rsquo;Ursee et la Schliecht. Au cours des derni\u00e8res [&hellip;]<\/p>\n","protected":false},"author":1,"featured_media":0,"parent":1083,"menu_order":0,"comment_status":"closed","ping_status":"closed","template":"","meta":{"footnotes":""},"class_list":["post-1092","page","type-page","status-publish","hentry"],"yoast_head":"<title>Pension Waldwinkel - Lenzkirch im Hochschwarzwald<\/title>\n<meta name=\"description\" content=\"Genie\u00dfen Sie das einzigartige Erholungsgebiet Schwarzwald und entspannen Sie sich in unserem gepflegten Ambiente.\" \/>\n<meta name=\"robots\" content=\"index, follow, max-snippet:-1, max-image-preview:large, max-video-preview:-1\" \/>\n<link rel=\"canonical\" href=\"https:\/\/pension-waldwinkel.de\/fr\/pension\/chambres-et-prix\/\" \/>\n<meta property=\"og:locale\" content=\"fr_FR\" \/>\n<meta property=\"og:type\" content=\"article\" \/>\n<meta property=\"og:title\" content=\"Pension Waldwinkel - Lenzkirch im Hochschwarzwald\" \/>\n<meta property=\"og:description\" content=\"Genie\u00dfen Sie das einzigartige Erholungsgebiet Schwarzwald und entspannen Sie sich in unserem gepflegten Ambiente.\" \/>\n<meta property=\"og:url\" content=\"https:\/\/pension-waldwinkel.de\/fr\/pension\/chambres-et-prix\/\" \/>\n<meta property=\"og:site_name\" content=\"Pension Waldwinkel\" \/>\n<meta property=\"article:modified_time\" content=\"2025-11-18T11:04:40+00:00\" \/>\n<meta name=\"twitter:card\" content=\"summary_large_image\" \/>\n<meta name=\"twitter:label1\" content=\"Dur\u00e9e de lecture estim\u00e9e\" \/>\n\t<meta name=\"twitter:data1\" content=\"6 minutes\" \/>\n<script type=\"application\/ld+json\" class=\"yoast-schema-graph\">{\"@context\":\"https:\/\/schema.org\",\"@graph\":[{\"@type\":\"WebPage\",\"@id\":\"https:\/\/pension-waldwinkel.de\/fr\/pension\/chambres-et-prix\/\",\"url\":\"https:\/\/pension-waldwinkel.de\/fr\/pension\/chambres-et-prix\/\",\"name\":\"Pension Waldwinkel - Lenzkirch im Hochschwarzwald\",\"isPartOf\":{\"@id\":\"https:\/\/pension-waldwinkel.de\/fr\/#website\"},\"datePublished\":\"2024-01-24T09:39:48+00:00\",\"dateModified\":\"2025-11-18T11:04:40+00:00\",\"description\":\"Genie\u00dfen Sie das einzigartige Erholungsgebiet Schwarzwald und entspannen Sie sich in unserem gepflegten Ambiente.\",\"breadcrumb\":{\"@id\":\"https:\/\/pension-waldwinkel.de\/fr\/pension\/chambres-et-prix\/#breadcrumb\"},\"inLanguage\":\"fr-FR\",\"potentialAction\":[{\"@type\":\"ReadAction\",\"target\":[\"https:\/\/pension-waldwinkel.de\/fr\/pension\/chambres-et-prix\/\"]}]},{\"@type\":\"BreadcrumbList\",\"@id\":\"https:\/\/pension-waldwinkel.de\/fr\/pension\/chambres-et-prix\/#breadcrumb\",\"itemListElement\":[{\"@type\":\"ListItem\",\"position\":1,\"name\":\"Startseite\",\"item\":\"https:\/\/pension-waldwinkel.de\/fr\/\"},{\"@type\":\"ListItem\",\"position\":2,\"name\":\"Pension\",\"item\":\"https:\/\/pension-waldwinkel.de\/fr\/pension\/\"},{\"@type\":\"ListItem\",\"position\":3,\"name\":\"Chambres et prix\"}]},{\"@type\":\"WebSite\",\"@id\":\"https:\/\/pension-waldwinkel.de\/fr\/#website\",\"url\":\"https:\/\/pension-waldwinkel.de\/fr\/\",\"name\":\"Pension Waldwinkel\",\"description\":\"Lenzkirch im Hochschwarzwald\",\"potentialAction\":[{\"@type\":\"SearchAction\",\"target\":{\"@type\":\"EntryPoint\",\"urlTemplate\":\"https:\/\/pension-waldwinkel.de\/fr\/?s={search_term_string}\"},\"query-input\":{\"@type\":\"PropertyValueSpecification\",\"valueRequired\":true,\"valueName\":\"search_term_string\"}}],\"inLanguage\":\"fr-FR\"}]}<\/script>","yoast_head_json":{"title":"Pension Waldwinkel - Lenzkirch im Hochschwarzwald","description":"Genie\u00dfen Sie das einzigartige Erholungsgebiet Schwarzwald und entspannen Sie sich in unserem gepflegten Ambiente.","robots":{"index":"index","follow":"follow","max-snippet":"max-snippet:-1","max-image-preview":"max-image-preview:large","max-video-preview":"max-video-preview:-1"},"canonical":"https:\/\/pension-waldwinkel.de\/fr\/pension\/chambres-et-prix\/","og_locale":"fr_FR","og_type":"article","og_title":"Pension Waldwinkel - Lenzkirch im Hochschwarzwald","og_description":"Genie\u00dfen Sie das einzigartige Erholungsgebiet Schwarzwald und entspannen Sie sich in unserem gepflegten Ambiente.","og_url":"https:\/\/pension-waldwinkel.de\/fr\/pension\/chambres-et-prix\/","og_site_name":"Pension Waldwinkel","article_modified_time":"2025-11-18T11:04:40+00:00","twitter_card":"summary_large_image","twitter_misc":{"Dur\u00e9e de lecture estim\u00e9e":"6 minutes"},"schema":{"@context":"https:\/\/schema.org","@graph":[{"@type":"WebPage","@id":"https:\/\/pension-waldwinkel.de\/fr\/pension\/chambres-et-prix\/","url":"https:\/\/pension-waldwinkel.de\/fr\/pension\/chambres-et-prix\/","name":"Pension Waldwinkel - Lenzkirch im Hochschwarzwald","isPartOf":{"@id":"https:\/\/pension-waldwinkel.de\/fr\/#website"},"datePublished":"2024-01-24T09:39:48+00:00","dateModified":"2025-11-18T11:04:40+00:00","description":"Genie\u00dfen Sie das einzigartige Erholungsgebiet Schwarzwald und entspannen Sie sich in unserem gepflegten Ambiente.","breadcrumb":{"@id":"https:\/\/pension-waldwinkel.de\/fr\/pension\/chambres-et-prix\/#breadcrumb"},"inLanguage":"fr-FR","potentialAction":[{"@type":"ReadAction","target":["https:\/\/pension-waldwinkel.de\/fr\/pension\/chambres-et-prix\/"]}]},{"@type":"BreadcrumbList","@id":"https:\/\/pension-waldwinkel.de\/fr\/pension\/chambres-et-prix\/#breadcrumb","itemListElement":[{"@type":"ListItem","position":1,"name":"Startseite","item":"https:\/\/pension-waldwinkel.de\/fr\/"},{"@type":"ListItem","position":2,"name":"Pension","item":"https:\/\/pension-waldwinkel.de\/fr\/pension\/"},{"@type":"ListItem","position":3,"name":"Chambres et prix"}]},{"@type":"WebSite","@id":"https:\/\/pension-waldwinkel.de\/fr\/#website","url":"https:\/\/pension-waldwinkel.de\/fr\/","name":"Pension Waldwinkel","description":"Lenzkirch im Hochschwarzwald","potentialAction":[{"@type":"SearchAction","target":{"@type":"EntryPoint","urlTemplate":"https:\/\/pension-waldwinkel.de\/fr\/?s={search_term_string}"},"query-input":{"@type":"PropertyValueSpecification","valueRequired":true,"valueName":"search_term_string"}}],"inLanguage":"fr-FR"}]}},"_links":{"self":[{"href":"https:\/\/pension-waldwinkel.de\/fr\/wp-json\/wp\/v2\/pages\/1092"}],"collection":[{"href":"https:\/\/pension-waldwinkel.de\/fr\/wp-json\/wp\/v2\/pages"}],"about":[{"href":"https:\/\/pension-waldwinkel.de\/fr\/wp-json\/wp\/v2\/types\/page"}],"author":[{"embeddable":true,"href":"https:\/\/pension-waldwinkel.de\/fr\/wp-json\/wp\/v2\/users\/1"}],"replies":[{"embeddable":true,"href":"https:\/\/pension-waldwinkel.de\/fr\/wp-json\/wp\/v2\/comments?post=1092"}],"version-history":[{"count":16,"href":"https:\/\/pension-waldwinkel.de\/fr\/wp-json\/wp\/v2\/pages\/1092\/revisions"}],"predecessor-version":[{"id":1316,"href":"https:\/\/pension-waldwinkel.de\/fr\/wp-json\/wp\/v2\/pages\/1092\/revisions\/1316"}],"up":[{"embeddable":true,"href":"https:\/\/pension-waldwinkel.de\/fr\/wp-json\/wp\/v2\/pages\/1083"}],"wp:attachment":[{"href":"https:\/\/pension-waldwinkel.de\/fr\/wp-json\/wp\/v2\/media?parent=1092"}],"curies":[{"name":"wp","href":"https:\/\/api.w.org\/{rel}","templated":true}]}}