{"id":1098,"date":"2024-01-24T10:02:12","date_gmt":"2024-01-24T09:02:12","guid":{"rendered":"https:\/\/pension-waldwinkel.eseom.de\/pension\/aktuelle-angebote\/"},"modified":"2025-11-18T12:15:22","modified_gmt":"2025-11-18T11:15:22","slug":"offres-actuelles","status":"publish","type":"page","link":"https:\/\/pension-waldwinkel.de\/fr\/pension\/offres-actuelles\/","title":{"rendered":"Offres actuelles"},"content":{"rendered":"<div class=\"wpb-content-wrapper\"><p>[vc_row css=\u00a0\u00bb.vc_custom_1706084603508{margin-top: 50px !important;}\u00a0\u00bb][vc_column][vc_column_text]<\/p>\n<h1 class=\"fw-normal text-center\"><span class=\"fw-bold\">Offres<\/span> actuelles<\/h1>\n<p>[\/vc_column_text][\/vc_column][\/vc_row][vc_row css=\u00a0\u00bb.vc_custom_1728395315104{margin-top: 10px !important;margin-bottom: 0px !important;}\u00a0\u00bb][vc_column][vc_gallery type=\u00a0\u00bbflexslider_slide\u00a0\u00bb interval=\u00a0\u00bb0&Prime; images=\u00a0\u00bb617,528,518,601,606,611,1246,1243,1240,1237,1234&Prime; img_size=\u00a0\u00bbfull\u00a0\u00bb onclick=\u00a0\u00bb\u00a0\u00bb css=\u00a0\u00bb.vc_custom_1730899821163{margin-bottom: 0px !important;}\u00a0\u00bb el_class=\u00a0\u00bbesflexslidercontainer\u00a0\u00bb][\/vc_column][\/vc_row][vc_row css=\u00a0\u00bb.vc_custom_1706088412786{margin-top: 0px !important;}\u00a0\u00bb][vc_column width=\u00a0\u00bb1\/3&Prime;][vc_column_text]<\/p>\n<h2 class=\"fw-normal\"><span class=\"fw-bold\">R\u00eaves de motards<\/span> dans la For\u00eat Noire<\/h2>\n<p>[\/vc_column_text][vc_column_text css=\u00a0\u00bb.vc_custom_1763464510505{margin-top: 20px !important;}\u00a0\u00bb]D\u00e9couvrez la For\u00eat Noire avec ses courbes et ses vall\u00e9es. Le soir, laissez la journ\u00e9e se terminer dans notre bar.<\/p>\n<p><strong>P\u00e9riode de r\u00e9servation<\/strong><br \/>\nMai \u2013 Octobre<\/p>\n<p><strong>Notre forfait comprend :<\/strong><\/p>\n<p>&gt; 3 ou 7 nuits avec petit-d\u00e9jeuner et demi-pension<br \/>\n&gt; taxe de s\u00e9jour incluse<br \/>\n&gt; Places de stationnement couvertes<br \/>\n&gt; Plan de tour<br \/>\n&gt; Utilisation gratuite des transports en commun<\/p>\n<p><strong>3 jours pour 312,00 \u20ac par personne en chambre simple<br \/>\n3 jours pour 280,00 \u20ac par personne en chambre double<\/strong><\/p>\n<p><strong>7 jours pour 730,00 \u20ac par personne en chambre simple<\/strong><br \/>\n<strong>7 jours pour 655,00 \u20ac par personne en chambre double<\/strong><\/p>\n<p>Le chef est lui-m\u00eame un passionn\u00e9 de moto ! Il se fera un plaisir de partager ses conseils personnels pour de superbes excursions et peut m\u00eame accompagner une sortie. Venez visiter les nombreuses attractions de notre r\u00e9gion \u00e0 moto.[\/vc_column_text][\/vc_column][vc_column width=\u00a0\u00bb1\/3&Prime;][vc_column_text]<\/p>\n<h2 class=\"fw-normal\"><span class=\"fw-bold\">Journ\u00e9es d\u00e9couvertes<\/span> de Waldwinkel<\/h2>\n<p>[\/vc_column_text][vc_column_text css=\u00a0\u00bb.vc_custom_1763464123995{margin-top: 20px !important;}\u00a0\u00bb]D\u00e9couvrez la For\u00eat Noire et notre maison ! Explorez le paysage enchanteur et les astuces secr\u00e8tes de la For\u00eat Noire \u00e0 v\u00e9lo \u00e9lectrique ou \u00e0 pied !<\/p>\n<p><strong>P\u00e9riode de r\u00e9servation<\/strong><br \/>\n22.02. \u2013 15.03.2025 | 12.04. &#8211; 26.04.2025<\/p>\n<p><strong>Notre forfait comprend :<\/strong><\/p>\n<p>&gt; 3 ou 7 nuits avec petit-d\u00e9jeuner et demi-pension<br \/>\n&gt; taxe de s\u00e9jour incluse<br \/>\n&gt; utilisation gratuite de nos VTT \u00e9lectriques<br \/>\n&gt; bons pour le Badeparadies Schwarzwald<br \/>\n&gt; utilisation gratuite des transports en commun<\/p>\n<p><strong>3 jours pour 312,00 \u20ac par personne en chambre simple<br \/>\n3 jours pour 280,00 \u20ac par personne en chambre double<\/strong><\/p>\n<p><strong>7 jours pour 730,00 \u20ac par personne en chambre simple<\/strong><br \/>\n<strong>7 jours pour 655,00 \u20ac par personne en chambre double<\/strong><\/p>\n<p>Vous aimez vous d\u00e9placer \u00e0 pied ? Ou pr\u00e9f\u00e9rez-vous un peu plus d&rsquo;action ? Vous \u00eates au bon endroit chez nous. Notre paysage vari\u00e9 vous offre des lacs, des montagnes et des gorges \u00e0 perte de vue ! Pour les amateurs d&rsquo;action, il existe diverses destinations d&rsquo;excursion qui rendent vos vacances chez nous vari\u00e9es.[\/vc_column_text][\/vc_column][vc_column width=\u00a0\u00bb1\/3&Prime; css=\u00a0\u00bb.vc_custom_1706086446202{margin-top: 4px !important;}\u00a0\u00bb][vc_column_text]<\/p>\n<h2 class=\"fw-normal\"><span class=\"fw-bold\">Informations g\u00e9n\u00e9rales sur<\/span> notre maison<\/h2>\n<p>[\/vc_column_text][vc_column_text css=\u00a0\u00bb.vc_custom_1728904739427{margin-top: 20px !important;}\u00a0\u00bb]Notre maison est situ\u00e9e dans un endroit calme et ensoleill\u00e9 sur un versant sud, avec vue sur la vall\u00e9e d&rsquo;Ursee et la Schliecht. Au cours des derni\u00e8res ann\u00e9es, des r\u00e9novations ont \u00e9t\u00e9 effectu\u00e9es, et nous pouvons ainsi vous accueillir dans des espaces confortables et lumineux. Dans notre maison, il y a aussi un bar sympa o\u00f9 l&rsquo;on peut se retrouver et d\u00e9guster un dernier verre.<\/p>\n<p>Toutes les chambres ont \u00e9t\u00e9 modernis\u00e9es et sont \u00e9quip\u00e9es d&rsquo;une douche\/WC, de la t\u00e9l\u00e9vision par satellite, et pour la plupart, d&rsquo;un balcon.<br \/>\n[\/vc_column_text][\/vc_column][\/vc_row][vc_row css=\u00a0\u00bb.vc_custom_1706088539680{margin-top: 50px !important;margin-bottom: 35px !important;}\u00a0\u00bb][vc_column][vc_separator][\/vc_column][\/vc_row][vc_row][vc_column width=\u00a0\u00bb1\/6&Prime;][\/vc_column][vc_column width=\u00a0\u00bb2\/3&Prime;][vc_custom_heading text=\u00a0\u00bbR\u00e9server une chambre\u00a0\u00bb font_container=\u00a0\u00bbtag:h2|text_align:center\u00a0\u00bb use_theme_fonts=\u00a0\u00bbyes\u00a0\u00bb css=\u00a0\u00bb.vc_custom_1763452689632{margin-bottom: 35px !important;}\u00a0\u00bb][vc_raw_html css=\u00a0\u00bb\u00a0\u00bb]JTNDZGl2JTIwY2xhc3MlM0QlMjJkMjEtcm9vbUxpc3QlMjIlM0UlM0MlMkZkaXYlM0U=[\/vc_raw_html][\/vc_column][vc_column width=\u00a0\u00bb1\/6&Prime;][\/vc_column][\/vc_row][vc_row css=\u00a0\u00bb.vc_custom_1706088539680{margin-top: 50px !important;margin-bottom: 35px !important;}\u00a0\u00bb][vc_column][vc_separator][\/vc_column][\/vc_row][vc_row css=\u00a0\u00bb.vc_custom_1706088545320{margin-bottom: 50px !important;}\u00a0\u00bb][vc_column width=\u00a0\u00bb1\/2&Prime;][vc_column_text]<\/p>\n<h2 class=\"fw-normal\"><span class=\"fw-bold\">Chambres<\/span> et prix<\/h2>\n<p>[\/vc_column_text][vc_single_image image=\u00a0\u00bb564&Prime; img_size=\u00a0\u00bbfull\u00a0\u00bb onclick=\u00a0\u00bbcustom_link\u00a0\u00bb link=\u00a0\u00bb\/fr\/pension\/chambres-et-prix\/\u00a0\u00bb][vc_column_text]13 chambres confortables et lumineuses avec un am\u00e9nagement attrayant vous invitent \u00e0 rester et \u00e0 vous d\u00e9tendre. Toutes les chambres sont \u00e9quip\u00e9es d&rsquo;une douche\/WC, d&rsquo;une t\u00e9l\u00e9vision et, pour la plupart, d&rsquo;un balcon. Bienvenue dans vos vacances ![\/vc_column_text][vc_btn title=\u00a0\u00bbEn savoir plus\u00a0\u00bb style=\u00a0\u00bbflat\u00a0\u00bb shape=\u00a0\u00bbround\u00a0\u00bb color=\u00a0\u00bbsuccess\u00a0\u00bb align=\u00a0\u00bbleft\u00a0\u00bb link=\u00a0\u00bburl:%2Ffr%2Fpension%2Fchambres-et-prix%2F|title:Zimmer%20und%20Preise\u00a0\u00bb][\/vc_column][vc_column width=\u00a0\u00bb1\/2&Prime;][\/vc_column][\/vc_row]<\/p>\n<\/div>","protected":false},"excerpt":{"rendered":"<p>[vc_row css=\u00a0\u00bb.vc_custom_1706084603508{margin-top: 50px !important;}\u00a0\u00bb][vc_column][vc_column_text] Offres actuelles [\/vc_column_text][\/vc_column][\/vc_row][vc_row css=\u00a0\u00bb.vc_custom_1728395315104{margin-top: 10px !important;margin-bottom: 0px !important;}\u00a0\u00bb][vc_column][vc_gallery type=\u00a0\u00bbflexslider_slide\u00a0\u00bb interval=\u00a0\u00bb0&Prime; images=\u00a0\u00bb617,528,518,601,606,611,1246,1243,1240,1237,1234&Prime; img_size=\u00a0\u00bbfull\u00a0\u00bb onclick=\u00a0\u00bb\u00a0\u00bb css=\u00a0\u00bb.vc_custom_1730899821163{margin-bottom: 0px !important;}\u00a0\u00bb el_class=\u00a0\u00bbesflexslidercontainer\u00a0\u00bb][\/vc_column][\/vc_row][vc_row css=\u00a0\u00bb.vc_custom_1706088412786{margin-top: 0px !important;}\u00a0\u00bb][vc_column width=\u00a0\u00bb1\/3&Prime;][vc_column_text] R\u00eaves de motards dans la For\u00eat Noire [\/vc_column_text][vc_column_text css=\u00a0\u00bb.vc_custom_1763464510505{margin-top: 20px [&hellip;]<\/p>\n","protected":false},"author":1,"featured_media":0,"parent":1083,"menu_order":0,"comment_status":"closed","ping_status":"closed","template":"","meta":{"footnotes":""},"class_list":["post-1098","page","type-page","status-publish","hentry"],"yoast_head":"<title>Pension Waldwinkel - Lenzkirch im Hochschwarzwald<\/title>\n<meta name=\"description\" content=\"Genie\u00dfen Sie das einzigartige Erholungsgebiet Schwarzwald und entspannen Sie sich in unserem gepflegten Ambiente.\" \/>\n<meta name=\"robots\" content=\"index, follow, max-snippet:-1, max-image-preview:large, max-video-preview:-1\" \/>\n<link rel=\"canonical\" href=\"https:\/\/pension-waldwinkel.de\/fr\/pension\/offres-actuelles\/\" \/>\n<meta property=\"og:locale\" content=\"fr_FR\" \/>\n<meta property=\"og:type\" content=\"article\" \/>\n<meta property=\"og:title\" content=\"Pension Waldwinkel - Lenzkirch im Hochschwarzwald\" \/>\n<meta property=\"og:description\" content=\"Genie\u00dfen Sie das einzigartige Erholungsgebiet Schwarzwald und entspannen Sie sich in unserem gepflegten Ambiente.\" \/>\n<meta property=\"og:url\" content=\"https:\/\/pension-waldwinkel.de\/fr\/pension\/offres-actuelles\/\" \/>\n<meta property=\"og:site_name\" content=\"Pension Waldwinkel\" \/>\n<meta property=\"article:modified_time\" content=\"2025-11-18T11:15:22+00:00\" \/>\n<meta name=\"twitter:card\" content=\"summary_large_image\" \/>\n<meta name=\"twitter:label1\" content=\"Dur\u00e9e de lecture estim\u00e9e\" \/>\n\t<meta name=\"twitter:data1\" content=\"6 minutes\" \/>\n<script type=\"application\/ld+json\" class=\"yoast-schema-graph\">{\"@context\":\"https:\/\/schema.org\",\"@graph\":[{\"@type\":\"WebPage\",\"@id\":\"https:\/\/pension-waldwinkel.de\/fr\/pension\/offres-actuelles\/\",\"url\":\"https:\/\/pension-waldwinkel.de\/fr\/pension\/offres-actuelles\/\",\"name\":\"Pension Waldwinkel - Lenzkirch im Hochschwarzwald\",\"isPartOf\":{\"@id\":\"https:\/\/pension-waldwinkel.de\/fr\/#website\"},\"datePublished\":\"2024-01-24T09:02:12+00:00\",\"dateModified\":\"2025-11-18T11:15:22+00:00\",\"description\":\"Genie\u00dfen Sie das einzigartige Erholungsgebiet Schwarzwald und entspannen Sie sich in unserem gepflegten Ambiente.\",\"breadcrumb\":{\"@id\":\"https:\/\/pension-waldwinkel.de\/fr\/pension\/offres-actuelles\/#breadcrumb\"},\"inLanguage\":\"fr-FR\",\"potentialAction\":[{\"@type\":\"ReadAction\",\"target\":[\"https:\/\/pension-waldwinkel.de\/fr\/pension\/offres-actuelles\/\"]}]},{\"@type\":\"BreadcrumbList\",\"@id\":\"https:\/\/pension-waldwinkel.de\/fr\/pension\/offres-actuelles\/#breadcrumb\",\"itemListElement\":[{\"@type\":\"ListItem\",\"position\":1,\"name\":\"Startseite\",\"item\":\"https:\/\/pension-waldwinkel.de\/fr\/\"},{\"@type\":\"ListItem\",\"position\":2,\"name\":\"Pension\",\"item\":\"https:\/\/pension-waldwinkel.de\/fr\/pension\/\"},{\"@type\":\"ListItem\",\"position\":3,\"name\":\"Offres actuelles\"}]},{\"@type\":\"WebSite\",\"@id\":\"https:\/\/pension-waldwinkel.de\/fr\/#website\",\"url\":\"https:\/\/pension-waldwinkel.de\/fr\/\",\"name\":\"Pension Waldwinkel\",\"description\":\"Lenzkirch im Hochschwarzwald\",\"potentialAction\":[{\"@type\":\"SearchAction\",\"target\":{\"@type\":\"EntryPoint\",\"urlTemplate\":\"https:\/\/pension-waldwinkel.de\/fr\/?s={search_term_string}\"},\"query-input\":{\"@type\":\"PropertyValueSpecification\",\"valueRequired\":true,\"valueName\":\"search_term_string\"}}],\"inLanguage\":\"fr-FR\"}]}<\/script>","yoast_head_json":{"title":"Pension Waldwinkel - Lenzkirch im Hochschwarzwald","description":"Genie\u00dfen Sie das einzigartige Erholungsgebiet Schwarzwald und entspannen Sie sich in unserem gepflegten Ambiente.","robots":{"index":"index","follow":"follow","max-snippet":"max-snippet:-1","max-image-preview":"max-image-preview:large","max-video-preview":"max-video-preview:-1"},"canonical":"https:\/\/pension-waldwinkel.de\/fr\/pension\/offres-actuelles\/","og_locale":"fr_FR","og_type":"article","og_title":"Pension Waldwinkel - Lenzkirch im Hochschwarzwald","og_description":"Genie\u00dfen Sie das einzigartige Erholungsgebiet Schwarzwald und entspannen Sie sich in unserem gepflegten Ambiente.","og_url":"https:\/\/pension-waldwinkel.de\/fr\/pension\/offres-actuelles\/","og_site_name":"Pension Waldwinkel","article_modified_time":"2025-11-18T11:15:22+00:00","twitter_card":"summary_large_image","twitter_misc":{"Dur\u00e9e de lecture estim\u00e9e":"6 minutes"},"schema":{"@context":"https:\/\/schema.org","@graph":[{"@type":"WebPage","@id":"https:\/\/pension-waldwinkel.de\/fr\/pension\/offres-actuelles\/","url":"https:\/\/pension-waldwinkel.de\/fr\/pension\/offres-actuelles\/","name":"Pension Waldwinkel - Lenzkirch im Hochschwarzwald","isPartOf":{"@id":"https:\/\/pension-waldwinkel.de\/fr\/#website"},"datePublished":"2024-01-24T09:02:12+00:00","dateModified":"2025-11-18T11:15:22+00:00","description":"Genie\u00dfen Sie das einzigartige Erholungsgebiet Schwarzwald und entspannen Sie sich in unserem gepflegten Ambiente.","breadcrumb":{"@id":"https:\/\/pension-waldwinkel.de\/fr\/pension\/offres-actuelles\/#breadcrumb"},"inLanguage":"fr-FR","potentialAction":[{"@type":"ReadAction","target":["https:\/\/pension-waldwinkel.de\/fr\/pension\/offres-actuelles\/"]}]},{"@type":"BreadcrumbList","@id":"https:\/\/pension-waldwinkel.de\/fr\/pension\/offres-actuelles\/#breadcrumb","itemListElement":[{"@type":"ListItem","position":1,"name":"Startseite","item":"https:\/\/pension-waldwinkel.de\/fr\/"},{"@type":"ListItem","position":2,"name":"Pension","item":"https:\/\/pension-waldwinkel.de\/fr\/pension\/"},{"@type":"ListItem","position":3,"name":"Offres actuelles"}]},{"@type":"WebSite","@id":"https:\/\/pension-waldwinkel.de\/fr\/#website","url":"https:\/\/pension-waldwinkel.de\/fr\/","name":"Pension Waldwinkel","description":"Lenzkirch im Hochschwarzwald","potentialAction":[{"@type":"SearchAction","target":{"@type":"EntryPoint","urlTemplate":"https:\/\/pension-waldwinkel.de\/fr\/?s={search_term_string}"},"query-input":{"@type":"PropertyValueSpecification","valueRequired":true,"valueName":"search_term_string"}}],"inLanguage":"fr-FR"}]}},"_links":{"self":[{"href":"https:\/\/pension-waldwinkel.de\/fr\/wp-json\/wp\/v2\/pages\/1098"}],"collection":[{"href":"https:\/\/pension-waldwinkel.de\/fr\/wp-json\/wp\/v2\/pages"}],"about":[{"href":"https:\/\/pension-waldwinkel.de\/fr\/wp-json\/wp\/v2\/types\/page"}],"author":[{"embeddable":true,"href":"https:\/\/pension-waldwinkel.de\/fr\/wp-json\/wp\/v2\/users\/1"}],"replies":[{"embeddable":true,"href":"https:\/\/pension-waldwinkel.de\/fr\/wp-json\/wp\/v2\/comments?post=1098"}],"version-history":[{"count":12,"href":"https:\/\/pension-waldwinkel.de\/fr\/wp-json\/wp\/v2\/pages\/1098\/revisions"}],"predecessor-version":[{"id":1320,"href":"https:\/\/pension-waldwinkel.de\/fr\/wp-json\/wp\/v2\/pages\/1098\/revisions\/1320"}],"up":[{"embeddable":true,"href":"https:\/\/pension-waldwinkel.de\/fr\/wp-json\/wp\/v2\/pages\/1083"}],"wp:attachment":[{"href":"https:\/\/pension-waldwinkel.de\/fr\/wp-json\/wp\/v2\/media?parent=1098"}],"curies":[{"name":"wp","href":"https:\/\/api.w.org\/{rel}","templated":true}]}}