{"id":1108,"date":"2024-10-08T13:52:32","date_gmt":"2024-10-08T11:52:32","guid":{"rendered":"https:\/\/pension-waldwinkel.eseom.de\/pension\/anreise\/"},"modified":"2025-04-01T14:31:39","modified_gmt":"2025-04-01T12:31:39","slug":"arrivee","status":"publish","type":"page","link":"https:\/\/pension-waldwinkel.de\/fr\/pension\/arrivee\/","title":{"rendered":"Arriv\u00e9e"},"content":{"rendered":"<div class=\"wpb-content-wrapper\"><p>[vc_row css=\u00a0\u00bb.vc_custom_1706084603508{margin-top: 50px !important;}\u00a0\u00bb][vc_column width=\u00a0\u00bb2\/3&Prime;][vc_column_text]<\/p>\n<h1 class=\"fw-normal\"><span class=\"fw-bold\">Comment nous trouver<\/span><\/h1>\n<p>[\/vc_column_text][vc_single_image image=\u00a0\u00bb512&Prime; img_size=\u00a0\u00bbfull\u00a0\u00bb][vc_column_text css=\u00a0\u00bb.vc_custom_1728905093509{margin-top: 20px !important;}\u00a0\u00bb]<strong>&#8230; en voiture<\/strong><br \/>\n&gt; Sur l&rsquo;A5 Karlsruhe-B\u00e2le jusqu&rsquo;\u00e0 Freiburg-Mitte.<br \/>\nEnsuite, continuez sur la B31 (direction Donaueschingen) et \u00e0 hauteur du Titisee, prenez la B315 (direction Schaffhausen) jusqu&rsquo;\u00e0 Lenzkirch.<\/p>\n<p>&gt; Sur l&rsquo;A81 Stuttgart-Singen jusqu&rsquo;\u00e0 la sortie Bad-D\u00fcrrheim.<br \/>\nPuis direction Freiburg en passant par Donaueschingen et sur la B31 jusqu&rsquo;\u00e0 Neustadt. De Neustadt, direction Lenzkirch.<\/p>\n<p>&gt; En provenance de Suisse via Waldshut sur la B500 jusqu&rsquo;\u00e0 Schluchsee, puis continuez par Fischbach.<\/p>\n<p>&gt; Ou en provenance de Schaffhausen via St\u00fchlingen et Bonndorf (B315).<\/p>\n<p><strong>&#8230; en train<\/strong><br \/>\n&gt; Depuis Freiburg avec le train de la vall\u00e9e de l&rsquo;enfer jusqu&rsquo;\u00e0 Titisee (le train InterRegio Norddeich-Seebrugg s&rsquo;arr\u00eate aussi \u00e0 Titisee !) ou Neustadt (Schw.) et continuez avec le bus de ligne.<\/p>\n<p>&gt; En provenance de Stuttgart et Ulm via Donaueschingen jusqu&rsquo;\u00e0 Neustadt (Schw.). Puis continuez avec le bus de ligne.<\/p>\n<p><strong>&#8230; \u00e0 Lenzkirch<\/strong><br \/>\n&gt; Dans le centre du village, tournez \u00e0 gauche au \u00ab\u00a0Cafe Roters\u00a0\u00bb dans le Haldenweg, apr\u00e8s environ 200 m vous trouverez notre Pension Waldwinkel sur la gauche.<br \/>\n[\/vc_column_text][vc_btn title=\u00a0\u00bbCalculer l&rsquo;itin\u00e9raire\u00a0\u00bb style=\u00a0\u00bbflat\u00a0\u00bb shape=\u00a0\u00bbround\u00a0\u00bb color=\u00a0\u00bbsuccess\u00a0\u00bb align=\u00a0\u00bbleft\u00a0\u00bb link=\u00a0\u00bburl:http%3A%2F%2Fmaps.google.com%2Fmaps%3Ff%3Dd%26source%3Ds_q%26hl%3Dde%26geocode%3D%253BCSqKhlieQzcaFfxr2gIdVhB9ACEoWPt2fUt0Xw%26q%3DPension%2BWaldwinkel%2C%2BHaldenweg%2B19%2C%2BLenzkirch%2C%2BGermany%26aq%3D0%26sll%3D37.0625%2C-95.677068%26sspn%3D58.076329%2C135.263672%26vpsrc%3D6%26ie%3DUTF8%26hq%3DPension%2BWaldwinkel%2C%26hnear%3DHaldenweg%2B19%2C%2B79853%2BLenzkirch%2C%2BFreiburg%2C%2BBaden-W%25C3%25BCrttemberg%2C%2BDeutschland%26t%3Dh%26ll%3D47.871237%2C8.19638%26spn%3D0.004246%2C0.019398%26z%3D16%26iwloc%3DA%26daddr%3DHaldenweg%2B19%2C%2B79853%2BLenzkirch%2C%2BDeutschland%2B%2528Pension%2BWaldwinkel%2529|title:Route%20zur%20Pension|target:_blank\u00a0\u00bb][\/vc_column][vc_column width=\u00a0\u00bb1\/3&Prime; css=\u00a0\u00bb.vc_custom_1706086446202{margin-top: 4px !important;}\u00a0\u00bb][vc_column_text]<\/p>\n<h2 class=\"fw-normal\"><span class=\"fw-bold\">Chambres<\/span> et prix<\/h2>\n<p>[\/vc_column_text][vc_single_image image=\u00a0\u00bb564&Prime; img_size=\u00a0\u00bbfull\u00a0\u00bb onclick=\u00a0\u00bbcustom_link\u00a0\u00bb link=\u00a0\u00bb\/fr\/pension\/chambres-et-prix\/\u00a0\u00bb][vc_column_text]13 chambres confortables et lumineuses avec un am\u00e9nagement attrayant vous invitent \u00e0 rester et \u00e0 vous d\u00e9tendre. Toutes les chambres sont \u00e9quip\u00e9es d&rsquo;une douche\/WC, d&rsquo;une t\u00e9l\u00e9vision et, pour la plupart, d&rsquo;un balcon. Bienvenue dans vos vacances ![\/vc_column_text][vc_btn title=\u00a0\u00bbEn savoir plus\u00a0\u00bb style=\u00a0\u00bbflat\u00a0\u00bb shape=\u00a0\u00bbround\u00a0\u00bb color=\u00a0\u00bbsuccess\u00a0\u00bb align=\u00a0\u00bbleft\u00a0\u00bb link=\u00a0\u00bburl:%2Ffr%2Fpension%2Fchambres-et-prix%2F|title:Zimmer%20und%20Preise\u00a0\u00bb][vc_separator css=\u00a0\u00bb.vc_custom_1706086087384{margin-top: 50px !important;}\u00a0\u00bb][vc_column_text]<\/p>\n<h2 class=\"fw-normal\"><span class=\"fw-bold\">Offres<\/span> actuelles<\/h2>\n<p>[\/vc_column_text][vc_single_image image=\u00a0\u00bb576&Prime; img_size=\u00a0\u00bbfull\u00a0\u00bb onclick=\u00a0\u00bbcustom_link\u00a0\u00bb link=\u00a0\u00bb\/fr\/pension\/offres-actuelles\/\u00a0\u00bb][vc_column_text]D\u00e9couvrez nos offres de chambres actuelles et vivez l&rsquo;idylle de la For\u00eat Noire avec confort. Cliquez ici et r\u00e9servez votre escapade dans la nature ![\/vc_column_text][vc_btn title=\u00a0\u00bbEn savoir plus\u00a0\u00bb style=\u00a0\u00bbflat\u00a0\u00bb shape=\u00a0\u00bbround\u00a0\u00bb color=\u00a0\u00bbsuccess\u00a0\u00bb align=\u00a0\u00bbleft\u00a0\u00bb link=\u00a0\u00bburl:%2Ffr%2Fpension%2Foffres-actuelles%2F|title:Aktuelle%20Angebote\u00a0\u00bb][\/vc_column][\/vc_row]<\/p>\n<\/div>","protected":false},"excerpt":{"rendered":"<p>[vc_row css=\u00a0\u00bb.vc_custom_1706084603508{margin-top: 50px !important;}\u00a0\u00bb][vc_column width=\u00a0\u00bb2\/3&Prime;][vc_column_text] Comment nous trouver [\/vc_column_text][vc_single_image image=\u00a0\u00bb512&Prime; img_size=\u00a0\u00bbfull\u00a0\u00bb][vc_column_text css=\u00a0\u00bb.vc_custom_1728905093509{margin-top: 20px !important;}\u00a0\u00bb]&#8230; en voiture &gt; Sur l&rsquo;A5 Karlsruhe-B\u00e2le jusqu&rsquo;\u00e0 Freiburg-Mitte. Ensuite, continuez sur la B31 (direction Donaueschingen) et \u00e0 hauteur du Titisee, prenez [&hellip;]<\/p>\n","protected":false},"author":1,"featured_media":0,"parent":1083,"menu_order":0,"comment_status":"closed","ping_status":"closed","template":"","meta":{"footnotes":""},"class_list":["post-1108","page","type-page","status-publish","hentry"],"yoast_head":"<title>Pension Waldwinkel - Lenzkirch im Hochschwarzwald<\/title>\n<meta name=\"description\" content=\"Genie\u00dfen Sie das einzigartige Erholungsgebiet Schwarzwald und entspannen Sie sich in unserem gepflegten Ambiente.\" \/>\n<meta name=\"robots\" content=\"index, follow, max-snippet:-1, max-image-preview:large, max-video-preview:-1\" \/>\n<link rel=\"canonical\" href=\"https:\/\/pension-waldwinkel.de\/fr\/pension\/arrivee\/\" \/>\n<meta property=\"og:locale\" content=\"fr_FR\" \/>\n<meta property=\"og:type\" content=\"article\" \/>\n<meta property=\"og:title\" content=\"Pension Waldwinkel - Lenzkirch im Hochschwarzwald\" \/>\n<meta property=\"og:description\" content=\"Genie\u00dfen Sie das einzigartige Erholungsgebiet Schwarzwald und entspannen Sie sich in unserem gepflegten Ambiente.\" \/>\n<meta property=\"og:url\" content=\"https:\/\/pension-waldwinkel.de\/fr\/pension\/arrivee\/\" \/>\n<meta property=\"og:site_name\" content=\"Pension Waldwinkel\" \/>\n<meta property=\"article:modified_time\" content=\"2025-04-01T12:31:39+00:00\" \/>\n<meta name=\"twitter:card\" content=\"summary_large_image\" \/>\n<meta name=\"twitter:label1\" content=\"Dur\u00e9e de lecture estim\u00e9e\" \/>\n\t<meta name=\"twitter:data1\" content=\"3 minutes\" \/>\n<script type=\"application\/ld+json\" class=\"yoast-schema-graph\">{\"@context\":\"https:\/\/schema.org\",\"@graph\":[{\"@type\":\"WebPage\",\"@id\":\"https:\/\/pension-waldwinkel.de\/fr\/pension\/arrivee\/\",\"url\":\"https:\/\/pension-waldwinkel.de\/fr\/pension\/arrivee\/\",\"name\":\"Pension Waldwinkel - Lenzkirch im Hochschwarzwald\",\"isPartOf\":{\"@id\":\"https:\/\/pension-waldwinkel.de\/fr\/#website\"},\"datePublished\":\"2024-10-08T11:52:32+00:00\",\"dateModified\":\"2025-04-01T12:31:39+00:00\",\"description\":\"Genie\u00dfen Sie das einzigartige Erholungsgebiet Schwarzwald und entspannen Sie sich in unserem gepflegten Ambiente.\",\"breadcrumb\":{\"@id\":\"https:\/\/pension-waldwinkel.de\/fr\/pension\/arrivee\/#breadcrumb\"},\"inLanguage\":\"fr-FR\",\"potentialAction\":[{\"@type\":\"ReadAction\",\"target\":[\"https:\/\/pension-waldwinkel.de\/fr\/pension\/arrivee\/\"]}]},{\"@type\":\"BreadcrumbList\",\"@id\":\"https:\/\/pension-waldwinkel.de\/fr\/pension\/arrivee\/#breadcrumb\",\"itemListElement\":[{\"@type\":\"ListItem\",\"position\":1,\"name\":\"Startseite\",\"item\":\"https:\/\/pension-waldwinkel.de\/fr\/\"},{\"@type\":\"ListItem\",\"position\":2,\"name\":\"Pension\",\"item\":\"https:\/\/pension-waldwinkel.de\/fr\/pension\/\"},{\"@type\":\"ListItem\",\"position\":3,\"name\":\"Arriv\u00e9e\"}]},{\"@type\":\"WebSite\",\"@id\":\"https:\/\/pension-waldwinkel.de\/fr\/#website\",\"url\":\"https:\/\/pension-waldwinkel.de\/fr\/\",\"name\":\"Pension Waldwinkel\",\"description\":\"Lenzkirch im Hochschwarzwald\",\"potentialAction\":[{\"@type\":\"SearchAction\",\"target\":{\"@type\":\"EntryPoint\",\"urlTemplate\":\"https:\/\/pension-waldwinkel.de\/fr\/?s={search_term_string}\"},\"query-input\":{\"@type\":\"PropertyValueSpecification\",\"valueRequired\":true,\"valueName\":\"search_term_string\"}}],\"inLanguage\":\"fr-FR\"}]}<\/script>","yoast_head_json":{"title":"Pension Waldwinkel - Lenzkirch im Hochschwarzwald","description":"Genie\u00dfen Sie das einzigartige Erholungsgebiet Schwarzwald und entspannen Sie sich in unserem gepflegten Ambiente.","robots":{"index":"index","follow":"follow","max-snippet":"max-snippet:-1","max-image-preview":"max-image-preview:large","max-video-preview":"max-video-preview:-1"},"canonical":"https:\/\/pension-waldwinkel.de\/fr\/pension\/arrivee\/","og_locale":"fr_FR","og_type":"article","og_title":"Pension Waldwinkel - Lenzkirch im Hochschwarzwald","og_description":"Genie\u00dfen Sie das einzigartige Erholungsgebiet Schwarzwald und entspannen Sie sich in unserem gepflegten Ambiente.","og_url":"https:\/\/pension-waldwinkel.de\/fr\/pension\/arrivee\/","og_site_name":"Pension Waldwinkel","article_modified_time":"2025-04-01T12:31:39+00:00","twitter_card":"summary_large_image","twitter_misc":{"Dur\u00e9e de lecture estim\u00e9e":"3 minutes"},"schema":{"@context":"https:\/\/schema.org","@graph":[{"@type":"WebPage","@id":"https:\/\/pension-waldwinkel.de\/fr\/pension\/arrivee\/","url":"https:\/\/pension-waldwinkel.de\/fr\/pension\/arrivee\/","name":"Pension Waldwinkel - Lenzkirch im Hochschwarzwald","isPartOf":{"@id":"https:\/\/pension-waldwinkel.de\/fr\/#website"},"datePublished":"2024-10-08T11:52:32+00:00","dateModified":"2025-04-01T12:31:39+00:00","description":"Genie\u00dfen Sie das einzigartige Erholungsgebiet Schwarzwald und entspannen Sie sich in unserem gepflegten Ambiente.","breadcrumb":{"@id":"https:\/\/pension-waldwinkel.de\/fr\/pension\/arrivee\/#breadcrumb"},"inLanguage":"fr-FR","potentialAction":[{"@type":"ReadAction","target":["https:\/\/pension-waldwinkel.de\/fr\/pension\/arrivee\/"]}]},{"@type":"BreadcrumbList","@id":"https:\/\/pension-waldwinkel.de\/fr\/pension\/arrivee\/#breadcrumb","itemListElement":[{"@type":"ListItem","position":1,"name":"Startseite","item":"https:\/\/pension-waldwinkel.de\/fr\/"},{"@type":"ListItem","position":2,"name":"Pension","item":"https:\/\/pension-waldwinkel.de\/fr\/pension\/"},{"@type":"ListItem","position":3,"name":"Arriv\u00e9e"}]},{"@type":"WebSite","@id":"https:\/\/pension-waldwinkel.de\/fr\/#website","url":"https:\/\/pension-waldwinkel.de\/fr\/","name":"Pension Waldwinkel","description":"Lenzkirch im Hochschwarzwald","potentialAction":[{"@type":"SearchAction","target":{"@type":"EntryPoint","urlTemplate":"https:\/\/pension-waldwinkel.de\/fr\/?s={search_term_string}"},"query-input":{"@type":"PropertyValueSpecification","valueRequired":true,"valueName":"search_term_string"}}],"inLanguage":"fr-FR"}]}},"_links":{"self":[{"href":"https:\/\/pension-waldwinkel.de\/fr\/wp-json\/wp\/v2\/pages\/1108"}],"collection":[{"href":"https:\/\/pension-waldwinkel.de\/fr\/wp-json\/wp\/v2\/pages"}],"about":[{"href":"https:\/\/pension-waldwinkel.de\/fr\/wp-json\/wp\/v2\/types\/page"}],"author":[{"embeddable":true,"href":"https:\/\/pension-waldwinkel.de\/fr\/wp-json\/wp\/v2\/users\/1"}],"replies":[{"embeddable":true,"href":"https:\/\/pension-waldwinkel.de\/fr\/wp-json\/wp\/v2\/comments?post=1108"}],"version-history":[{"count":5,"href":"https:\/\/pension-waldwinkel.de\/fr\/wp-json\/wp\/v2\/pages\/1108\/revisions"}],"predecessor-version":[{"id":1288,"href":"https:\/\/pension-waldwinkel.de\/fr\/wp-json\/wp\/v2\/pages\/1108\/revisions\/1288"}],"up":[{"embeddable":true,"href":"https:\/\/pension-waldwinkel.de\/fr\/wp-json\/wp\/v2\/pages\/1083"}],"wp:attachment":[{"href":"https:\/\/pension-waldwinkel.de\/fr\/wp-json\/wp\/v2\/media?parent=1108"}],"curies":[{"name":"wp","href":"https:\/\/api.w.org\/{rel}","templated":true}]}}