{"id":1113,"date":"2024-10-08T13:47:54","date_gmt":"2024-10-08T11:47:54","guid":{"rendered":"https:\/\/pension-waldwinkel.eseom.de\/pension\/kueche\/"},"modified":"2025-04-01T14:32:16","modified_gmt":"2025-04-01T12:32:16","slug":"cuisine","status":"publish","type":"page","link":"https:\/\/pension-waldwinkel.de\/fr\/pension\/cuisine\/","title":{"rendered":"Cuisine"},"content":{"rendered":"<div class=\"wpb-content-wrapper\"><p>[vc_row css=\u00a0\u00bb.vc_custom_1706084603508{margin-top: 50px !important;}\u00a0\u00bb][vc_column][vc_column_text]<\/p>\n<h1 class=\"fw-normal text-center\"><span class=\"fw-bold\">D\u00e9lices culinaires<\/span> \u2013 Tradition et plaisir<\/h1>\n<p>[\/vc_column_text][\/vc_column][\/vc_row][vc_row css=\u00a0\u00bb.vc_custom_1706088431805{margin-top: 10px !important;margin-bottom: 0px !important;}\u00a0\u00bb][vc_column][vc_gallery type=\u00a0\u00bbflexslider_slide\u00a0\u00bb interval=\u00a0\u00bb0&Prime; images=\u00a0\u00bb806,637&Prime; img_size=\u00a0\u00bbfull\u00a0\u00bb onclick=\u00a0\u00bb\u00a0\u00bb css=\u00a0\u00bb.vc_custom_1729766749739{margin-bottom: 0px !important;}\u00a0\u00bb el_class=\u00a0\u00bbesflexslidercontainer\u00a0\u00bb][\/vc_column][\/vc_row][vc_row][vc_column][vc_column_text]<\/p>\n<p style=\"text-align: center;\">En tant que cuisinier et p\u00e2tissier, j&rsquo;apporte, Manfred Sch\u00fclein, <strong>ma passion pour la bonne cuisine<\/strong> dans votre assiette. Dans notre cuisine, nous utilisons <strong>uniquement des produits frais et r\u00e9gionaux<\/strong>, pr\u00e9par\u00e9s avec soin et cr\u00e9ativit\u00e9. Profitez de notre menu vari\u00e9, allant des <strong>sp\u00e9cialit\u00e9s traditionnelles de la For\u00eat Noire<\/strong> aux <strong>plats internationaux<\/strong>.<br \/>\nSurtout lors des douces soir\u00e9es d&rsquo;\u00e9t\u00e9, notre jardin invite \u00e0 se d\u00e9tendre et \u00e0 faire un barbecue \u2013 une fa\u00e7on conviviale de conclure une <strong>journ\u00e9e riche en exp\u00e9riences dans la For\u00eat Noire<\/strong>.<\/p>\n<p>[\/vc_column_text][vc_row_inner][vc_column_inner width=\u00a0\u00bb1\/4&Prime;][\/vc_column_inner][vc_column_inner width=\u00a0\u00bb1\/2&Prime;][vc_message]Le restaurant est ferm\u00e9 le dimanche soir, sauf les jours f\u00e9ri\u00e9s.[\/vc_message][\/vc_column_inner][vc_column_inner width=\u00a0\u00bb1\/4&Prime;][\/vc_column_inner][\/vc_row_inner][\/vc_column][\/vc_row][vc_row css=\u00a0\u00bb.vc_custom_1706088539680{margin-top: 50px !important;margin-bottom: 35px !important;}\u00a0\u00bb][vc_column][vc_separator][\/vc_column][\/vc_row][vc_row css=\u00a0\u00bb.vc_custom_1706088545320{margin-bottom: 50px !important;}\u00a0\u00bb][vc_column width=\u00a0\u00bb1\/2&Prime;][vc_column_text]<\/p>\n<h2 class=\"fw-normal\"><span class=\"fw-bold\">Chambres<\/span> et prix<\/h2>\n<p>[\/vc_column_text][vc_single_image image=\u00a0\u00bb564&Prime; img_size=\u00a0\u00bbfull\u00a0\u00bb onclick=\u00a0\u00bbcustom_link\u00a0\u00bb link=\u00a0\u00bb\/fr\/pension\/chambres-et-prix\/\u00a0\u00bb][vc_column_text]13 chambres confortables et lumineuses avec un am\u00e9nagement attrayant vous invitent \u00e0 rester et \u00e0 vous d\u00e9tendre. Toutes les chambres sont \u00e9quip\u00e9es d&rsquo;une douche\/WC, d&rsquo;une t\u00e9l\u00e9vision et, pour la plupart, d&rsquo;un balcon. Bienvenue dans vos vacances ![\/vc_column_text][vc_btn title=\u00a0\u00bbEn savoir plus\u00a0\u00bb style=\u00a0\u00bbflat\u00a0\u00bb shape=\u00a0\u00bbround\u00a0\u00bb color=\u00a0\u00bbsuccess\u00a0\u00bb align=\u00a0\u00bbleft\u00a0\u00bb link=\u00a0\u00bburl:%2Ffr%2Fpension%2Fchambres-et-prix%2F|title:Zimmer%20und%20Preise\u00a0\u00bb][\/vc_column][vc_column width=\u00a0\u00bb1\/2&Prime;][vc_column_text]<\/p>\n<h2 class=\"fw-normal\"><span class=\"fw-bold\">Offres<\/span> actuelles<\/h2>\n<p>[\/vc_column_text][vc_single_image image=\u00a0\u00bb576&Prime; img_size=\u00a0\u00bbfull\u00a0\u00bb onclick=\u00a0\u00bbcustom_link\u00a0\u00bb link=\u00a0\u00bb\/fr\/pension\/offres-actuelles\/\u00a0\u00bb][vc_column_text]D\u00e9couvrez nos offres de chambres actuelles et vivez l&rsquo;idylle de la For\u00eat Noire avec confort. Cliquez ici et r\u00e9servez votre escapade dans la nature ![\/vc_column_text][vc_btn title=\u00a0\u00bbEn savoir plus\u00a0\u00bb style=\u00a0\u00bbflat\u00a0\u00bb shape=\u00a0\u00bbround\u00a0\u00bb color=\u00a0\u00bbsuccess\u00a0\u00bb align=\u00a0\u00bbleft\u00a0\u00bb link=\u00a0\u00bburl:%2Ffr%2Fpension%2Foffres-actuelles%2F|title:Aktuelle%20Angebote\u00a0\u00bb][\/vc_column][\/vc_row]<\/p>\n<\/div>","protected":false},"excerpt":{"rendered":"<p>[vc_row css=\u00a0\u00bb.vc_custom_1706084603508{margin-top: 50px !important;}\u00a0\u00bb][vc_column][vc_column_text] D\u00e9lices culinaires \u2013 Tradition et plaisir [\/vc_column_text][\/vc_column][\/vc_row][vc_row css=\u00a0\u00bb.vc_custom_1706088431805{margin-top: 10px !important;margin-bottom: 0px !important;}\u00a0\u00bb][vc_column][vc_gallery type=\u00a0\u00bbflexslider_slide\u00a0\u00bb interval=\u00a0\u00bb0&Prime; images=\u00a0\u00bb806,637&Prime; img_size=\u00a0\u00bbfull\u00a0\u00bb onclick=\u00a0\u00bb\u00a0\u00bb css=\u00a0\u00bb.vc_custom_1729766749739{margin-bottom: 0px !important;}\u00a0\u00bb el_class=\u00a0\u00bbesflexslidercontainer\u00a0\u00bb][\/vc_column][\/vc_row][vc_row][vc_column][vc_column_text] En tant que cuisinier et p\u00e2tissier, j&rsquo;apporte, Manfred Sch\u00fclein, ma [&hellip;]<\/p>\n","protected":false},"author":1,"featured_media":0,"parent":1083,"menu_order":0,"comment_status":"closed","ping_status":"closed","template":"","meta":{"footnotes":""},"class_list":["post-1113","page","type-page","status-publish","hentry"],"yoast_head":"<title>Pension Waldwinkel - Lenzkirch im Hochschwarzwald<\/title>\n<meta name=\"description\" content=\"Genie\u00dfen Sie das einzigartige Erholungsgebiet Schwarzwald und entspannen Sie sich in unserem gepflegten Ambiente.\" \/>\n<meta name=\"robots\" content=\"index, follow, max-snippet:-1, max-image-preview:large, max-video-preview:-1\" \/>\n<link rel=\"canonical\" href=\"https:\/\/pension-waldwinkel.de\/fr\/pension\/cuisine\/\" \/>\n<meta property=\"og:locale\" content=\"fr_FR\" \/>\n<meta property=\"og:type\" content=\"article\" \/>\n<meta property=\"og:title\" content=\"Pension Waldwinkel - Lenzkirch im Hochschwarzwald\" \/>\n<meta property=\"og:description\" content=\"Genie\u00dfen Sie das einzigartige Erholungsgebiet Schwarzwald und entspannen Sie sich in unserem gepflegten Ambiente.\" \/>\n<meta property=\"og:url\" content=\"https:\/\/pension-waldwinkel.de\/fr\/pension\/cuisine\/\" \/>\n<meta property=\"og:site_name\" content=\"Pension Waldwinkel\" \/>\n<meta property=\"article:modified_time\" content=\"2025-04-01T12:32:16+00:00\" \/>\n<meta name=\"twitter:card\" content=\"summary_large_image\" \/>\n<meta name=\"twitter:label1\" content=\"Dur\u00e9e de lecture estim\u00e9e\" \/>\n\t<meta name=\"twitter:data1\" content=\"3 minutes\" \/>\n<script type=\"application\/ld+json\" class=\"yoast-schema-graph\">{\"@context\":\"https:\/\/schema.org\",\"@graph\":[{\"@type\":\"WebPage\",\"@id\":\"https:\/\/pension-waldwinkel.de\/fr\/pension\/cuisine\/\",\"url\":\"https:\/\/pension-waldwinkel.de\/fr\/pension\/cuisine\/\",\"name\":\"Pension Waldwinkel - Lenzkirch im Hochschwarzwald\",\"isPartOf\":{\"@id\":\"https:\/\/pension-waldwinkel.de\/fr\/#website\"},\"datePublished\":\"2024-10-08T11:47:54+00:00\",\"dateModified\":\"2025-04-01T12:32:16+00:00\",\"description\":\"Genie\u00dfen Sie das einzigartige Erholungsgebiet Schwarzwald und entspannen Sie sich in unserem gepflegten Ambiente.\",\"breadcrumb\":{\"@id\":\"https:\/\/pension-waldwinkel.de\/fr\/pension\/cuisine\/#breadcrumb\"},\"inLanguage\":\"fr-FR\",\"potentialAction\":[{\"@type\":\"ReadAction\",\"target\":[\"https:\/\/pension-waldwinkel.de\/fr\/pension\/cuisine\/\"]}]},{\"@type\":\"BreadcrumbList\",\"@id\":\"https:\/\/pension-waldwinkel.de\/fr\/pension\/cuisine\/#breadcrumb\",\"itemListElement\":[{\"@type\":\"ListItem\",\"position\":1,\"name\":\"Startseite\",\"item\":\"https:\/\/pension-waldwinkel.de\/fr\/\"},{\"@type\":\"ListItem\",\"position\":2,\"name\":\"Pension\",\"item\":\"https:\/\/pension-waldwinkel.de\/fr\/pension\/\"},{\"@type\":\"ListItem\",\"position\":3,\"name\":\"Cuisine\"}]},{\"@type\":\"WebSite\",\"@id\":\"https:\/\/pension-waldwinkel.de\/fr\/#website\",\"url\":\"https:\/\/pension-waldwinkel.de\/fr\/\",\"name\":\"Pension Waldwinkel\",\"description\":\"Lenzkirch im Hochschwarzwald\",\"potentialAction\":[{\"@type\":\"SearchAction\",\"target\":{\"@type\":\"EntryPoint\",\"urlTemplate\":\"https:\/\/pension-waldwinkel.de\/fr\/?s={search_term_string}\"},\"query-input\":{\"@type\":\"PropertyValueSpecification\",\"valueRequired\":true,\"valueName\":\"search_term_string\"}}],\"inLanguage\":\"fr-FR\"}]}<\/script>","yoast_head_json":{"title":"Pension Waldwinkel - Lenzkirch im Hochschwarzwald","description":"Genie\u00dfen Sie das einzigartige Erholungsgebiet Schwarzwald und entspannen Sie sich in unserem gepflegten Ambiente.","robots":{"index":"index","follow":"follow","max-snippet":"max-snippet:-1","max-image-preview":"max-image-preview:large","max-video-preview":"max-video-preview:-1"},"canonical":"https:\/\/pension-waldwinkel.de\/fr\/pension\/cuisine\/","og_locale":"fr_FR","og_type":"article","og_title":"Pension Waldwinkel - Lenzkirch im Hochschwarzwald","og_description":"Genie\u00dfen Sie das einzigartige Erholungsgebiet Schwarzwald und entspannen Sie sich in unserem gepflegten Ambiente.","og_url":"https:\/\/pension-waldwinkel.de\/fr\/pension\/cuisine\/","og_site_name":"Pension Waldwinkel","article_modified_time":"2025-04-01T12:32:16+00:00","twitter_card":"summary_large_image","twitter_misc":{"Dur\u00e9e de lecture estim\u00e9e":"3 minutes"},"schema":{"@context":"https:\/\/schema.org","@graph":[{"@type":"WebPage","@id":"https:\/\/pension-waldwinkel.de\/fr\/pension\/cuisine\/","url":"https:\/\/pension-waldwinkel.de\/fr\/pension\/cuisine\/","name":"Pension Waldwinkel - Lenzkirch im Hochschwarzwald","isPartOf":{"@id":"https:\/\/pension-waldwinkel.de\/fr\/#website"},"datePublished":"2024-10-08T11:47:54+00:00","dateModified":"2025-04-01T12:32:16+00:00","description":"Genie\u00dfen Sie das einzigartige Erholungsgebiet Schwarzwald und entspannen Sie sich in unserem gepflegten Ambiente.","breadcrumb":{"@id":"https:\/\/pension-waldwinkel.de\/fr\/pension\/cuisine\/#breadcrumb"},"inLanguage":"fr-FR","potentialAction":[{"@type":"ReadAction","target":["https:\/\/pension-waldwinkel.de\/fr\/pension\/cuisine\/"]}]},{"@type":"BreadcrumbList","@id":"https:\/\/pension-waldwinkel.de\/fr\/pension\/cuisine\/#breadcrumb","itemListElement":[{"@type":"ListItem","position":1,"name":"Startseite","item":"https:\/\/pension-waldwinkel.de\/fr\/"},{"@type":"ListItem","position":2,"name":"Pension","item":"https:\/\/pension-waldwinkel.de\/fr\/pension\/"},{"@type":"ListItem","position":3,"name":"Cuisine"}]},{"@type":"WebSite","@id":"https:\/\/pension-waldwinkel.de\/fr\/#website","url":"https:\/\/pension-waldwinkel.de\/fr\/","name":"Pension Waldwinkel","description":"Lenzkirch im Hochschwarzwald","potentialAction":[{"@type":"SearchAction","target":{"@type":"EntryPoint","urlTemplate":"https:\/\/pension-waldwinkel.de\/fr\/?s={search_term_string}"},"query-input":{"@type":"PropertyValueSpecification","valueRequired":true,"valueName":"search_term_string"}}],"inLanguage":"fr-FR"}]}},"_links":{"self":[{"href":"https:\/\/pension-waldwinkel.de\/fr\/wp-json\/wp\/v2\/pages\/1113"}],"collection":[{"href":"https:\/\/pension-waldwinkel.de\/fr\/wp-json\/wp\/v2\/pages"}],"about":[{"href":"https:\/\/pension-waldwinkel.de\/fr\/wp-json\/wp\/v2\/types\/page"}],"author":[{"embeddable":true,"href":"https:\/\/pension-waldwinkel.de\/fr\/wp-json\/wp\/v2\/users\/1"}],"replies":[{"embeddable":true,"href":"https:\/\/pension-waldwinkel.de\/fr\/wp-json\/wp\/v2\/comments?post=1113"}],"version-history":[{"count":6,"href":"https:\/\/pension-waldwinkel.de\/fr\/wp-json\/wp\/v2\/pages\/1113\/revisions"}],"predecessor-version":[{"id":1291,"href":"https:\/\/pension-waldwinkel.de\/fr\/wp-json\/wp\/v2\/pages\/1113\/revisions\/1291"}],"up":[{"embeddable":true,"href":"https:\/\/pension-waldwinkel.de\/fr\/wp-json\/wp\/v2\/pages\/1083"}],"wp:attachment":[{"href":"https:\/\/pension-waldwinkel.de\/fr\/wp-json\/wp\/v2\/media?parent=1113"}],"curies":[{"name":"wp","href":"https:\/\/api.w.org\/{rel}","templated":true}]}}