{"id":999,"date":"2024-10-08T11:40:06","date_gmt":"2024-10-08T09:40:06","guid":{"rendered":"https:\/\/pension-waldwinkel.eseom.de\/freizeit\/"},"modified":"2024-10-14T12:23:55","modified_gmt":"2024-10-14T10:23:55","slug":"loisirs","status":"publish","type":"page","link":"https:\/\/pension-waldwinkel.de\/fr\/loisirs\/","title":{"rendered":"Loisirs"},"content":{"rendered":"<div class=\"wpb-content-wrapper\"><p>[vc_row css=\u00a0\u00bb.vc_custom_1706084603508{margin-top: 50px !important;}\u00a0\u00bb][vc_column][vc_column_text]<\/p>\n<h1 class=\"text-center fw-normal\"><span class=\"fw-bold\">Activit\u00e9s pour tous les go\u00fbts \u2013<\/span> Votre temps dans la For\u00eat Noire<\/h1>\n<p>[\/vc_column_text][vc_column_text css=\u00a0\u00bb.vc_custom_1728899268792{margin-top: 20px !important;}\u00a0\u00bb]La For\u00eat Noire est une r\u00e9gion pleine de <strong>paysages \u00e0 couper le souffle<\/strong>, d&rsquo;exp\u00e9riences nature vari\u00e9es et d&rsquo;opportunit\u00e9s de loisirs passionnantes. Que vous soyez \u00e0 la recherche de d\u00e9fis sportifs, d&rsquo;activit\u00e9s relaxantes ou de <strong>points forts culturels<\/strong>, la For\u00eat Noire a quelque chose \u00e0 offrir \u00e0 chacun. Cette page vous propose un aper\u00e7u complet des <strong>meilleures activit\u00e9s de loisirs<\/strong> dans la r\u00e9gion et vous donne des conseils pour rendre votre s\u00e9jour en For\u00eat Noire inoubliable.<\/p>\n<p>Les environs de notre pension offrent d&rsquo;innombrables possibilit\u00e9s de profiter activement de la nature. Que vous pr\u00e9f\u00e9riez des randonn\u00e9es, des balades \u00e0 v\u00e9lo ou des promenades tranquilles, chez nous, vous partez directement de la porte sur des sentiers bien balis\u00e9s. Les motards appr\u00e9cieront \u00e9galement les routes sinueuses qui leur donneront pleine satisfaction.<br \/>\n[\/vc_column_text][vc_row_inner][vc_column_inner width=\u00a0\u00bb1\/4&Prime;][\/vc_column_inner][vc_column_inner width=\u00a0\u00bb1\/2&Prime;][vc_column_text]<\/p>\n<ul>\n<li>Pour les familles, il existe de nombreuses exp\u00e9riences dans les environs, comme des sentiers pour enfants, la piscine ext\u00e9rieure \u00e0 proximit\u00e9 ou des destinations d&rsquo;excursion passionnantes. Cela transforme vos vacances en une v\u00e9ritable aventure pour petits et grands. Sentiers pour enfants<br \/>\n<a href=\"https:\/\/www.hochschwarzwald.de\/erleben\/premium-wandern\/wandern-mit-kindern\/themenwege-kinder\" target=\"_blank\" rel=\"noopener\">https:\/\/www.hochschwarzwald.de\/erleben\/premium-wandern\/wandern-mit-kindern\/themenwege-kinder<\/a><\/li>\n<li>Programme pour enfants <a href=\"https:\/\/www.hochschwarzwald.de\/planen-buchen\/urlaub-in-der-region\/familien-urlaub\/kinderprogramm#\/event\" target=\"_blank\" rel=\"noopener\">https:\/\/www.hochschwarzwald.de\/planen-buchen\/urlaub-in-der-region\/familien-urlaub\/kinderprogramm#\/event<\/a><\/li>\n<li>Attractions <a href=\"https:\/\/www.hochschwarzwald.de\/planen-buchen\/urlaub-in-der-region\/familien-urlaub\" target=\"_blank\" rel=\"noopener\">https:\/\/www.hochschwarzwald.de\/planen-buchen\/urlaub-in-der-region\/familien-urlaub<\/a><\/li>\n<li>PG Famille et sentiers pour enfants \u00e0 t\u00e9l\u00e9charger<br \/>\n<a href=\"https:\/\/www.hochschwarzwald.de\/service\/broschueren-magazine\" target=\"_blank\" rel=\"noopener\">https:\/\/www.hochschwarzwald.de\/service\/broschueren-magazine<\/a><\/li>\n<\/ul>\n<p>[\/vc_column_text][\/vc_column_inner][vc_column_inner width=\u00a0\u00bb1\/4&Prime;][\/vc_column_inner][\/vc_row_inner][\/vc_column][\/vc_row][vc_row css=\u00a0\u00bb.vc_custom_1705412834568{margin-top: 40px !important;}\u00a0\u00bb][vc_column][vc_separator][\/vc_column][\/vc_row][vc_row css=\u00a0\u00bb.vc_custom_1705411894670{margin-top: 25px !important;}\u00a0\u00bb][vc_column][vc_column_text]<\/p>\n<h2 class=\"text-center fw-normal\"><span class=\"fw-bold\">Innombrables possibilit\u00e9s<\/span> d&rsquo;activit\u00e9s de loisirs<\/h2>\n<p>[\/vc_column_text][\/vc_column][\/vc_row][vc_row][vc_column width=\u00a0\u00bb1\/2&Prime; offset=\u00a0\u00bbvc_col-md-3&Prime; css=\u00a0\u00bb.vc_custom_1705417769604{margin-top: 25px !important;}\u00a0\u00bb][vc_hoverbox image=\u00a0\u00bb284&Prime; primary_title=\u00a0\u00bbLenzkirch\u00a0\u00bb primary_align=\u00a0\u00bbleft\u00a0\u00bb hover_title=\u00a0\u00bbLenzkirch\u00a0\u00bb hover_align=\u00a0\u00bbleft\u00a0\u00bb hover_title_use_theme_fonts=\u00a0\u00bbyes\u00a0\u00bb hover_background_color=\u00a0\u00bbcustom\u00a0\u00bb hover_btn_title=\u00a0\u00bbEn savoir plus\u00a0\u00bb hover_btn_style=\u00a0\u00bbflat\u00a0\u00bb hover_btn_shape=\u00a0\u00bbround\u00a0\u00bb hover_btn_color=\u00a0\u00bbdefault\u00a0\u00bb hover_btn_align=\u00a0\u00bbleft\u00a0\u00bb use_custom_fonts_hover_title=\u00a0\u00bbtrue\u00a0\u00bb hover_add_button=\u00a0\u00bbtrue\u00a0\u00bb hover_custom_background=\u00a0\u00bb#047d52&Prime; el_class=\u00a0\u00bbespw-hover-box\u00a0\u00bb hover_btn_link=\u00a0\u00bburl:%2Ffr%2Floisirs%2Flenzkirch%2F|title:Lenzkirch\u00a0\u00bb]Lenzkirch est situ\u00e9e au c\u0153ur de la For\u00eat Noire. La commune, qui compte environ 5000 habitants, porte depuis de nombreuses ann\u00e9es le label \u00ab station climatique de sant\u00e9 \u00bb &#8230;[\/vc_hoverbox][\/vc_column][vc_column width=\u00a0\u00bb1\/2&Prime; offset=\u00a0\u00bbvc_col-md-3&Prime; css=\u00a0\u00bb.vc_custom_1705417773767{margin-top: 25px !important;}\u00a0\u00bb][vc_hoverbox image=\u00a0\u00bb221&Prime; primary_title=\u00a0\u00bbCartes d&rsquo;h\u00f4te\u00a0\u00bb primary_align=\u00a0\u00bbleft\u00a0\u00bb hover_title=\u00a0\u00bbCartes d&rsquo;h\u00f4te\u00a0\u00bb hover_align=\u00a0\u00bbleft\u00a0\u00bb hover_title_use_theme_fonts=\u00a0\u00bbyes\u00a0\u00bb hover_background_color=\u00a0\u00bbcustom\u00a0\u00bb hover_btn_title=\u00a0\u00bbEn savoir plus\u00a0\u00bb hover_btn_style=\u00a0\u00bbflat\u00a0\u00bb hover_btn_shape=\u00a0\u00bbround\u00a0\u00bb hover_btn_color=\u00a0\u00bbdefault\u00a0\u00bb hover_btn_align=\u00a0\u00bbleft\u00a0\u00bb use_custom_fonts_hover_title=\u00a0\u00bbtrue\u00a0\u00bb hover_add_button=\u00a0\u00bbtrue\u00a0\u00bb hover_custom_background=\u00a0\u00bb#047d52&Prime; el_class=\u00a0\u00bbespw-hover-box\u00a0\u00bb hover_btn_link=\u00a0\u00bburl:%2Ffr%2Floisirs%2Fcartes-dhote%2F|title:G%C3%A4stekarten\u00a0\u00bb]Vous permet d&rsquo;utiliser gratuitement les transports en commun, ce qui vous facilite \u00e9galement les \u00e9tapes de randonn\u00e9e, puis de simplement retourner en &#8230;[\/vc_hoverbox][\/vc_column][vc_column width=\u00a0\u00bb1\/2&Prime; offset=\u00a0\u00bbvc_col-md-3&Prime; css=\u00a0\u00bb.vc_custom_1705417777828{margin-top: 25px !important;}\u00a0\u00bb][vc_hoverbox image=\u00a0\u00bb273&Prime; primary_title=\u00a0\u00bbCulture &amp; excursions\u00a0\u00bb primary_align=\u00a0\u00bbleft\u00a0\u00bb hover_title=\u00a0\u00bbCulture &amp; excursions\u00a0\u00bb hover_align=\u00a0\u00bbleft\u00a0\u00bb hover_title_use_theme_fonts=\u00a0\u00bbyes\u00a0\u00bb hover_background_color=\u00a0\u00bbcustom\u00a0\u00bb hover_btn_title=\u00a0\u00bbEn savoir plus\u00a0\u00bb hover_btn_style=\u00a0\u00bbflat\u00a0\u00bb hover_btn_shape=\u00a0\u00bbround\u00a0\u00bb hover_btn_color=\u00a0\u00bbdefault\u00a0\u00bb hover_btn_align=\u00a0\u00bbleft\u00a0\u00bb use_custom_fonts_hover_title=\u00a0\u00bbtrue\u00a0\u00bb hover_add_button=\u00a0\u00bbtrue\u00a0\u00bb hover_custom_background=\u00a0\u00bb#047d52&Prime; el_class=\u00a0\u00bbespw-hover-box\u00a0\u00bb hover_btn_link=\u00a0\u00bburl:%2Ffr%2Floisirs%2Fculture-excursions%2F|title:Kultur%20%26%20Ausfl%C3%BCge\u00a0\u00bb]La Hochschwarzwald Tourismus GmbH et diverses associations organisent tout au long de l&rsquo;ann\u00e9e de nombreux \u00e9v\u00e9nements, y compris des soir\u00e9es folkloriques et des randonn\u00e9es guid\u00e9es &#8230;[\/vc_hoverbox][\/vc_column][vc_column width=\u00a0\u00bb1\/2&Prime; offset=\u00a0\u00bbvc_col-md-3&Prime; css=\u00a0\u00bb.vc_custom_1705417781909{margin-top: 25px !important;}\u00a0\u00bb][vc_hoverbox image=\u00a0\u00bb261&Prime; primary_title=\u00a0\u00bbRandonn\u00e9e\u00a0\u00bb primary_align=\u00a0\u00bbleft\u00a0\u00bb hover_title=\u00a0\u00bbRandonn\u00e9e\u00a0\u00bb hover_align=\u00a0\u00bbleft\u00a0\u00bb hover_title_use_theme_fonts=\u00a0\u00bbyes\u00a0\u00bb hover_background_color=\u00a0\u00bbcustom\u00a0\u00bb hover_btn_title=\u00a0\u00bbEn savoir plus\u00a0\u00bb hover_btn_style=\u00a0\u00bbflat\u00a0\u00bb hover_btn_shape=\u00a0\u00bbround\u00a0\u00bb hover_btn_color=\u00a0\u00bbdefault\u00a0\u00bb hover_btn_align=\u00a0\u00bbleft\u00a0\u00bb use_custom_fonts_hover_title=\u00a0\u00bbtrue\u00a0\u00bb hover_add_button=\u00a0\u00bbtrue\u00a0\u00bb hover_custom_background=\u00a0\u00bb#047d52&Prime; el_class=\u00a0\u00bbespw-hover-box\u00a0\u00bb hover_btn_link=\u00a0\u00bburl:%2Ffr%2Floisirs%2Frandonnee%2F|title:Wandern\u00a0\u00bb]Vous aimez vous d\u00e9placer \u00e0 pied ? Ou pr\u00e9f\u00e9rez-vous plut\u00f4t plus d&rsquo;action ? Vous \u00eates au bon endroit chez nous. Notre paysage vari\u00e9 vous offre des lacs, des montagnes et des gorges &#8230;[\/vc_hoverbox][\/vc_column][\/vc_row][vc_row][vc_column width=\u00a0\u00bb1\/2&Prime; offset=\u00a0\u00bbvc_col-md-3&Prime; css=\u00a0\u00bb.vc_custom_1705417786570{margin-top: 25px !important;}\u00a0\u00bb][vc_hoverbox image=\u00a0\u00bb267&Prime; primary_title=\u00a0\u00bbConduite de moto\u00a0\u00bb primary_align=\u00a0\u00bbleft\u00a0\u00bb hover_title=\u00a0\u00bbConduite de moto\u00a0\u00bb hover_align=\u00a0\u00bbleft\u00a0\u00bb hover_title_use_theme_fonts=\u00a0\u00bbyes\u00a0\u00bb hover_background_color=\u00a0\u00bbcustom\u00a0\u00bb hover_btn_title=\u00a0\u00bbEn savoir plus\u00a0\u00bb hover_btn_style=\u00a0\u00bbflat\u00a0\u00bb hover_btn_shape=\u00a0\u00bbround\u00a0\u00bb hover_btn_color=\u00a0\u00bbdefault\u00a0\u00bb hover_btn_align=\u00a0\u00bbleft\u00a0\u00bb use_custom_fonts_hover_title=\u00a0\u00bbtrue\u00a0\u00bb hover_add_button=\u00a0\u00bbtrue\u00a0\u00bb hover_custom_background=\u00a0\u00bb#047d52&Prime; el_class=\u00a0\u00bbespw-hover-box\u00a0\u00bb hover_btn_link=\u00a0\u00bburl:%2Ffr%2Floisirs%2Fconduite-de-moto%2F|title:Motorradfahren\u00a0\u00bb]Non seulement les randonneurs, les cyclistes et les amateurs de baignade trouvent leur bonheur chez nous dans la For\u00eat Noire. En particulier pour les motards, les environs offrent des parcours exceptionnels &#8230;[\/vc_hoverbox][\/vc_column][vc_column width=\u00a0\u00bb1\/2&Prime; offset=\u00a0\u00bbvc_col-md-3&Prime; css=\u00a0\u00bb.vc_custom_1705417790835{margin-top: 25px !important;}\u00a0\u00bb][vc_hoverbox image=\u00a0\u00bb255&Prime; primary_title=\u00a0\u00bbEn route avec enfants et famille\u00a0\u00bb primary_align=\u00a0\u00bbleft\u00a0\u00bb hover_title=\u00a0\u00bbEn route avec enfants et famille\u00a0\u00bb hover_align=\u00a0\u00bbleft\u00a0\u00bb hover_title_use_theme_fonts=\u00a0\u00bbyes\u00a0\u00bb hover_background_color=\u00a0\u00bbcustom\u00a0\u00bb hover_btn_title=\u00a0\u00bbEn savoir plus\u00a0\u00bb hover_btn_style=\u00a0\u00bbflat\u00a0\u00bb hover_btn_shape=\u00a0\u00bbround\u00a0\u00bb hover_btn_color=\u00a0\u00bbdefault\u00a0\u00bb hover_btn_align=\u00a0\u00bbleft\u00a0\u00bb use_custom_fonts_hover_title=\u00a0\u00bbtrue\u00a0\u00bb hover_add_button=\u00a0\u00bbtrue\u00a0\u00bb hover_custom_background=\u00a0\u00bb#047d52&Prime; el_class=\u00a0\u00bbespw-hover-box\u00a0\u00bb hover_btn_link=\u00a0\u00bburl:%2Ffr%2Floisirs%2Fen-route-avec-enfants-et-famille%2F|title:Unterwegs%20mit%20Kind%20%26%20Kegel\u00a0\u00bb]D\u00e9couvrez de nombreuses destinations d&rsquo;excursion particuli\u00e8rement int\u00e9ressantes pour les familles ! De plus, l&rsquo;\u00e9quipe Kucky de la Hochschwarzwald Tourismus GmbH &#8230;[\/vc_hoverbox][\/vc_column][vc_column width=\u00a0\u00bb1\/2&Prime; offset=\u00a0\u00bbvc_col-md-3&Prime; css=\u00a0\u00bb.vc_custom_1705417794791{margin-top: 25px !important;}\u00a0\u00bb][vc_hoverbox image=\u00a0\u00bb249&Prime; primary_title=\u00a0\u00bbActivit\u00e9s d&rsquo;hiver\u00a0\u00bb primary_align=\u00a0\u00bbleft\u00a0\u00bb hover_title=\u00a0\u00bbActivit\u00e9s d&rsquo;hiver\u00a0\u00bb hover_align=\u00a0\u00bbleft\u00a0\u00bb hover_title_use_theme_fonts=\u00a0\u00bbyes\u00a0\u00bb hover_background_color=\u00a0\u00bbcustom\u00a0\u00bb hover_btn_title=\u00a0\u00bbEn savoir plus\u00a0\u00bb hover_btn_style=\u00a0\u00bbflat\u00a0\u00bb hover_btn_shape=\u00a0\u00bbround\u00a0\u00bb hover_btn_color=\u00a0\u00bbdefault\u00a0\u00bb hover_btn_align=\u00a0\u00bbleft\u00a0\u00bb use_custom_fonts_hover_title=\u00a0\u00bbtrue\u00a0\u00bb hover_add_button=\u00a0\u00bbtrue\u00a0\u00bb hover_custom_background=\u00a0\u00bb#047d52&Prime; el_class=\u00a0\u00bbespw-hover-box\u00a0\u00bb hover_btn_link=\u00a0\u00bburl:%2Ffr%2Floisirs%2Factivites-dhiver%2F|title:Schneegest%C3%B6ber\u00a0\u00bb]M\u00eame en hiver, la For\u00eat Noire a beaucoup \u00e0 offrir. La station de ski de Feldberg, ainsi que quelques petits remont\u00e9es m\u00e9caniques locales, invitent \u00e0 skier &#8230;[\/vc_hoverbox][\/vc_column][vc_column width=\u00a0\u00bb1\/2&Prime; offset=\u00a0\u00bbvc_col-md-3&Prime; css=\u00a0\u00bb.vc_custom_1705417798659{margin-top: 25px !important;}\u00a0\u00bb][vc_hoverbox image=\u00a0\u00bb482&Prime; primary_title=\u00a0\u00bbCyclisme\u00a0\u00bb primary_align=\u00a0\u00bbleft\u00a0\u00bb hover_title=\u00a0\u00bbCyclisme\u00a0\u00bb hover_align=\u00a0\u00bbleft\u00a0\u00bb hover_title_use_theme_fonts=\u00a0\u00bbyes\u00a0\u00bb hover_background_color=\u00a0\u00bbcustom\u00a0\u00bb hover_btn_title=\u00a0\u00bbEn savoir plus\u00a0\u00bb hover_btn_style=\u00a0\u00bbflat\u00a0\u00bb hover_btn_shape=\u00a0\u00bbround\u00a0\u00bb hover_btn_color=\u00a0\u00bbdefault\u00a0\u00bb hover_btn_align=\u00a0\u00bbleft\u00a0\u00bb use_custom_fonts_hover_title=\u00a0\u00bbtrue\u00a0\u00bb hover_add_button=\u00a0\u00bbtrue\u00a0\u00bb hover_custom_background=\u00a0\u00bb#047d52&Prime; el_class=\u00a0\u00bbespw-hover-box\u00a0\u00bb hover_btn_link=\u00a0\u00bburl:%2Ffr%2Floisirs%2Fcyclisme%2F|title:Fahrradfahren\u00a0\u00bb]Dans la For\u00eat Noire, vous attend un v\u00e9ritable paradis pour les cyclistes, avec des itin\u00e9raires vari\u00e9s \u00e0 travers des for\u00eats denses, le long de lacs cristallins et sur des hauteurs pittoresques &#8230;[\/vc_hoverbox][\/vc_column][\/vc_row][vc_row css=\u00a0\u00bb.vc_custom_1705412834568{margin-top: 40px !important;}\u00a0\u00bb][vc_column][vc_separator][\/vc_column][\/vc_row][vc_row][vc_column css=\u00a0\u00bb.vc_custom_1705405747821{margin-top: 25px !important;}\u00a0\u00bb][vc_column_text]<\/p>\n<h2 class=\"text-center fw-normal\"><span class=\"fw-bold\">Culture, action &amp; <\/span> nature<\/h2>\n<p>[\/vc_column_text][vc_column_text]<strong>Vivre et d\u00e9couvrir la nature<\/strong><br \/>\nLa nature sauvage de la For\u00eat Noire invite \u00e0 de nombreuses activit\u00e9s de plein air. Les randonneurs trouveront leur bonheur sur des sentiers de randonn\u00e9e bien balis\u00e9s. Le Feldberg, le sommet le plus \u00e9lev\u00e9 de la For\u00eat Noire, offre des panoramas impressionnants et est une destination populaire tant en \u00e9t\u00e9 qu&rsquo;en hiver. Les cyclistes peuvent \u00e9galement explorer des itin\u00e9raires vari\u00e9s \u2013 des balades tranquilles le long des lacs et des for\u00eats aux parcours de VTT exigeants.<\/p>\n<p>Pour les familles, il existe d&rsquo;innombrables possibilit\u00e9s de d\u00e9couvrir la nature de mani\u00e8re ludique. Les sentiers d&rsquo;aventure, les sentiers de d\u00e9couverte de la nature et les parcs animaliers offrent aux enfants et aux adultes la chance de vivre la faune et la flore de pr\u00e8s. En \u00e9t\u00e9, les lacs cristallins de la r\u00e9gion, comme le Titisee ou le Schluchsee, attirent pour la baignade, les balades en bateau ou tout simplement pour se d\u00e9tendre au bord de l&rsquo;eau.<\/p>\n<p><strong>Sport et action dans la For\u00eat Noire<\/strong><br \/>\nCeux qui recherchent des d\u00e9fis sportifs trouveront de nombreuses possibilit\u00e9s dans la For\u00eat Noire. En hiver, la r\u00e9gion se transforme en un paradis pour les amateurs de sports d&rsquo;hiver. Ski, snowboard, ski de fond et luge ne sont que quelques-unes des activit\u00e9s possibles sur les pistes et les itin\u00e9raires parfaitement pr\u00e9par\u00e9s. En \u00e9t\u00e9, la For\u00eat Noire offre \u00e9galement des moments sportifs forts : parcs d&rsquo;accrobranche, terrains de golf et lieux de d\u00e9collage pour parapente garantissent adr\u00e9naline et exp\u00e9riences inoubliables.<\/p>\n<p><strong>Culture et plaisir<\/strong><br \/>\nEn plus des activit\u00e9s sportives, la For\u00eat Noire propose \u00e9galement des exp\u00e9riences culturelles. Des villes historiques comme Fribourg ou St. Blasien invitent \u00e0 la visite, tandis que des mus\u00e9es, des concerts et des f\u00eates traditionnelles offrent un aper\u00e7u du riche patrimoine culturel de la r\u00e9gion. Les sp\u00e9cialit\u00e9s culinaires de la For\u00eat Noire, comme le c\u00e9l\u00e8bre jambon de la For\u00eat Noire ou le g\u00e2teau aux cerises de la For\u00eat Noire, compl\u00e8tent l&rsquo;offre et font du s\u00e9jour un moment fort pour les gourmets.<br \/>\n[\/vc_column_text][\/vc_column][\/vc_row]<\/p>\n<\/div>","protected":false},"excerpt":{"rendered":"<p>[vc_row css=\u00a0\u00bb.vc_custom_1706084603508{margin-top: 50px !important;}\u00a0\u00bb][vc_column][vc_column_text] Activit\u00e9s pour tous les go\u00fbts \u2013 Votre temps dans la For\u00eat Noire [\/vc_column_text][vc_column_text css=\u00a0\u00bb.vc_custom_1728899268792{margin-top: 20px !important;}\u00a0\u00bb]La For\u00eat Noire est une r\u00e9gion pleine de paysages \u00e0 couper le souffle, d&rsquo;exp\u00e9riences nature vari\u00e9es [&hellip;]<\/p>\n","protected":false},"author":1,"featured_media":0,"parent":0,"menu_order":0,"comment_status":"closed","ping_status":"closed","template":"","meta":{"footnotes":""},"class_list":["post-999","page","type-page","status-publish","hentry"],"yoast_head":"<title>Pension Waldwinkel - Lenzkirch im Hochschwarzwald<\/title>\n<meta name=\"description\" content=\"Genie\u00dfen Sie das einzigartige Erholungsgebiet Schwarzwald und entspannen Sie sich in unserem gepflegten Ambiente.\" \/>\n<meta name=\"robots\" content=\"index, follow, max-snippet:-1, max-image-preview:large, max-video-preview:-1\" \/>\n<link rel=\"canonical\" href=\"https:\/\/pension-waldwinkel.de\/fr\/loisirs\/\" \/>\n<meta property=\"og:locale\" content=\"fr_FR\" \/>\n<meta property=\"og:type\" content=\"article\" \/>\n<meta property=\"og:title\" content=\"Pension Waldwinkel - Lenzkirch im Hochschwarzwald\" \/>\n<meta property=\"og:description\" content=\"Genie\u00dfen Sie das einzigartige Erholungsgebiet Schwarzwald und entspannen Sie sich in unserem gepflegten Ambiente.\" \/>\n<meta property=\"og:url\" content=\"https:\/\/pension-waldwinkel.de\/fr\/loisirs\/\" \/>\n<meta property=\"og:site_name\" content=\"Pension Waldwinkel\" \/>\n<meta property=\"article:modified_time\" content=\"2024-10-14T10:23:55+00:00\" \/>\n<meta name=\"twitter:card\" content=\"summary_large_image\" \/>\n<meta name=\"twitter:label1\" content=\"Dur\u00e9e de lecture estim\u00e9e\" \/>\n\t<meta name=\"twitter:data1\" content=\"8 minutes\" \/>\n<script type=\"application\/ld+json\" class=\"yoast-schema-graph\">{\"@context\":\"https:\/\/schema.org\",\"@graph\":[{\"@type\":\"WebPage\",\"@id\":\"https:\/\/pension-waldwinkel.de\/fr\/loisirs\/\",\"url\":\"https:\/\/pension-waldwinkel.de\/fr\/loisirs\/\",\"name\":\"Pension Waldwinkel - Lenzkirch im Hochschwarzwald\",\"isPartOf\":{\"@id\":\"https:\/\/pension-waldwinkel.de\/fr\/#website\"},\"datePublished\":\"2024-10-08T09:40:06+00:00\",\"dateModified\":\"2024-10-14T10:23:55+00:00\",\"description\":\"Genie\u00dfen Sie das einzigartige Erholungsgebiet Schwarzwald und entspannen Sie sich in unserem gepflegten Ambiente.\",\"breadcrumb\":{\"@id\":\"https:\/\/pension-waldwinkel.de\/fr\/loisirs\/#breadcrumb\"},\"inLanguage\":\"fr-FR\",\"potentialAction\":[{\"@type\":\"ReadAction\",\"target\":[\"https:\/\/pension-waldwinkel.de\/fr\/loisirs\/\"]}]},{\"@type\":\"BreadcrumbList\",\"@id\":\"https:\/\/pension-waldwinkel.de\/fr\/loisirs\/#breadcrumb\",\"itemListElement\":[{\"@type\":\"ListItem\",\"position\":1,\"name\":\"Startseite\",\"item\":\"https:\/\/pension-waldwinkel.de\/fr\/\"},{\"@type\":\"ListItem\",\"position\":2,\"name\":\"Loisirs\"}]},{\"@type\":\"WebSite\",\"@id\":\"https:\/\/pension-waldwinkel.de\/fr\/#website\",\"url\":\"https:\/\/pension-waldwinkel.de\/fr\/\",\"name\":\"Pension Waldwinkel\",\"description\":\"Lenzkirch im Hochschwarzwald\",\"potentialAction\":[{\"@type\":\"SearchAction\",\"target\":{\"@type\":\"EntryPoint\",\"urlTemplate\":\"https:\/\/pension-waldwinkel.de\/fr\/?s={search_term_string}\"},\"query-input\":{\"@type\":\"PropertyValueSpecification\",\"valueRequired\":true,\"valueName\":\"search_term_string\"}}],\"inLanguage\":\"fr-FR\"}]}<\/script>","yoast_head_json":{"title":"Pension Waldwinkel - Lenzkirch im Hochschwarzwald","description":"Genie\u00dfen Sie das einzigartige Erholungsgebiet Schwarzwald und entspannen Sie sich in unserem gepflegten Ambiente.","robots":{"index":"index","follow":"follow","max-snippet":"max-snippet:-1","max-image-preview":"max-image-preview:large","max-video-preview":"max-video-preview:-1"},"canonical":"https:\/\/pension-waldwinkel.de\/fr\/loisirs\/","og_locale":"fr_FR","og_type":"article","og_title":"Pension Waldwinkel - Lenzkirch im Hochschwarzwald","og_description":"Genie\u00dfen Sie das einzigartige Erholungsgebiet Schwarzwald und entspannen Sie sich in unserem gepflegten Ambiente.","og_url":"https:\/\/pension-waldwinkel.de\/fr\/loisirs\/","og_site_name":"Pension Waldwinkel","article_modified_time":"2024-10-14T10:23:55+00:00","twitter_card":"summary_large_image","twitter_misc":{"Dur\u00e9e de lecture estim\u00e9e":"8 minutes"},"schema":{"@context":"https:\/\/schema.org","@graph":[{"@type":"WebPage","@id":"https:\/\/pension-waldwinkel.de\/fr\/loisirs\/","url":"https:\/\/pension-waldwinkel.de\/fr\/loisirs\/","name":"Pension Waldwinkel - Lenzkirch im Hochschwarzwald","isPartOf":{"@id":"https:\/\/pension-waldwinkel.de\/fr\/#website"},"datePublished":"2024-10-08T09:40:06+00:00","dateModified":"2024-10-14T10:23:55+00:00","description":"Genie\u00dfen Sie das einzigartige Erholungsgebiet Schwarzwald und entspannen Sie sich in unserem gepflegten Ambiente.","breadcrumb":{"@id":"https:\/\/pension-waldwinkel.de\/fr\/loisirs\/#breadcrumb"},"inLanguage":"fr-FR","potentialAction":[{"@type":"ReadAction","target":["https:\/\/pension-waldwinkel.de\/fr\/loisirs\/"]}]},{"@type":"BreadcrumbList","@id":"https:\/\/pension-waldwinkel.de\/fr\/loisirs\/#breadcrumb","itemListElement":[{"@type":"ListItem","position":1,"name":"Startseite","item":"https:\/\/pension-waldwinkel.de\/fr\/"},{"@type":"ListItem","position":2,"name":"Loisirs"}]},{"@type":"WebSite","@id":"https:\/\/pension-waldwinkel.de\/fr\/#website","url":"https:\/\/pension-waldwinkel.de\/fr\/","name":"Pension Waldwinkel","description":"Lenzkirch im Hochschwarzwald","potentialAction":[{"@type":"SearchAction","target":{"@type":"EntryPoint","urlTemplate":"https:\/\/pension-waldwinkel.de\/fr\/?s={search_term_string}"},"query-input":{"@type":"PropertyValueSpecification","valueRequired":true,"valueName":"search_term_string"}}],"inLanguage":"fr-FR"}]}},"_links":{"self":[{"href":"https:\/\/pension-waldwinkel.de\/fr\/wp-json\/wp\/v2\/pages\/999"}],"collection":[{"href":"https:\/\/pension-waldwinkel.de\/fr\/wp-json\/wp\/v2\/pages"}],"about":[{"href":"https:\/\/pension-waldwinkel.de\/fr\/wp-json\/wp\/v2\/types\/page"}],"author":[{"embeddable":true,"href":"https:\/\/pension-waldwinkel.de\/fr\/wp-json\/wp\/v2\/users\/1"}],"replies":[{"embeddable":true,"href":"https:\/\/pension-waldwinkel.de\/fr\/wp-json\/wp\/v2\/comments?post=999"}],"version-history":[{"count":7,"href":"https:\/\/pension-waldwinkel.de\/fr\/wp-json\/wp\/v2\/pages\/999\/revisions"}],"predecessor-version":[{"id":1062,"href":"https:\/\/pension-waldwinkel.de\/fr\/wp-json\/wp\/v2\/pages\/999\/revisions\/1062"}],"wp:attachment":[{"href":"https:\/\/pension-waldwinkel.de\/fr\/wp-json\/wp\/v2\/media?parent=999"}],"curies":[{"name":"wp","href":"https:\/\/api.w.org\/{rel}","templated":true}]}}